{"id":694425,"date":"2025-08-27T14:21:02","date_gmt":"2025-08-27T11:21:02","guid":{"rendered":"https:\/\/roveyayinevi.com.tr\/index.php\/urun\/rosshalde\/"},"modified":"2026-04-16T02:04:32","modified_gmt":"2026-04-15T23:04:32","slug":"rosshalde","status":"publish","type":"product","link":"https:\/\/roveyayinevi.com.tr\/index.php\/urun\/rosshalde\/","title":{"rendered":"Rosshalde"},"content":{"rendered":"<p>Par\u00e7alanman\u0131n e\u015fi\u011findeki bir aileyi bar\u0131nd\u0131ran h\u00fcz\u00fcnl\u00fc malik\u00e2ne Rosshalde\u2019de; varl\u0131kl\u0131 ve ba\u015far\u0131l\u0131 ressam Johann Veraguth ile kendisi gibi sanat\u00e7\u0131, piyanist e\u015fi Adele aras\u0131ndaki derin yabanc\u0131la\u015fma sonucu \u201c\u00e7ift yaln\u0131zl\u0131\u011fa\u201d b\u00fcr\u00fcnen mutsuz evlili\u011fi bir arada tutan son ba\u011f k\u00fc\u00e7\u00fck o\u011ful Pierre\u2019in varl\u0131\u011f\u0131d\u0131r. Rosshalde malik\u00e2nesi beklenmedik bir trajediyle sars\u0131l\u0131nca, Veraguth i\u00e7in k\u00fc\u00e7\u00fck o\u011fluna duydu\u011fu sevginin ve yurtsuz, k\u00f6ks\u00fcz kalarak s\u00fcr\u00fcklenme kayg\u0131s\u0131n\u0131n y\u0131llard\u0131r g\u00f6lgeledi\u011fi ba\u015fka bir patika belirir: Kendini ke\u015ffetme yolculu\u011fu.Evlilikle bi\u00e7imlenen esaretin duygusal gerilimini \u00e7arp\u0131c\u0131 bir anlat\u0131mla resmeden ROSSHALDE (1914) otobiyografik izler ta\u015f\u0131r. Bir yandan ressaml\u0131k Hesse\u2019nin de sanat\u00e7\u0131 ki\u015fili\u011finin bir par\u00e7as\u0131d\u0131r; yine kendini ke\u015ffetme temas\u0131 ba\u011flam\u0131nda Hint k\u00fclt\u00fcr\u00fc ve Budizm\u2019le i\u00e7 i\u00e7e olu\u015funun \u00e7ok \u00f6ncesinde, 1911\u2019de \u00e7\u0131kt\u0131\u011f\u0131 uzun Hindistan yolculu\u011fu isyank\u00e2r ruhuyla bar\u0131\u015fma giri\u015fimi anlam\u0131na gelebilecek bir ilk deneyim olu\u015fturur.Rosshalde, insan ruhunun karanl\u0131k kayna\u011f\u0131nda bireyselle\u015fen ve ki\u015fili\u011fi olu\u015fturan \u201cbireyin tekrar edilemez yazg\u0131s\u0131\u201dn\u0131 betimliyor.Kitaba konu olan mutsuz evlili\u011fin tek nedeni yanl\u0131\u015f se\u00e7im de\u011fil; sorun \u00e7ok daha derinlerde, bir sanat\u00e7\u0131n\u0131n ya da d\u00fc\u015f\u00fcn\u00fcr\u00fcn evlili\u011fe yatk\u0131n olup olmad\u0131\u011f\u0131nda. Bunun cevab\u0131n\u0131 bilmiyorum ama benim durumum kitaba alabildi\u011fine yans\u0131d\u0131; burada sona eren bir \u015fey var, umar\u0131m ger\u00e7ek hayatta onunla ba\u015fka t\u00fcrl\u00fc ba\u015fa \u00e7\u0131kabilirim.Hermann Hesse<\/p>\n","protected":false},"excerpt":{"rendered":"<p>Par\u00e7alanman\u0131n e\u015fi\u011findeki bir aileyi bar\u0131nd\u0131ran h\u00fcz\u00fcnl\u00fc malik\u00e2ne Rosshalde\u2019de; varl\u0131kl\u0131 ve ba\u015far\u0131l\u0131 ressam Johann Veraguth ile kendisi gibi sanat\u00e7\u0131, piyanist e\u015fi Adele aras\u0131ndaki derin yabanc\u0131la\u015fma sonucu \u201c\u00e7ift<span class=\"excerpt-hellip\"> [\u2026]<\/span><\/p>\n","protected":false},"featured_media":0,"template":"","meta":{"_monsterinsights_skip_tracking":false,"_monsterinsights_sitenote_active":false,"_monsterinsights_sitenote_note":"","_monsterinsights_sitenote_category":0},"product_brand":[],"product_cat":[12782,12291],"product_tag":[],"class_list":{"0":"post-694425","1":"product","2":"type-product","3":"status-publish","5":"product_cat-alman-edebiyati","6":"product_cat-edebiyat","7":"pa_cilt-ciltsiz","8":"pa_tur-kitap","9":"pa_yayinevi-yapi-kredi-yayinlari","10":"pa_yazar-hermann-hesse","12":"first","13":"instock","14":"sale","15":"shipping-taxable","16":"purchasable","17":"product-type-simple"},"_links":{"self":[{"href":"https:\/\/roveyayinevi.com.tr\/index.php\/wp-json\/wp\/v2\/product\/694425","targetHints":{"allow":["GET"]}}],"collection":[{"href":"https:\/\/roveyayinevi.com.tr\/index.php\/wp-json\/wp\/v2\/product"}],"about":[{"href":"https:\/\/roveyayinevi.com.tr\/index.php\/wp-json\/wp\/v2\/types\/product"}],"wp:attachment":[{"href":"https:\/\/roveyayinevi.com.tr\/index.php\/wp-json\/wp\/v2\/media?parent=694425"}],"wp:term":[{"taxonomy":"product_brand","embeddable":true,"href":"https:\/\/roveyayinevi.com.tr\/index.php\/wp-json\/wp\/v2\/product_brand?post=694425"},{"taxonomy":"product_cat","embeddable":true,"href":"https:\/\/roveyayinevi.com.tr\/index.php\/wp-json\/wp\/v2\/product_cat?post=694425"},{"taxonomy":"product_tag","embeddable":true,"href":"https:\/\/roveyayinevi.com.tr\/index.php\/wp-json\/wp\/v2\/product_tag?post=694425"}],"curies":[{"name":"wp","href":"https:\/\/api.w.org\/{rel}","templated":true}]}}