{"id":694423,"date":"2025-08-27T14:21:01","date_gmt":"2025-08-27T11:21:01","guid":{"rendered":"https:\/\/roveyayinevi.com.tr\/index.php\/urun\/yeni-dunya\/"},"modified":"2026-04-16T02:04:32","modified_gmt":"2026-04-15T23:04:32","slug":"yeni-dunya","status":"publish","type":"product","link":"https:\/\/roveyayinevi.com.tr\/index.php\/urun\/yeni-dunya\/","title":{"rendered":"Yeni D\u00fcnya"},"content":{"rendered":"<p>&#8220;Hala bir \u015fey \u00e7\u0131kmad\u0131&#8230; Galiba bu yolu yapmayacaklar. K\u00f6yl\u00fc de bana yard\u0131m ediyor. Pek \u00f6l\u00fc mahluklar&#8230; Belki de pek ak\u0131ll\u0131 mahluklar da, bo\u015funa yere u\u011fra\u015fmak istemiyorlar. \u0130\u00e7imde hi\u00e7 \u015fevk kalmad\u0131. \u0130nsana birka\u00e7 kelime ile cevap verseler yine neyse, fakat ne evet, ne hay\u0131r!.. Sanki bu istidalar\u0131 ses vermez bir derin kuyuya atm\u0131\u015f\u0131z.Ak\u015famlar\u0131 k\u00f6y\u00fcn yan\u0131 ba\u015f\u0131ndaki s\u0131rta \u00e7\u0131karak uzakta tozlara bulan\u0131p uzanan yolu seyrediyorum. Bazan tozdan bembeyaz olmu\u015f ve \u00fcst\u00fcne sepetler denkler sar\u0131lm\u0131\u015f bir kamyon g\u00f6r\u00fcn\u00fcyor, bir batakl\u0131kla dizlerini kald\u0131r\u0131p indirerek y\u00fcr\u00fcyen bir insan gibi ileri geri sallanarak, y\u0131k\u0131lacak gibi olarak, a\u011f\u0131r a\u011f\u0131r ilerliyor. Bu o kadar \u00fcz\u00fcc\u00fc bir manzara ki, tekni\u011fin en son ifadelerinden biri olan bu makine ile d\u00fcnyan\u0131n bu en iptidai yolunun m\u00fccadelesini g\u00f6rmemek i\u00e7in insan g\u00f6zlerini kap\u0131yor. Bazan ko\u015fup yolu avu\u00e7lar\u0131mlar d\u00fczeltmek, orada hi\u00e7 olmazsa be\u015f on metrelik bir yeri bir &#8216;yol&#8217; haline koyarak kendi hisseme d\u00fc\u015fen vazifeyi yapm\u0131\u015f olmak istiyorum.&#8221;&#8221;Asfalt Yol&#8221; adl\u0131 \u00f6yk\u00fcdenT\u00fcrk edebiyat\u0131n\u0131n b\u00fcy\u00fck yazar\u0131ndan d\u00fc\u015f\u00fcnen ve s\u00f6yleyen \u00f6yk\u00fcler. <\/p>\n","protected":false},"excerpt":{"rendered":"<p>&#8220;Hala bir \u015fey \u00e7\u0131kmad\u0131&#8230; Galiba bu yolu yapmayacaklar. K\u00f6yl\u00fc de bana yard\u0131m ediyor. Pek \u00f6l\u00fc mahluklar&#8230; Belki de pek ak\u0131ll\u0131 mahluklar da, bo\u015funa yere u\u011fra\u015fmak istemiyorlar.<span class=\"excerpt-hellip\"> [\u2026]<\/span><\/p>\n","protected":false},"featured_media":0,"template":"","meta":{"_monsterinsights_skip_tracking":false,"_monsterinsights_sitenote_active":false,"_monsterinsights_sitenote_note":"","_monsterinsights_sitenote_category":0},"product_brand":[],"product_cat":[13835],"product_tag":[],"class_list":{"0":"post-694423","1":"product","2":"type-product","3":"status-publish","5":"product_cat-cok-satanlar","6":"pa_cilt-ciltsiz","7":"pa_tur-kitap","8":"pa_yayinevi-yapi-kredi-yayinlari","9":"pa_yazar-sabahattin-ali","11":"first","12":"instock","13":"sale","14":"shipping-taxable","15":"purchasable","16":"product-type-simple"},"_links":{"self":[{"href":"https:\/\/roveyayinevi.com.tr\/index.php\/wp-json\/wp\/v2\/product\/694423","targetHints":{"allow":["GET"]}}],"collection":[{"href":"https:\/\/roveyayinevi.com.tr\/index.php\/wp-json\/wp\/v2\/product"}],"about":[{"href":"https:\/\/roveyayinevi.com.tr\/index.php\/wp-json\/wp\/v2\/types\/product"}],"wp:attachment":[{"href":"https:\/\/roveyayinevi.com.tr\/index.php\/wp-json\/wp\/v2\/media?parent=694423"}],"wp:term":[{"taxonomy":"product_brand","embeddable":true,"href":"https:\/\/roveyayinevi.com.tr\/index.php\/wp-json\/wp\/v2\/product_brand?post=694423"},{"taxonomy":"product_cat","embeddable":true,"href":"https:\/\/roveyayinevi.com.tr\/index.php\/wp-json\/wp\/v2\/product_cat?post=694423"},{"taxonomy":"product_tag","embeddable":true,"href":"https:\/\/roveyayinevi.com.tr\/index.php\/wp-json\/wp\/v2\/product_tag?post=694423"}],"curies":[{"name":"wp","href":"https:\/\/api.w.org\/{rel}","templated":true}]}}