{"id":694421,"date":"2025-08-27T14:21:01","date_gmt":"2025-08-27T11:21:01","guid":{"rendered":"https:\/\/roveyayinevi.com.tr\/index.php\/urun\/kod-adi-kuresellesme\/"},"modified":"2026-04-16T02:04:32","modified_gmt":"2026-04-15T23:04:32","slug":"kod-adi-kuresellesme","status":"publish","type":"product","link":"https:\/\/roveyayinevi.com.tr\/index.php\/urun\/kod-adi-kuresellesme\/","title":{"rendered":"Kod Ad\u0131 K\u00fcreselle\u015fme"},"content":{"rendered":"<p>Sovyetler Birli\u011fi\u2019nin \u00e7\u00f6kt\u00fc\u011f\u00fc 1991\u2019den 2008 y\u0131l\u0131na kadar d\u00fcnyada ve T\u00fcrkiye\u2019de ayd\u0131nlar, en ba\u015fta da solcular tam bir a\u011fustos b\u00f6cekleri korosu gibi davrand\u0131lar. \u201cK\u00fcreselle\u015fme\u201dnin \u00f6vg\u00fcs\u00fcnde elbirli\u011fi ettiler, bunun geri d\u00f6n\u00fclemez bir s\u00fcre\u00e7 oldu\u011funu iddia ettiler, emperyalizmin ve ulus devletlerin sonunu ilan ettiler. Bunu kimlik politikas\u0131yla birle\u015ftiren \u00e7ok oldu. \u0130ki on y\u0131l s\u00fcren bu sarho\u015fluk hali 2008 \u201ck\u00fcresel finans krizi\u201dnin ard\u0131ndan ba\u015flayan dev ekonomik sars\u0131nt\u0131 ile sona erdi. 2008 sonras\u0131 d\u00fcnyada hi\u00e7 kimse \u201ck\u00fcreselle\u015fme\u201dnin erdemlerini \u00f6vmeye cesaret edemiyor. \u00c7\u00fcnk\u00fc o kavramla ifade edilen s\u00fcrecin yerinde yeller esiyor. \u00d6nce, 2008\u2019de ba\u015flayan ekonomik kriz neredeyse t\u00fcm d\u00fcnyada milliyet\u00e7ili\u011fi g\u00fcndeme getirdi. Sonra, Trump ve Brexit geldi: D\u00fcnya ekonomisini milliyet\u00e7i ve \u0131rk\u00e7\u0131 bir zeminde parampar\u00e7a edecek politikalar bilin\u00e7li olarak uygulamaya konuldu. K\u00fcreselle\u015fmenin ya da \u201cglobalizasyon\u201dun yerini deglobalizasyon (ya da Savran\u2019\u0131n T\u00fcrk\u00e7ele\u015ftirme \u00e7abas\u0131yla \u201ck\u00fcresizle\u015fme\u201d) ald\u0131. Koro, prati\u011fin bu a\u00e7\u0131k yalanlamas\u0131 kar\u015f\u0131s\u0131nda da\u011f\u0131l\u0131verdi. Kod Ad\u0131 K\u00fcreselle\u015fme\u2019nin \u00f6zelli\u011fi, hen\u00fcz b\u00fct\u00fcn d\u00fcnya \u201ck\u00fcreselle\u015fme\u201d sarho\u015fu iken h\u00e2kim fikirleri sorgulamas\u0131, dahas\u0131 k\u00fcreselle\u015fmenin 1930\u2019lu y\u0131llar\u0131n B\u00fcy\u00fck Depresyonu\u2019na benzer bir ekonomik kriz sonucunda b\u00fct\u00fcn par\u0131lt\u0131s\u0131n\u0131 yitirece\u011fini a\u00e7\u0131k se\u00e7ik \u00f6ng\u00f6rmesidir. Kitab\u0131n elinizdeki Geni\u015fletilmi\u015f 3. Bas\u0131m\u0131, kitapta sunulan analizi g\u00fcn\u00fcm\u00fcze kadar getiriyor ve \u201ck\u00fcresizle\u015fme\u201d olarak an\u0131lan s\u00fcrecin ard\u0131ndaki dinamikleri inceliyor. (arka kapak) <\/p>\n","protected":false},"excerpt":{"rendered":"<p>Sovyetler Birli\u011fi\u2019nin \u00e7\u00f6kt\u00fc\u011f\u00fc 1991\u2019den 2008 y\u0131l\u0131na kadar d\u00fcnyada ve T\u00fcrkiye\u2019de ayd\u0131nlar, en ba\u015fta da solcular tam bir a\u011fustos b\u00f6cekleri korosu gibi davrand\u0131lar. \u201cK\u00fcreselle\u015fme\u201dnin \u00f6vg\u00fcs\u00fcnde elbirli\u011fi ettiler,<span class=\"excerpt-hellip\"> [\u2026]<\/span><\/p>\n","protected":false},"featured_media":0,"template":"","meta":{"_monsterinsights_skip_tracking":false,"_monsterinsights_sitenote_active":false,"_monsterinsights_sitenote_note":"","_monsterinsights_sitenote_category":0},"product_brand":[],"product_cat":[12337,14528],"product_tag":[],"class_list":{"0":"post-694421","1":"product","2":"type-product","3":"status-publish","5":"product_cat-politika-siyaset","6":"product_cat-siyaset-tarihi","7":"pa_cilt-ciltsiz","8":"pa_tur-kitap","9":"pa_yayinevi-yordam-kitap","10":"pa_yazar-sungur-savran","12":"first","13":"instock","14":"sale","15":"shipping-taxable","16":"purchasable","17":"product-type-simple"},"_links":{"self":[{"href":"https:\/\/roveyayinevi.com.tr\/index.php\/wp-json\/wp\/v2\/product\/694421","targetHints":{"allow":["GET"]}}],"collection":[{"href":"https:\/\/roveyayinevi.com.tr\/index.php\/wp-json\/wp\/v2\/product"}],"about":[{"href":"https:\/\/roveyayinevi.com.tr\/index.php\/wp-json\/wp\/v2\/types\/product"}],"wp:attachment":[{"href":"https:\/\/roveyayinevi.com.tr\/index.php\/wp-json\/wp\/v2\/media?parent=694421"}],"wp:term":[{"taxonomy":"product_brand","embeddable":true,"href":"https:\/\/roveyayinevi.com.tr\/index.php\/wp-json\/wp\/v2\/product_brand?post=694421"},{"taxonomy":"product_cat","embeddable":true,"href":"https:\/\/roveyayinevi.com.tr\/index.php\/wp-json\/wp\/v2\/product_cat?post=694421"},{"taxonomy":"product_tag","embeddable":true,"href":"https:\/\/roveyayinevi.com.tr\/index.php\/wp-json\/wp\/v2\/product_tag?post=694421"}],"curies":[{"name":"wp","href":"https:\/\/api.w.org\/{rel}","templated":true}]}}