{"id":694418,"date":"2025-08-27T14:21:00","date_gmt":"2025-08-27T11:21:00","guid":{"rendered":"https:\/\/roveyayinevi.com.tr\/index.php\/urun\/kadinin-gorunmeyen-emegi\/"},"modified":"2026-04-16T02:04:32","modified_gmt":"2026-04-15T23:04:32","slug":"kadinin-gorunmeyen-emegi","status":"publish","type":"product","link":"https:\/\/roveyayinevi.com.tr\/index.php\/urun\/kadinin-gorunmeyen-emegi\/","title":{"rendered":"Kad\u0131n\u0131n G\u00f6r\u00fcnmeyen Eme\u011fi"},"content":{"rendered":"<p>Kad\u0131nlar\u0131n ezilmesinin maddeci bir tahlilini geli\u015ftirmek, maddeci bir feminizmin temellerini ara\u015ft\u0131rmak. Bunun i\u00e7in de kad\u0131nlar\u0131 t\u00e2bi k\u0131lan somut prati\u011fi, kad\u0131nlarla erkekler aras\u0131ndaki nesnel, maddi \u00e7\u0131kar \u00e7at\u0131\u015fk\u0131s\u0131n\u0131 ortaya koymak; kad\u0131nlar\u0131n harcad\u0131klar\u0131 eme\u011fi g\u00f6r\u00fcnmez olmaktan kurtar\u0131p ad\u0131n\u0131 koymak. \u0130\u015fte 1970&#8217;lerde Bat\u0131l\u0131 feministlerin u\u011fra\u015ft\u0131klar\u0131 en temel sorunlardan biri buydu. Elinizdeki derleme, maddeci bir feminizm sorunsal\u0131 \u00e7er\u00e7evesindeki tart\u0131\u015fmalardan baz\u0131 \u00f6rnekler sunuyor. Bu makalelerde, erkek egemenli\u011finin tarihsel k\u00f6kenleri, \u00f6zg\u00fcl bir \u00fcretim tarz\u0131 olarak patriyarka, ev eme\u011fi, patriyarka ve kapitalizm ili\u015fkisi ele al\u0131n\u0131yor, Marksist bir feminizmin olanaklar\u0131 ve ko\u015fullar\u0131n\u0131 da ara\u015ft\u0131r\u0131l\u0131yor. <\/p>\n","protected":false},"excerpt":{"rendered":"<p>Kad\u0131nlar\u0131n ezilmesinin maddeci bir tahlilini geli\u015ftirmek, maddeci bir feminizmin temellerini ara\u015ft\u0131rmak. Bunun i\u00e7in de kad\u0131nlar\u0131 t\u00e2bi k\u0131lan somut prati\u011fi, kad\u0131nlarla erkekler aras\u0131ndaki nesnel, maddi \u00e7\u0131kar \u00e7at\u0131\u015fk\u0131s\u0131n\u0131<span class=\"excerpt-hellip\"> [\u2026]<\/span><\/p>\n","protected":false},"featured_media":0,"template":"","meta":{"_monsterinsights_skip_tracking":false,"_monsterinsights_sitenote_active":false,"_monsterinsights_sitenote_note":"","_monsterinsights_sitenote_category":0},"product_brand":[],"product_cat":[12388,15536],"product_tag":[],"class_list":{"0":"post-694418","1":"product","2":"type-product","3":"status-publish","5":"product_cat-felsefe","6":"product_cat-siyaset-felsefesi","7":"pa_cilt-ciltsiz","8":"pa_tur-kitap","9":"pa_yayinevi-yordam-kitap","10":"pa_yazar-gulnur-acar-savran","12":"first","13":"instock","14":"sale","15":"shipping-taxable","16":"purchasable","17":"product-type-simple"},"_links":{"self":[{"href":"https:\/\/roveyayinevi.com.tr\/index.php\/wp-json\/wp\/v2\/product\/694418","targetHints":{"allow":["GET"]}}],"collection":[{"href":"https:\/\/roveyayinevi.com.tr\/index.php\/wp-json\/wp\/v2\/product"}],"about":[{"href":"https:\/\/roveyayinevi.com.tr\/index.php\/wp-json\/wp\/v2\/types\/product"}],"wp:attachment":[{"href":"https:\/\/roveyayinevi.com.tr\/index.php\/wp-json\/wp\/v2\/media?parent=694418"}],"wp:term":[{"taxonomy":"product_brand","embeddable":true,"href":"https:\/\/roveyayinevi.com.tr\/index.php\/wp-json\/wp\/v2\/product_brand?post=694418"},{"taxonomy":"product_cat","embeddable":true,"href":"https:\/\/roveyayinevi.com.tr\/index.php\/wp-json\/wp\/v2\/product_cat?post=694418"},{"taxonomy":"product_tag","embeddable":true,"href":"https:\/\/roveyayinevi.com.tr\/index.php\/wp-json\/wp\/v2\/product_tag?post=694418"}],"curies":[{"name":"wp","href":"https:\/\/api.w.org\/{rel}","templated":true}]}}