{"id":694417,"date":"2025-08-27T14:21:00","date_gmt":"2025-08-27T11:21:00","guid":{"rendered":"https:\/\/roveyayinevi.com.tr\/index.php\/urun\/kapitalizm-ve-kapitalizmin-iktisadi\/"},"modified":"2026-04-16T02:04:32","modified_gmt":"2026-04-15T23:04:32","slug":"kapitalizm-ve-kapitalizmin-iktisadi","status":"publish","type":"product","link":"https:\/\/roveyayinevi.com.tr\/index.php\/urun\/kapitalizm-ve-kapitalizmin-iktisadi\/","title":{"rendered":"Kapitalizm ve Kapitalizmin \u0130ktisad\u0131"},"content":{"rendered":"<p>Kapitalizmin ve iktisad\u0131n 18. y\u00fczy\u0131l ortalar\u0131ndan 21. y\u00fczy\u0131la uzanan tarihine e\u011filen bu kitap, kapitalizm ile iktisat teorisi aras\u0131ndaki dinamik, etkile\u015fimli ba\u011f\u0131n ele\u015ftirel analizini yap\u0131yor. Bu \u00e7er\u00e7evede, her iki alanda uzun y\u0131llard\u0131r yap\u0131lan \u00e7al\u0131\u015fmalar, konular\u0131n ak\u0131\u015f\u0131 i\u00e7inde ele al\u0131n\u0131yor, h\u00e2kim iktisat ak\u0131m\u0131 i\u00e7indeki iktisat\u00e7\u0131lar\u0131n kapitalizmi \u015fu veya bu \u015fekilde kutsayan ideologlar oldu\u011fu sergileniyor. H\u00e2kim iktisat okuluna mensup veya muhalif belli ba\u015fl\u0131 iktisat\u00e7\u0131lar\u0131n tezleri de \u00e7al\u0131\u015fma i\u00e7inde \u00f6zetleniyor: Adam Smith, Thomas Malthus, Jeremy Bentham, John Stuart Mill, Karl Marx, Thorstein Veblen, Rosa Luxemburg, John Maynard Keynes, Paul Samuelson, Milton Friedman ve Eric Hobsbawm. Bu \u00e7al\u0131\u015fma, sosyal ve ekonomik gidi\u015fin, gidi\u015f olmad\u0131\u011f\u0131n\u0131 sezen yahut iliklerinde hisseden, ancak egemen ak\u0131mdan iktisat\u00e7\u0131larla, onlar\u0131n siyasetteki ortaklar\u0131n\u0131n dolamba\u00e7l\u0131 tezlerini kar\u015f\u0131lamakta yetersiz kalan, akademik olsun olmas\u0131n okuyan, duyarl\u0131 insanlar\u0131n olu\u015fturdu\u011fu toplulu\u011fa sesleniyor. Kitap, s\u00f6z konusu toplulu\u011fu g\u00f6zeterek, g\u00fcn\u00fcm\u00fcz iktisat politikas\u0131n\u0131 y\u00f6neten tehlikeli tezlerin etkisini kafalardan silmeyi, y\u0131llar boyunca ge\u00e7irdi\u011fi de\u011fi\u015fimlerin sonucunda ve bu de\u011fi\u015fimlere ra\u011fmen, kapitalizmin yap\u0131c\u0131 olmaktan \u00e7ok y\u0131k\u0131c\u0131 oldu\u011funu de\u015fifre etmeyi hedefliyor ve ard\u0131ndan olanakl\u0131, arzu edilir bir se\u00e7enekler demeti ortaya koyuyor. \ufffcTan\u0131t\u0131m Metni<\/p>\n","protected":false},"excerpt":{"rendered":"<p>Kapitalizmin ve iktisad\u0131n 18. y\u00fczy\u0131l ortalar\u0131ndan 21. y\u00fczy\u0131la uzanan tarihine e\u011filen bu kitap, kapitalizm ile iktisat teorisi aras\u0131ndaki dinamik, etkile\u015fimli ba\u011f\u0131n ele\u015ftirel analizini yap\u0131yor. Bu \u00e7er\u00e7evede,<span class=\"excerpt-hellip\"> [\u2026]<\/span><\/p>\n","protected":false},"featured_media":0,"template":"","meta":{"_monsterinsights_skip_tracking":false,"_monsterinsights_sitenote_active":false,"_monsterinsights_sitenote_note":"","_monsterinsights_sitenote_category":0},"product_brand":[],"product_cat":[13044,13043],"product_tag":[],"class_list":{"0":"post-694417","1":"product","2":"type-product","3":"status-publish","5":"product_cat-dunya-ekonomisi","6":"product_cat-ekonomi","7":"pa_cilt-ciltsiz","8":"pa_tur-kitap","9":"pa_yayinevi-yordam-kitap","10":"pa_yazar-douglas-fitzgerald-dowd","12":"first","13":"instock","14":"sale","15":"shipping-taxable","16":"purchasable","17":"product-type-simple"},"_links":{"self":[{"href":"https:\/\/roveyayinevi.com.tr\/index.php\/wp-json\/wp\/v2\/product\/694417","targetHints":{"allow":["GET"]}}],"collection":[{"href":"https:\/\/roveyayinevi.com.tr\/index.php\/wp-json\/wp\/v2\/product"}],"about":[{"href":"https:\/\/roveyayinevi.com.tr\/index.php\/wp-json\/wp\/v2\/types\/product"}],"wp:attachment":[{"href":"https:\/\/roveyayinevi.com.tr\/index.php\/wp-json\/wp\/v2\/media?parent=694417"}],"wp:term":[{"taxonomy":"product_brand","embeddable":true,"href":"https:\/\/roveyayinevi.com.tr\/index.php\/wp-json\/wp\/v2\/product_brand?post=694417"},{"taxonomy":"product_cat","embeddable":true,"href":"https:\/\/roveyayinevi.com.tr\/index.php\/wp-json\/wp\/v2\/product_cat?post=694417"},{"taxonomy":"product_tag","embeddable":true,"href":"https:\/\/roveyayinevi.com.tr\/index.php\/wp-json\/wp\/v2\/product_tag?post=694417"}],"curies":[{"name":"wp","href":"https:\/\/api.w.org\/{rel}","templated":true}]}}