{"id":694416,"date":"2025-08-27T14:21:00","date_gmt":"2025-08-27T11:21:00","guid":{"rendered":"https:\/\/roveyayinevi.com.tr\/index.php\/urun\/ilkcag-tarihi-cilt-2\/"},"modified":"2026-04-16T02:04:32","modified_gmt":"2026-04-15T23:04:32","slug":"ilkcag-tarihi-cilt-2","status":"publish","type":"product","link":"https:\/\/roveyayinevi.com.tr\/index.php\/urun\/ilkcag-tarihi-cilt-2\/","title":{"rendered":"\u0130lk\u00e7a\u011f Tarihi Cilt: 2"},"content":{"rendered":"<p>\u0130lk\u00e7a\u011f Tarihi, ilkel topluluk d\u00fczeni ile Orta\u00e7a\u011f aras\u0131nda yer alan uzun bir tarih kesitini materyalist bir bak\u0131\u015fla incelemektedir. Bu d\u00f6nemin incelenmesi, insan\u0131n k\u00f6keni, dinin do\u011fu\u015fu, sanatlar\u0131n ve bilimlerin ortaya \u00e7\u0131k\u0131\u015f\u0131, s\u0131n\u0131flar\u0131n ve devletin olu\u015fumu gibi \u00e7ok \u00f6nemli sorunlar\u0131n ayd\u0131nlat\u0131lmas\u0131n\u0131 sa\u011flar. \u0130nsanl\u0131\u011f\u0131n a\u015ft\u0131\u011f\u0131 o g\u00fc\u00e7 yolu, atalar\u0131m\u0131z\u0131n do\u011fa kar\u015f\u0131s\u0131nda verdi\u011fi kahramanca sava\u015f\u0131 inceler. \u0130ki ciltlik eserin ikinci cildinde insanl\u0131k tarihinin karakteristik bir d\u00f6nemini olu\u015fturan Roma Uygarl\u0131\u011f\u0131 inceleniyor. Antik Yunan uygarl\u0131\u011f\u0131n\u0131n y\u0131k\u0131lmaya y\u00fcz tutmas\u0131ndan ba\u015flayarak \u00f6ne \u00e7\u0131kan Roma, kat\u0131 k\u00f6leci \u00f6zellikleriyle \u00f6ne \u00e7\u0131kt\u0131. K\u0131talara yay\u0131lan bu imparatorlu\u011fu t\u00fcm y\u00f6nleriyle mercek alt\u0131na alan bu kitapta, cumhuriyetin do\u011fu\u015fu ve y\u0131k\u0131l\u0131\u015f\u0131, monar\u015finin y\u00fckseli\u015fi, kitlesel k\u00f6le ayaklanmalar\u0131, k\u00fclt\u00fcrel bunal\u0131m ve H\u0131ristiyanl\u0131\u011f\u0131n do\u011fu\u015fu, onu y\u0131k\u0131l\u0131\u015fa g\u00f6t\u00fcren bunal\u0131m ve \u00e7eli\u015fkiler de irdeleniyor. \ufffcTan\u0131t\u0131m Metni<\/p>\n","protected":false},"excerpt":{"rendered":"<p>\u0130lk\u00e7a\u011f Tarihi, ilkel topluluk d\u00fczeni ile Orta\u00e7a\u011f aras\u0131nda yer alan uzun bir tarih kesitini materyalist bir bak\u0131\u015fla incelemektedir. Bu d\u00f6nemin incelenmesi, insan\u0131n k\u00f6keni, dinin do\u011fu\u015fu, sanatlar\u0131n<span class=\"excerpt-hellip\"> [\u2026]<\/span><\/p>\n","protected":false},"featured_media":0,"template":"","meta":{"_monsterinsights_skip_tracking":false,"_monsterinsights_sitenote_active":false,"_monsterinsights_sitenote_note":"","_monsterinsights_sitenote_category":0},"product_brand":[],"product_cat":[12274,14573],"product_tag":[],"class_list":{"0":"post-694416","1":"product","2":"type-product","3":"status-publish","5":"product_cat-cocuk-ve-genclik-kitaplari","6":"product_cat-referans-kitaplar-cocuk-ve-genclik-kitaplari","7":"pa_cilt-ciltsiz","8":"pa_tur-kitap","9":"pa_yayinevi-yordam-kitap","10":"pa_yazar-s-kovalev","12":"first","13":"instock","14":"sale","15":"shipping-taxable","16":"purchasable","17":"product-type-simple"},"_links":{"self":[{"href":"https:\/\/roveyayinevi.com.tr\/index.php\/wp-json\/wp\/v2\/product\/694416","targetHints":{"allow":["GET"]}}],"collection":[{"href":"https:\/\/roveyayinevi.com.tr\/index.php\/wp-json\/wp\/v2\/product"}],"about":[{"href":"https:\/\/roveyayinevi.com.tr\/index.php\/wp-json\/wp\/v2\/types\/product"}],"wp:attachment":[{"href":"https:\/\/roveyayinevi.com.tr\/index.php\/wp-json\/wp\/v2\/media?parent=694416"}],"wp:term":[{"taxonomy":"product_brand","embeddable":true,"href":"https:\/\/roveyayinevi.com.tr\/index.php\/wp-json\/wp\/v2\/product_brand?post=694416"},{"taxonomy":"product_cat","embeddable":true,"href":"https:\/\/roveyayinevi.com.tr\/index.php\/wp-json\/wp\/v2\/product_cat?post=694416"},{"taxonomy":"product_tag","embeddable":true,"href":"https:\/\/roveyayinevi.com.tr\/index.php\/wp-json\/wp\/v2\/product_tag?post=694416"}],"curies":[{"name":"wp","href":"https:\/\/api.w.org\/{rel}","templated":true}]}}