{"id":694413,"date":"2025-08-27T14:20:59","date_gmt":"2025-08-27T11:20:59","guid":{"rendered":"https:\/\/roveyayinevi.com.tr\/index.php\/urun\/retorik\/"},"modified":"2026-04-16T02:04:32","modified_gmt":"2026-04-15T23:04:32","slug":"retorik","status":"publish","type":"product","link":"https:\/\/roveyayinevi.com.tr\/index.php\/urun\/retorik\/","title":{"rendered":"Retorik"},"content":{"rendered":"<p>B\u00fcy\u00fck \u0130skender&#8217;in \u00f6\u011fretmeni, mant\u0131k biliminin \u00f6nc\u00fcs\u00fc, ger\u00e7ek\u00e7ili\u011fin baba s\u0131 Aristoteles, tam bir hazerfen di: El att\u0131\u011f\u0131 pek \u00e7ok bilgi alan\u0131 yan\u0131nda Konu\u015fma Sanat\u0131 \u00fczerine de bir kitap yazd\u0131: Retorik. Aristoteles&#8217;in b\u00fct\u00fcn yap\u0131tlar\u0131 gibi Retorik de hemen hemen b\u00fct\u00fcn dillere \u00e7evrildi, hem Do\u011fu&#8217;yu hem de Bat\u0131&#8217;y\u0131 etkiledi. T\u00fcrk\u00e7e okunmak i\u00e7inse, \u00e7evirmenini bekledi. \u0130ki bin \u00fc\u00e7 y\u00fcz y\u0131ld\u0131r taptaze duran bu ba\u015fyap\u0131t, gelecek y\u00fczy\u0131llara da kalacak&#8230; \ufffc<\/p>\n","protected":false},"excerpt":{"rendered":"<p>B\u00fcy\u00fck \u0130skender&#8217;in \u00f6\u011fretmeni, mant\u0131k biliminin \u00f6nc\u00fcs\u00fc, ger\u00e7ek\u00e7ili\u011fin baba s\u0131 Aristoteles, tam bir hazerfen di: El att\u0131\u011f\u0131 pek \u00e7ok bilgi alan\u0131 yan\u0131nda Konu\u015fma Sanat\u0131 \u00fczerine de bir<span class=\"excerpt-hellip\"> [\u2026]<\/span><\/p>\n","protected":false},"featured_media":0,"template":"","meta":{"_monsterinsights_skip_tracking":false,"_monsterinsights_sitenote_active":false,"_monsterinsights_sitenote_note":"","_monsterinsights_sitenote_category":0},"product_brand":[],"product_cat":[12388,14717],"product_tag":[],"class_list":{"0":"post-694413","1":"product","2":"type-product","3":"status-publish","5":"product_cat-felsefe","6":"product_cat-felsefe-tarihi","7":"pa_cilt-ciltsiz","8":"pa_tur-kitap","9":"pa_yayinevi-yapi-kredi-yayinlari","10":"pa_yazar-aristoteles","12":"first","13":"instock","14":"sale","15":"shipping-taxable","16":"purchasable","17":"product-type-simple"},"_links":{"self":[{"href":"https:\/\/roveyayinevi.com.tr\/index.php\/wp-json\/wp\/v2\/product\/694413","targetHints":{"allow":["GET"]}}],"collection":[{"href":"https:\/\/roveyayinevi.com.tr\/index.php\/wp-json\/wp\/v2\/product"}],"about":[{"href":"https:\/\/roveyayinevi.com.tr\/index.php\/wp-json\/wp\/v2\/types\/product"}],"wp:attachment":[{"href":"https:\/\/roveyayinevi.com.tr\/index.php\/wp-json\/wp\/v2\/media?parent=694413"}],"wp:term":[{"taxonomy":"product_brand","embeddable":true,"href":"https:\/\/roveyayinevi.com.tr\/index.php\/wp-json\/wp\/v2\/product_brand?post=694413"},{"taxonomy":"product_cat","embeddable":true,"href":"https:\/\/roveyayinevi.com.tr\/index.php\/wp-json\/wp\/v2\/product_cat?post=694413"},{"taxonomy":"product_tag","embeddable":true,"href":"https:\/\/roveyayinevi.com.tr\/index.php\/wp-json\/wp\/v2\/product_tag?post=694413"}],"curies":[{"name":"wp","href":"https:\/\/api.w.org\/{rel}","templated":true}]}}