{"id":694408,"date":"2025-08-27T14:20:58","date_gmt":"2025-08-27T11:20:58","guid":{"rendered":"https:\/\/roveyayinevi.com.tr\/index.php\/urun\/tapinak\/"},"modified":"2026-04-16T02:04:32","modified_gmt":"2026-04-15T23:04:32","slug":"tapinak","status":"publish","type":"product","link":"https:\/\/roveyayinevi.com.tr\/index.php\/urun\/tapinak\/","title":{"rendered":"Tap\u0131nak"},"content":{"rendered":"<p>1949 Nobel Edebiyat \u00d6d\u00fcl\u00fc\u2019n\u00fcn sahibi William Faulkner\u2019\u0131n bug\u00fcn yaln\u0131z Amerikan edebiyat\u0131n\u0131n de\u011fil, d\u00fcnya edebiyat\u0131n\u0131n da ba\u015fyap\u0131t\u0131 say\u0131lan romanlar\u0131 ba\u015flarda \u00e7ok ses getirmemi\u015fti. Ancak 1931\u2019de Tap\u0131nak\u2019\u0131n yay\u0131mlanmas\u0131, Faulkner\u2019\u0131n bir yandan \u00fcnlenmesine, kitaplar\u0131n\u0131n yeni bask\u0131lar yap\u0131p \u00e7ok satmas\u0131na neden olurken bir yandan da tepki \u00e7ekti ve \u201cG\u00fcney\u2019in ruhunu k\u00fc\u00e7\u00fck d\u00fc\u015f\u00fcrd\u00fc\u011f\u00fc\u201d gerek\u00e7esiyle baz\u0131 \u015fehirlerde toplat\u0131ld\u0131. Tap\u0131nak\u2019\u0131n bunca ilgi \u00e7ekmesinin nedeni, neredeyse bir polisiye gerilimi ta\u015f\u0131mas\u0131 ve \u00f6zg\u00fcn \u00fcslubu oldu\u011fu kadar karakterlerinin \u00e7arp\u0131c\u0131l\u0131\u011f\u0131d\u0131r da: Faulkner\u2019\u0131n yaratt\u0131\u011f\u0131 en grotesk karakterlerden biri olan, k\u00f6t\u00fcl\u00fc\u011f\u00fcn simgesi Popeye; iyi niyetli ama hi\u00e7bir i\u015fi sonland\u0131rmayan bir avukat olan Benbow; varl\u0131kl\u0131 bir ailenin diren\u00e7siz bir kurban kimli\u011findeki \u00fcniversite \u00f6\u011frencisi k\u0131z\u0131 Temple Drake: Hepsi, so\u011fukkanl\u0131 bir dille anlat\u0131lan bu kanl\u0131 \u00f6yk\u00fcde bir araya gelir.Freud\u2019dan mitolojiye, Amerikan G\u00fcneyi hik\u00e2yelerinden dedektif romanlar\u0131na pek \u00e7ok kaynaktan beslenen Tap\u0131nak, bug\u00fcn de \u00fcrpertiyor okurunu.K\u00f6t\u00fcl\u00fc\u011f\u00fcn galip geli\u015finin ak\u0131ldan \u00e7\u0131kmayacak hik\u00e2yesi.The New York TimesU\u011fursuzluk, arzu, saplant\u0131 ve umutsuzluk dolu\u2026Los Angeles Times<\/p>\n","protected":false},"excerpt":{"rendered":"<p>1949 Nobel Edebiyat \u00d6d\u00fcl\u00fc\u2019n\u00fcn sahibi William Faulkner\u2019\u0131n bug\u00fcn yaln\u0131z Amerikan edebiyat\u0131n\u0131n de\u011fil, d\u00fcnya edebiyat\u0131n\u0131n da ba\u015fyap\u0131t\u0131 say\u0131lan romanlar\u0131 ba\u015flarda \u00e7ok ses getirmemi\u015fti. Ancak 1931\u2019de Tap\u0131nak\u2019\u0131n yay\u0131mlanmas\u0131,<span class=\"excerpt-hellip\"> [\u2026]<\/span><\/p>\n","protected":false},"featured_media":0,"template":"","meta":{"_monsterinsights_skip_tracking":false,"_monsterinsights_sitenote_active":false,"_monsterinsights_sitenote_note":"","_monsterinsights_sitenote_category":0},"product_brand":[],"product_cat":[12803,12291],"product_tag":[],"class_list":{"0":"post-694408","1":"product","2":"type-product","3":"status-publish","5":"product_cat-aksiyon-macera","6":"product_cat-edebiyat","7":"pa_cilt-ciltsiz","8":"pa_tur-kitap","9":"pa_yayinevi-yapi-kredi-yayinlari","10":"pa_yazar-william-faulkner","12":"first","13":"instock","14":"sale","15":"shipping-taxable","16":"purchasable","17":"product-type-simple"},"_links":{"self":[{"href":"https:\/\/roveyayinevi.com.tr\/index.php\/wp-json\/wp\/v2\/product\/694408","targetHints":{"allow":["GET"]}}],"collection":[{"href":"https:\/\/roveyayinevi.com.tr\/index.php\/wp-json\/wp\/v2\/product"}],"about":[{"href":"https:\/\/roveyayinevi.com.tr\/index.php\/wp-json\/wp\/v2\/types\/product"}],"wp:attachment":[{"href":"https:\/\/roveyayinevi.com.tr\/index.php\/wp-json\/wp\/v2\/media?parent=694408"}],"wp:term":[{"taxonomy":"product_brand","embeddable":true,"href":"https:\/\/roveyayinevi.com.tr\/index.php\/wp-json\/wp\/v2\/product_brand?post=694408"},{"taxonomy":"product_cat","embeddable":true,"href":"https:\/\/roveyayinevi.com.tr\/index.php\/wp-json\/wp\/v2\/product_cat?post=694408"},{"taxonomy":"product_tag","embeddable":true,"href":"https:\/\/roveyayinevi.com.tr\/index.php\/wp-json\/wp\/v2\/product_tag?post=694408"}],"curies":[{"name":"wp","href":"https:\/\/api.w.org\/{rel}","templated":true}]}}