{"id":694407,"date":"2025-08-27T14:20:58","date_gmt":"2025-08-27T11:20:58","guid":{"rendered":"https:\/\/roveyayinevi.com.tr\/index.php\/urun\/yolda-secme-oykuler\/"},"modified":"2026-04-16T02:04:32","modified_gmt":"2026-04-15T23:04:32","slug":"yolda-secme-oykuler","status":"publish","type":"product","link":"https:\/\/roveyayinevi.com.tr\/index.php\/urun\/yolda-secme-oykuler\/","title":{"rendered":"Yolda &#8211; Se\u00e7me \u00d6yk\u00fcler"},"content":{"rendered":"<p>Osman boyuna g\u00f6ky\u00fcz\u00fcne bak\u0131yor&#8230; Bir par\u00e7a bulut&#8230; Bazan bir ak bulut g\u00f6lgesi, \u00fcstlerinde bir an kal\u0131p ge\u00e7iyor&#8230; G\u00f6zler bulut g\u00f6lgesinin arkas\u0131nda&#8230; G\u00fcn tepede&#8230; Ekin saplar\u0131 \u00e7at\u0131rd\u0131yor. Yar\u0131lm\u0131\u015f, k\u0131zg\u0131n toprak, Osman\u0131n ayaklar\u0131n\u0131n alt\u0131nda&#8230; Osman\u0131 habire hoplat\u0131yor. Can\u0131n\u0131 di\u015fine takm\u0131\u015f Osman. Alttan yan\u0131yor, tepeden yan\u0131yor. Ci\u011ferine k\u0131zg\u0131n bir demiri sokuyorlar gibi&#8230; S\u0131cak&#8230; D\u00fcnya kama\u015f kama\u015f&#8230; G\u00f6z a\u00e7\u0131p on metre ileriye bak\u0131lm\u0131yor. Zeynep deste y\u00fcklerken Osmana d\u00f6n\u00fcp bakt\u0131. Bakt\u0131 ki Osman\u0131n bacaklar\u0131 zang\u0131r zang\u0131r titriyor. Osman, dedi. Osman&#8230; Osman\u0131m, b\u00f6yle yaya gidip gelme. Seni at\u0131n \u00fcst\u00fcne bindireyim.<\/p>\n","protected":false},"excerpt":{"rendered":"<p>Osman boyuna g\u00f6ky\u00fcz\u00fcne bak\u0131yor&#8230; Bir par\u00e7a bulut&#8230; Bazan bir ak bulut g\u00f6lgesi, \u00fcstlerinde bir an kal\u0131p ge\u00e7iyor&#8230; G\u00f6zler bulut g\u00f6lgesinin arkas\u0131nda&#8230; G\u00fcn tepede&#8230; Ekin saplar\u0131 \u00e7at\u0131rd\u0131yor.<span class=\"excerpt-hellip\"> [\u2026]<\/span><\/p>\n","protected":false},"featured_media":0,"template":"","meta":{"_monsterinsights_skip_tracking":false,"_monsterinsights_sitenote_active":false,"_monsterinsights_sitenote_note":"","_monsterinsights_sitenote_category":0},"product_brand":[],"product_cat":[12364],"product_tag":[],"class_list":{"0":"post-694407","1":"product","2":"type-product","3":"status-publish","5":"product_cat-genel-konular","6":"pa_cilt-ciltsiz","7":"pa_tur-kitap","8":"pa_yayinevi-yapi-kredi-yayinlari","9":"pa_yazar-yasar-kemal","11":"first","12":"instock","13":"sale","14":"shipping-taxable","15":"purchasable","16":"product-type-simple"},"_links":{"self":[{"href":"https:\/\/roveyayinevi.com.tr\/index.php\/wp-json\/wp\/v2\/product\/694407","targetHints":{"allow":["GET"]}}],"collection":[{"href":"https:\/\/roveyayinevi.com.tr\/index.php\/wp-json\/wp\/v2\/product"}],"about":[{"href":"https:\/\/roveyayinevi.com.tr\/index.php\/wp-json\/wp\/v2\/types\/product"}],"wp:attachment":[{"href":"https:\/\/roveyayinevi.com.tr\/index.php\/wp-json\/wp\/v2\/media?parent=694407"}],"wp:term":[{"taxonomy":"product_brand","embeddable":true,"href":"https:\/\/roveyayinevi.com.tr\/index.php\/wp-json\/wp\/v2\/product_brand?post=694407"},{"taxonomy":"product_cat","embeddable":true,"href":"https:\/\/roveyayinevi.com.tr\/index.php\/wp-json\/wp\/v2\/product_cat?post=694407"},{"taxonomy":"product_tag","embeddable":true,"href":"https:\/\/roveyayinevi.com.tr\/index.php\/wp-json\/wp\/v2\/product_tag?post=694407"}],"curies":[{"name":"wp","href":"https:\/\/api.w.org\/{rel}","templated":true}]}}