{"id":694406,"date":"2025-08-27T14:20:57","date_gmt":"2025-08-27T11:20:57","guid":{"rendered":"https:\/\/roveyayinevi.com.tr\/index.php\/urun\/yevgeni-onegin\/"},"modified":"2026-04-16T02:04:32","modified_gmt":"2026-04-15T23:04:32","slug":"yevgeni-onegin","status":"publish","type":"product","link":"https:\/\/roveyayinevi.com.tr\/index.php\/urun\/yevgeni-onegin\/","title":{"rendered":"Yevgeni Onegin"},"content":{"rendered":"<p>Yevgeni Onegin, Pu\u015fkin\u2019in epik \u015fiirler dizisi i\u00e7inde olgunlu\u011fuyla doruk olu\u015fturan ba\u015fyap\u0131t\u0131. Yaz\u0131lmas\u0131 8 y\u0131l s\u00fcren bu \u015fiir-roman, erken 19. y\u00fczy\u0131l Rusya\u2019s\u0131n\u0131n toplumsal ve entelekt\u00fcel ya\u015fam\u0131 \u00fczerine ger\u00e7ek\u00e7i bir a\u00e7\u0131l\u0131md\u0131r. Belinski\u2019nin deyimiyle Pu\u015fkin Yevgeni Onegin\u2019de Rus ya\u015fam\u0131n\u0131n bir ansiklopedisini yaratm\u0131\u015ft\u0131r. \u015eairin t\u00fcm ya\u015fam\u0131, sevgisi, duygular\u0131 ve g\u00f6r\u00fc\u015fleri bu yap\u0131ttad\u0131r.(Tan\u0131t\u0131m B\u00fclteni)<\/p>\n","protected":false},"excerpt":{"rendered":"<p>Yevgeni Onegin, Pu\u015fkin\u2019in epik \u015fiirler dizisi i\u00e7inde olgunlu\u011fuyla doruk olu\u015fturan ba\u015fyap\u0131t\u0131. Yaz\u0131lmas\u0131 8 y\u0131l s\u00fcren bu \u015fiir-roman, erken 19. y\u00fczy\u0131l Rusya\u2019s\u0131n\u0131n toplumsal ve entelekt\u00fcel ya\u015fam\u0131 \u00fczerine<span class=\"excerpt-hellip\"> [\u2026]<\/span><\/p>\n","protected":false},"featured_media":0,"template":"","meta":{"_monsterinsights_skip_tracking":false,"_monsterinsights_sitenote_active":false,"_monsterinsights_sitenote_note":"","_monsterinsights_sitenote_category":0},"product_brand":[],"product_cat":[12291,12509],"product_tag":[],"class_list":{"0":"post-694406","1":"product","2":"type-product","3":"status-publish","5":"product_cat-edebiyat","6":"product_cat-siir","7":"pa_cilt-ciltsiz","8":"pa_tur-kitap","9":"pa_yayinevi-yapi-kredi-yayinlari","10":"pa_yazar-aleksandr-sergeyevic-puskin","12":"first","13":"instock","14":"sale","15":"shipping-taxable","16":"purchasable","17":"product-type-simple"},"_links":{"self":[{"href":"https:\/\/roveyayinevi.com.tr\/index.php\/wp-json\/wp\/v2\/product\/694406","targetHints":{"allow":["GET"]}}],"collection":[{"href":"https:\/\/roveyayinevi.com.tr\/index.php\/wp-json\/wp\/v2\/product"}],"about":[{"href":"https:\/\/roveyayinevi.com.tr\/index.php\/wp-json\/wp\/v2\/types\/product"}],"wp:attachment":[{"href":"https:\/\/roveyayinevi.com.tr\/index.php\/wp-json\/wp\/v2\/media?parent=694406"}],"wp:term":[{"taxonomy":"product_brand","embeddable":true,"href":"https:\/\/roveyayinevi.com.tr\/index.php\/wp-json\/wp\/v2\/product_brand?post=694406"},{"taxonomy":"product_cat","embeddable":true,"href":"https:\/\/roveyayinevi.com.tr\/index.php\/wp-json\/wp\/v2\/product_cat?post=694406"},{"taxonomy":"product_tag","embeddable":true,"href":"https:\/\/roveyayinevi.com.tr\/index.php\/wp-json\/wp\/v2\/product_tag?post=694406"}],"curies":[{"name":"wp","href":"https:\/\/api.w.org\/{rel}","templated":true}]}}