{"id":694404,"date":"2025-08-27T14:20:57","date_gmt":"2025-08-27T11:20:57","guid":{"rendered":"https:\/\/roveyayinevi.com.tr\/index.php\/urun\/kan-tadi\/"},"modified":"2026-04-16T02:04:32","modified_gmt":"2026-04-15T23:04:32","slug":"kan-tadi","status":"publish","type":"product","link":"https:\/\/roveyayinevi.com.tr\/index.php\/urun\/kan-tadi\/","title":{"rendered":"Kan Tad\u0131"},"content":{"rendered":"<p>Amerika Birle\u015fik Devletleri, emperyalist d\u00fcnyan\u0131n h\u00e2kim vurucu g\u00fcc\u00fc. Ekonomiden siyasete, k\u00fclt\u00fcrden sanata her alanda belirleyici olmak, d\u00fcnyan\u0131n do\u011fal zenginliklerini ve stratejik b\u00f6lgelerini ele ge\u00e7irmek, t\u00fcm d\u00fcnyay\u0131 y\u00f6netmek, y\u00f6nlendirmek istiyor. \u0130steklerine boyun e\u011fmeyen \u00fclke ve hareketleri ambargodan silahl\u0131 sald\u0131r\u0131ya kadar her yolla cezaland\u0131r\u0131yor. \u00d6zg\u00fcrl\u00fck i\u00e7in aya\u011fa kalkan halklara bomba ya\u011fd\u0131r\u0131yor, darbeler tezg\u00e2hl\u0131yor, i\u00e7 kar\u0131\u015f\u0131kl\u0131klar\u0131 k\u00f6r\u00fckl\u00fcyor. Ama \u00f6te yandan y\u00f6nlendirdi\u011fi korkun\u00e7 bir kara propaganda ayg\u0131t\u0131, t\u00fcm bu uygulamalar\u0131 aklamak, hakl\u0131 g\u00f6stermek i\u00e7in \u00e7al\u0131\u015f\u0131yor. \ufffcTan\u0131t\u0131m Metni<\/p>\n","protected":false},"excerpt":{"rendered":"<p>Amerika Birle\u015fik Devletleri, emperyalist d\u00fcnyan\u0131n h\u00e2kim vurucu g\u00fcc\u00fc. Ekonomiden siyasete, k\u00fclt\u00fcrden sanata her alanda belirleyici olmak, d\u00fcnyan\u0131n do\u011fal zenginliklerini ve stratejik b\u00f6lgelerini ele ge\u00e7irmek, t\u00fcm d\u00fcnyay\u0131<span class=\"excerpt-hellip\"> [\u2026]<\/span><\/p>\n","protected":false},"featured_media":0,"template":"","meta":{"_monsterinsights_skip_tracking":false,"_monsterinsights_sitenote_active":false,"_monsterinsights_sitenote_note":"","_monsterinsights_sitenote_category":0},"product_brand":[],"product_cat":[12337,17225],"product_tag":[],"class_list":{"0":"post-694404","1":"product","2":"type-product","3":"status-publish","5":"product_cat-politika-siyaset","6":"product_cat-uluslararasi-iliskiler","7":"pa_cilt-ciltsiz","8":"pa_tur-kitap","9":"pa_yayinevi-yordam-kitap","10":"pa_yazar-haluk-gerger","12":"first","13":"instock","14":"sale","15":"shipping-taxable","16":"purchasable","17":"product-type-simple"},"_links":{"self":[{"href":"https:\/\/roveyayinevi.com.tr\/index.php\/wp-json\/wp\/v2\/product\/694404","targetHints":{"allow":["GET"]}}],"collection":[{"href":"https:\/\/roveyayinevi.com.tr\/index.php\/wp-json\/wp\/v2\/product"}],"about":[{"href":"https:\/\/roveyayinevi.com.tr\/index.php\/wp-json\/wp\/v2\/types\/product"}],"wp:attachment":[{"href":"https:\/\/roveyayinevi.com.tr\/index.php\/wp-json\/wp\/v2\/media?parent=694404"}],"wp:term":[{"taxonomy":"product_brand","embeddable":true,"href":"https:\/\/roveyayinevi.com.tr\/index.php\/wp-json\/wp\/v2\/product_brand?post=694404"},{"taxonomy":"product_cat","embeddable":true,"href":"https:\/\/roveyayinevi.com.tr\/index.php\/wp-json\/wp\/v2\/product_cat?post=694404"},{"taxonomy":"product_tag","embeddable":true,"href":"https:\/\/roveyayinevi.com.tr\/index.php\/wp-json\/wp\/v2\/product_tag?post=694404"}],"curies":[{"name":"wp","href":"https:\/\/api.w.org\/{rel}","templated":true}]}}