{"id":694403,"date":"2025-08-27T14:20:57","date_gmt":"2025-08-27T11:20:57","guid":{"rendered":"https:\/\/roveyayinevi.com.tr\/index.php\/urun\/iktisat-uzerine-dusunceler\/"},"modified":"2026-04-16T02:04:32","modified_gmt":"2026-04-15T23:04:32","slug":"iktisat-uzerine-dusunceler","status":"publish","type":"product","link":"https:\/\/roveyayinevi.com.tr\/index.php\/urun\/iktisat-uzerine-dusunceler\/","title":{"rendered":"\u0130ktisat \u00dczerine D\u00fc\u015f\u00fcnceler"},"content":{"rendered":"<p>Bu kitap, T\u00fcrkiye\u2019nin \u00f6nde gelen Marksist iktisat\u00e7\u0131lar\u0131ndan \u0130zzettin \u00d6nder\u2019in uzun meslek hayat\u0131 boyunca yazd\u0131\u011f\u0131 en \u00f6nemli makaleleri bir araya getiriyor. 30 y\u0131la yay\u0131lan bir \u00e7al\u0131\u015fman\u0131n \u00fcr\u00fcn\u00fc olan makaleler, \u00d6nder\u2019in bilimi emek\u00e7iler i\u00e7in kullanmas\u0131n\u0131n bir \u00f6rne\u011fini olu\u015fturdu\u011fu gibi, bir bilim insan\u0131n\u0131n m\u00fccadele g\u00fcnl\u00fc\u011f\u00fc \u00f6zelli\u011fi de ta\u015f\u0131yor. A\u011f\u0131rl\u0131\u011f\u0131n\u0131 iktisat alan\u0131 olu\u015fturmakla birlikte, sosyal bilimlerin \u00e7e\u015fitli alanlar\u0131n\u0131 kapsayan yaz\u0131lar \u00fc\u00e7 ana ba\u015fl\u0131k alt\u0131nda k\u00fcmeleniyor. \ufffcTan\u0131t\u0131m Metni<\/p>\n","protected":false},"excerpt":{"rendered":"<p>Bu kitap, T\u00fcrkiye\u2019nin \u00f6nde gelen Marksist iktisat\u00e7\u0131lar\u0131ndan \u0130zzettin \u00d6nder\u2019in uzun meslek hayat\u0131 boyunca yazd\u0131\u011f\u0131 en \u00f6nemli makaleleri bir araya getiriyor. 30 y\u0131la yay\u0131lan bir \u00e7al\u0131\u015fman\u0131n \u00fcr\u00fcn\u00fc<span class=\"excerpt-hellip\"> [\u2026]<\/span><\/p>\n","protected":false},"featured_media":0,"template":"","meta":{"_monsterinsights_skip_tracking":false,"_monsterinsights_sitenote_active":false,"_monsterinsights_sitenote_note":"","_monsterinsights_sitenote_category":0},"product_brand":[],"product_cat":[13044,13043],"product_tag":[],"class_list":{"0":"post-694403","1":"product","2":"type-product","3":"status-publish","5":"product_cat-dunya-ekonomisi","6":"product_cat-ekonomi","7":"pa_cilt-ciltsiz","8":"pa_tur-kitap","9":"pa_yayinevi-yordam-kitap","10":"pa_yazar-izzettin-onder","12":"first","13":"instock","14":"sale","15":"shipping-taxable","16":"purchasable","17":"product-type-simple"},"_links":{"self":[{"href":"https:\/\/roveyayinevi.com.tr\/index.php\/wp-json\/wp\/v2\/product\/694403","targetHints":{"allow":["GET"]}}],"collection":[{"href":"https:\/\/roveyayinevi.com.tr\/index.php\/wp-json\/wp\/v2\/product"}],"about":[{"href":"https:\/\/roveyayinevi.com.tr\/index.php\/wp-json\/wp\/v2\/types\/product"}],"wp:attachment":[{"href":"https:\/\/roveyayinevi.com.tr\/index.php\/wp-json\/wp\/v2\/media?parent=694403"}],"wp:term":[{"taxonomy":"product_brand","embeddable":true,"href":"https:\/\/roveyayinevi.com.tr\/index.php\/wp-json\/wp\/v2\/product_brand?post=694403"},{"taxonomy":"product_cat","embeddable":true,"href":"https:\/\/roveyayinevi.com.tr\/index.php\/wp-json\/wp\/v2\/product_cat?post=694403"},{"taxonomy":"product_tag","embeddable":true,"href":"https:\/\/roveyayinevi.com.tr\/index.php\/wp-json\/wp\/v2\/product_tag?post=694403"}],"curies":[{"name":"wp","href":"https:\/\/api.w.org\/{rel}","templated":true}]}}