{"id":694399,"date":"2025-08-27T14:20:56","date_gmt":"2025-08-27T11:20:56","guid":{"rendered":"https:\/\/roveyayinevi.com.tr\/index.php\/urun\/ilkcag-tarihi-1-ortadogu-uzakdogu-eski-yunan\/"},"modified":"2026-04-16T02:04:31","modified_gmt":"2026-04-15T23:04:31","slug":"ilkcag-tarihi-1-ortadogu-uzakdogu-eski-yunan","status":"publish","type":"product","link":"https:\/\/roveyayinevi.com.tr\/index.php\/urun\/ilkcag-tarihi-1-ortadogu-uzakdogu-eski-yunan\/","title":{"rendered":"\u0130lk\u00e7a\u011f Tarihi 1 (Ortado\u011fu, Uzakdo\u011fu, Eski Yunan)"},"content":{"rendered":"<p>\u0130lk\u00e7a\u011f Tarihi, ilkel topluluk d\u00fczeni ile Orta\u00e7a\u011f aras\u0131nda yer alan uzun bir tarih kesitini materyalist bir bak\u0131\u015fla incelemektedir. Bu d\u00f6nemin incelenmesi, insan\u0131n k\u00f6keni, dinin do\u011fu\u015fu, sanatlar\u0131n ve bilimlerin ortaya \u00e7\u0131k\u0131\u015f\u0131, s\u0131n\u0131flar\u0131n ve devletin olu\u015fumu gibi \u00e7ok \u00f6nemli sorunlar\u0131n ayd\u0131nlat\u0131lmas\u0131n\u0131 sa\u011flar. \u0130nsanl\u0131\u011f\u0131n a\u015ft\u0131\u011f\u0131 o g\u00fc\u00e7 yolu, atalar\u0131m\u0131z\u0131n do\u011fa kar\u015f\u0131s\u0131nda verdi\u011fi kahramanca sava\u015f\u0131 inceler. \u0130ki ciltlik eserin bu ilk cildinde ilkel topluluk d\u00fczeninden ba\u015flayarak, insanl\u0131\u011f\u0131n uygarl\u0131\u011fa ilk ad\u0131mlar\u0131n\u0131 olu\u015fturan Sumer, Akkad, Babil, M\u0131s\u0131r, \u0130ran ve \u00c7in gibi Do\u011fu uygarl\u0131klar\u0131 incelendikten sonra Eski Yunan\u2019a ge\u00e7iliyor. Eski Yunan uygarl\u0131\u011f\u0131, ekonomik yap\u0131, \u00fcretim ve b\u00f6l\u00fc\u015f\u00fcm ili\u015fkileri, devlet yap\u0131s\u0131 bak\u0131m\u0131ndan oldu\u011fu kadar bilim, k\u00fclt\u00fcr, felsefe ve sanat a\u00e7\u0131s\u0131ndan inceleniyor. \ufffcTan\u0131t\u0131m Metni<\/p>\n","protected":false},"excerpt":{"rendered":"<p>\u0130lk\u00e7a\u011f Tarihi, ilkel topluluk d\u00fczeni ile Orta\u00e7a\u011f aras\u0131nda yer alan uzun bir tarih kesitini materyalist bir bak\u0131\u015fla incelemektedir. Bu d\u00f6nemin incelenmesi, insan\u0131n k\u00f6keni, dinin do\u011fu\u015fu, sanatlar\u0131n<span class=\"excerpt-hellip\"> [\u2026]<\/span><\/p>\n","protected":false},"featured_media":0,"template":"","meta":{"_monsterinsights_skip_tracking":false,"_monsterinsights_sitenote_active":false,"_monsterinsights_sitenote_note":"","_monsterinsights_sitenote_category":0},"product_brand":[],"product_cat":[12274,14573],"product_tag":[],"class_list":{"0":"post-694399","1":"product","2":"type-product","3":"status-publish","5":"product_cat-cocuk-ve-genclik-kitaplari","6":"product_cat-referans-kitaplar-cocuk-ve-genclik-kitaplari","7":"pa_cilt-ciltsiz","8":"pa_tur-kitap","9":"pa_yayinevi-yordam-kitap","10":"pa_yazar-s-kovalev","12":"first","13":"instock","14":"sale","15":"shipping-taxable","16":"purchasable","17":"product-type-simple"},"_links":{"self":[{"href":"https:\/\/roveyayinevi.com.tr\/index.php\/wp-json\/wp\/v2\/product\/694399","targetHints":{"allow":["GET"]}}],"collection":[{"href":"https:\/\/roveyayinevi.com.tr\/index.php\/wp-json\/wp\/v2\/product"}],"about":[{"href":"https:\/\/roveyayinevi.com.tr\/index.php\/wp-json\/wp\/v2\/types\/product"}],"wp:attachment":[{"href":"https:\/\/roveyayinevi.com.tr\/index.php\/wp-json\/wp\/v2\/media?parent=694399"}],"wp:term":[{"taxonomy":"product_brand","embeddable":true,"href":"https:\/\/roveyayinevi.com.tr\/index.php\/wp-json\/wp\/v2\/product_brand?post=694399"},{"taxonomy":"product_cat","embeddable":true,"href":"https:\/\/roveyayinevi.com.tr\/index.php\/wp-json\/wp\/v2\/product_cat?post=694399"},{"taxonomy":"product_tag","embeddable":true,"href":"https:\/\/roveyayinevi.com.tr\/index.php\/wp-json\/wp\/v2\/product_tag?post=694399"}],"curies":[{"name":"wp","href":"https:\/\/api.w.org\/{rel}","templated":true}]}}