{"id":694389,"date":"2025-08-27T14:20:53","date_gmt":"2025-08-27T11:20:53","guid":{"rendered":"https:\/\/roveyayinevi.com.tr\/index.php\/urun\/hukukta-adaletsizligi-gormek\/"},"modified":"2026-04-16T02:04:31","modified_gmt":"2026-04-15T23:04:31","slug":"hukukta-adaletsizligi-gormek","status":"publish","type":"product","link":"https:\/\/roveyayinevi.com.tr\/index.php\/urun\/hukukta-adaletsizligi-gormek\/","title":{"rendered":"Hukukta Adaletsizli\u011fi G\u00f6rmek"},"content":{"rendered":"<p>Masum olmayan bir d\u00fcnyada ya\u015f\u0131yoruz. \u0130nsanlar\u0131n y\u00fczlerinin unutuldu\u011fu, kendi y\u00fcz\u00fcm\u00fcz\u00fc unuttu\u011fumuz ve de\u011ferlerin \u00e7ok kolayca harcanabildi\u011fi bir d\u00fcnyada&#8230; B\u00f6yle bir d\u00fcnyada insan\u0131n y\u00fcz\u00fcn\u00fc g\u00f6rmek nas\u0131l m\u00fcmk\u00fcnd\u00fcr? G\u00f6n\u00fcl g\u00f6z\u00fcyle g\u00f6rmek ne demektir? Hukuk, insanlar\u0131 g\u00f6r\u00fcnmez k\u0131lmaktad\u0131r. Ki\u015fileri\/y\u00fczleri g\u00f6r\u00fcnmez k\u0131larak kendisi adaletsizli\u011fe yol a\u00e7an bir kurumun, adaletsizlikleri g\u00f6rmesi m\u00fcmk\u00fcn m\u00fcd\u00fcr? M\u00fcmk\u00fcnse, hukukta adaletsizlik nas\u0131l ortaya konur? H\u00e2kimin, kendi y\u00fcz\u00fcn\u00fc unutmadan, kar\u015f\u0131s\u0131ndakilerin y\u00fcz\u00fcn\u00fc g\u00f6rmesi nas\u0131l m\u00fcmk\u00fcnd\u00fcr? Bu kitapta G\u00fclriz Uygur, bu ve benzeri sorular\u0131 sormakta ve K\u00fc\u00e7\u00fck Prens, As\u0131lacak Kad\u0131n ve Okuyucu gibi romanlar\u0131n e\u015fli\u011finde, onlar\u0131 yan\u0131tlamaya giri\u015fmektedir. <\/p>\n","protected":false},"excerpt":{"rendered":"<p>Masum olmayan bir d\u00fcnyada ya\u015f\u0131yoruz. \u0130nsanlar\u0131n y\u00fczlerinin unutuldu\u011fu, kendi y\u00fcz\u00fcm\u00fcz\u00fc unuttu\u011fumuz ve de\u011ferlerin \u00e7ok kolayca harcanabildi\u011fi bir d\u00fcnyada&#8230; B\u00f6yle bir d\u00fcnyada insan\u0131n y\u00fcz\u00fcn\u00fc g\u00f6rmek nas\u0131l m\u00fcmk\u00fcnd\u00fcr?<span class=\"excerpt-hellip\"> [\u2026]<\/span><\/p>\n","protected":false},"featured_media":0,"template":"","meta":{"_monsterinsights_skip_tracking":false,"_monsterinsights_sitenote_active":false,"_monsterinsights_sitenote_note":"","_monsterinsights_sitenote_category":0},"product_brand":[],"product_cat":[12388,13555],"product_tag":[],"class_list":{"0":"post-694389","1":"product","2":"type-product","3":"status-publish","5":"product_cat-felsefe","6":"product_cat-genel-felsefe","7":"pa_cilt-ciltsiz","8":"pa_tur-kitap","9":"pa_yayinevi-turkiye-felsefe-kurumu","10":"pa_yazar-gulriz-uygur","12":"first","13":"instock","14":"sale","15":"shipping-taxable","16":"purchasable","17":"product-type-simple"},"_links":{"self":[{"href":"https:\/\/roveyayinevi.com.tr\/index.php\/wp-json\/wp\/v2\/product\/694389","targetHints":{"allow":["GET"]}}],"collection":[{"href":"https:\/\/roveyayinevi.com.tr\/index.php\/wp-json\/wp\/v2\/product"}],"about":[{"href":"https:\/\/roveyayinevi.com.tr\/index.php\/wp-json\/wp\/v2\/types\/product"}],"wp:attachment":[{"href":"https:\/\/roveyayinevi.com.tr\/index.php\/wp-json\/wp\/v2\/media?parent=694389"}],"wp:term":[{"taxonomy":"product_brand","embeddable":true,"href":"https:\/\/roveyayinevi.com.tr\/index.php\/wp-json\/wp\/v2\/product_brand?post=694389"},{"taxonomy":"product_cat","embeddable":true,"href":"https:\/\/roveyayinevi.com.tr\/index.php\/wp-json\/wp\/v2\/product_cat?post=694389"},{"taxonomy":"product_tag","embeddable":true,"href":"https:\/\/roveyayinevi.com.tr\/index.php\/wp-json\/wp\/v2\/product_tag?post=694389"}],"curies":[{"name":"wp","href":"https:\/\/api.w.org\/{rel}","templated":true}]}}