{"id":694386,"date":"2025-08-27T14:20:53","date_gmt":"2025-08-27T11:20:53","guid":{"rendered":"https:\/\/roveyayinevi.com.tr\/index.php\/urun\/palomar\/"},"modified":"2026-04-16T02:04:31","modified_gmt":"2026-04-15T23:04:31","slug":"palomar","status":"publish","type":"product","link":"https:\/\/roveyayinevi.com.tr\/index.php\/urun\/palomar\/","title":{"rendered":"Palomar"},"content":{"rendered":"<p>\u0130talyan edebiyat\u0131n\u0131n \u00fcnl\u00fc kalemlerinden Italo Calvino&#8217;nun \u00f6l\u00fcm\u00fcnden \u00fc\u00e7 sene \u00f6nce yay\u0131mlad\u0131\u011f\u0131 Palomar adl\u0131 bu kitab\u0131, yay\u0131mlad\u0131\u011f\u0131 Palomar adl\u0131 bu kitab\u0131, yazar\u0131n daha \u00f6nce Corriere della Sera ve Repubblica adl\u0131 gazetelerde yay\u0131mlad\u0131\u011f\u0131 yaz\u0131lar\u0131 \u00fczerinden \u015fekillenmi\u015f. Ad\u0131n\u0131 Kaliforniya&#8217;daki \u00fcnl\u00fc g\u00f6zlemevinden alan suskun karakter Bay Palomar, ya\u015famdaki yanl\u0131\u015f anlamalar, karars\u0131zl\u0131klar, uzla\u015fmalar ve yar\u0131m kalm\u0131\u015f i\u015fler karga\u015fas\u0131nda ne yapaca\u011f\u0131n\u0131 \u015fa\u015f\u0131r\u0131yor. Sonunda tek bir \u00e7\u0131kar yol buluyor: Kendini tan\u0131mak, i\u00e7 co\u011frafyas\u0131n\u0131 ke\u015ffetmek, ruhunun devinimlerinin diyagram\u0131n\u0131 \u00e7izmek&#8230; B\u00fct\u00fcn bunlar\u0131 yapabilmek i\u00e7in evreni bir ayna olarak kullanmas\u0131 gerekti\u011fine karar veriyor. Calvino Palomar&#8217;\u0131 \u015f\u00f6yle anlat\u0131yor; Hepsini yeniden okuyunca, Palomar&#8217;\u0131n hikayesinin iki c\u00fcmleyle \u015f\u00f6yle \u00f6zetlenebilece\u011fini g\u00f6r\u00fcyorum: &#8216;Bir adam, ad\u0131m ad\u0131m bilgeli\u011fe ula\u015fmak i\u00e7in y\u00fcr\u00fcy\u00fc\u015fe \u00e7\u0131k\u0131yor. Hala varamad\u0131&#8230;.&#8217; <\/p>\n","protected":false},"excerpt":{"rendered":"<p>\u0130talyan edebiyat\u0131n\u0131n \u00fcnl\u00fc kalemlerinden Italo Calvino&#8217;nun \u00f6l\u00fcm\u00fcnden \u00fc\u00e7 sene \u00f6nce yay\u0131mlad\u0131\u011f\u0131 Palomar adl\u0131 bu kitab\u0131, yay\u0131mlad\u0131\u011f\u0131 Palomar adl\u0131 bu kitab\u0131, yazar\u0131n daha \u00f6nce Corriere della Sera<span class=\"excerpt-hellip\"> [\u2026]<\/span><\/p>\n","protected":false},"featured_media":0,"template":"","meta":{"_monsterinsights_skip_tracking":false,"_monsterinsights_sitenote_active":false,"_monsterinsights_sitenote_note":"","_monsterinsights_sitenote_category":0},"product_brand":[],"product_cat":[12291,14218],"product_tag":[],"class_list":{"0":"post-694386","1":"product","2":"type-product","3":"status-publish","5":"product_cat-edebiyat","6":"product_cat-italyan-edebiyati","7":"pa_cilt-ciltsiz","8":"pa_tur-kitap","9":"pa_yayinevi-yapi-kredi-yayinlari","10":"pa_yazar-italo-calvino","12":"first","13":"instock","14":"sale","15":"shipping-taxable","16":"purchasable","17":"product-type-simple"},"_links":{"self":[{"href":"https:\/\/roveyayinevi.com.tr\/index.php\/wp-json\/wp\/v2\/product\/694386","targetHints":{"allow":["GET"]}}],"collection":[{"href":"https:\/\/roveyayinevi.com.tr\/index.php\/wp-json\/wp\/v2\/product"}],"about":[{"href":"https:\/\/roveyayinevi.com.tr\/index.php\/wp-json\/wp\/v2\/types\/product"}],"wp:attachment":[{"href":"https:\/\/roveyayinevi.com.tr\/index.php\/wp-json\/wp\/v2\/media?parent=694386"}],"wp:term":[{"taxonomy":"product_brand","embeddable":true,"href":"https:\/\/roveyayinevi.com.tr\/index.php\/wp-json\/wp\/v2\/product_brand?post=694386"},{"taxonomy":"product_cat","embeddable":true,"href":"https:\/\/roveyayinevi.com.tr\/index.php\/wp-json\/wp\/v2\/product_cat?post=694386"},{"taxonomy":"product_tag","embeddable":true,"href":"https:\/\/roveyayinevi.com.tr\/index.php\/wp-json\/wp\/v2\/product_tag?post=694386"}],"curies":[{"name":"wp","href":"https:\/\/api.w.org\/{rel}","templated":true}]}}