{"id":694375,"date":"2025-08-27T14:20:50","date_gmt":"2025-08-27T11:20:50","guid":{"rendered":"https:\/\/roveyayinevi.com.tr\/index.php\/urun\/siir-cilingiri\/"},"modified":"2026-04-16T02:04:31","modified_gmt":"2026-04-15T23:04:31","slug":"siir-cilingiri","status":"publish","type":"product","link":"https:\/\/roveyayinevi.com.tr\/index.php\/urun\/siir-cilingiri\/","title":{"rendered":"\u015eiir \u00c7ilingiri"},"content":{"rendered":"<p>Do\u011fan H\u0131zlan, \u015fiirin halesini biraz daha geni\u015fletmek i\u00e7in yazd\u0131\u011f\u0131 yaz\u0131larla okuru,\u015fiir \u00fcst\u00fcne d\u00fc\u015f\u00fcnmeye \u00e7a\u011f\u0131r\u0131yor bu kez.Her zamanki yal\u0131n ve d\u00fczeyli yakla\u015f\u0131m\u0131yla;dayatan de\u011fil,arayan s\u00f6ylemiyle, T\u00fcrk \u015fiirinin her dura\u011f\u0131nda uzun uzun soluklanman\u0131z\u0131 sa\u011fl\u0131yor.\u0130stiyor ki, \u015fairlerin d\u00fcnyas\u0131na aralanan kap\u0131lardan i\u00e7eriye girerken \u00e7ekingen ya da \u00f6nyarg\u0131l\u0131 davranmayas\u0131n\u0131z.<\/p>\n","protected":false},"excerpt":{"rendered":"<p>Do\u011fan H\u0131zlan, \u015fiirin halesini biraz daha geni\u015fletmek i\u00e7in yazd\u0131\u011f\u0131 yaz\u0131larla okuru,\u015fiir \u00fcst\u00fcne d\u00fc\u015f\u00fcnmeye \u00e7a\u011f\u0131r\u0131yor bu kez.Her zamanki yal\u0131n ve d\u00fczeyli yakla\u015f\u0131m\u0131yla;dayatan de\u011fil,arayan s\u00f6ylemiyle, T\u00fcrk \u015fiirinin her<span class=\"excerpt-hellip\"> [\u2026]<\/span><\/p>\n","protected":false},"featured_media":0,"template":"","meta":{"_monsterinsights_skip_tracking":false,"_monsterinsights_sitenote_active":false,"_monsterinsights_sitenote_note":"","_monsterinsights_sitenote_category":0},"product_brand":[],"product_cat":[12291,12509],"product_tag":[],"class_list":{"0":"post-694375","1":"product","2":"type-product","3":"status-publish","5":"product_cat-edebiyat","6":"product_cat-siir","7":"pa_cilt-ciltsiz","8":"pa_tur-kitap","9":"pa_yayinevi-yapi-kredi-yayinlari","10":"pa_yazar-dogan-hizlan","12":"first","13":"instock","14":"sale","15":"shipping-taxable","16":"purchasable","17":"product-type-simple"},"_links":{"self":[{"href":"https:\/\/roveyayinevi.com.tr\/index.php\/wp-json\/wp\/v2\/product\/694375","targetHints":{"allow":["GET"]}}],"collection":[{"href":"https:\/\/roveyayinevi.com.tr\/index.php\/wp-json\/wp\/v2\/product"}],"about":[{"href":"https:\/\/roveyayinevi.com.tr\/index.php\/wp-json\/wp\/v2\/types\/product"}],"wp:attachment":[{"href":"https:\/\/roveyayinevi.com.tr\/index.php\/wp-json\/wp\/v2\/media?parent=694375"}],"wp:term":[{"taxonomy":"product_brand","embeddable":true,"href":"https:\/\/roveyayinevi.com.tr\/index.php\/wp-json\/wp\/v2\/product_brand?post=694375"},{"taxonomy":"product_cat","embeddable":true,"href":"https:\/\/roveyayinevi.com.tr\/index.php\/wp-json\/wp\/v2\/product_cat?post=694375"},{"taxonomy":"product_tag","embeddable":true,"href":"https:\/\/roveyayinevi.com.tr\/index.php\/wp-json\/wp\/v2\/product_tag?post=694375"}],"curies":[{"name":"wp","href":"https:\/\/api.w.org\/{rel}","templated":true}]}}