{"id":694374,"date":"2025-08-27T14:20:49","date_gmt":"2025-08-27T11:20:49","guid":{"rendered":"https:\/\/roveyayinevi.com.tr\/index.php\/urun\/yeni-konuklar\/"},"modified":"2026-04-16T02:04:31","modified_gmt":"2026-04-15T23:04:31","slug":"yeni-konuklar","status":"publish","type":"product","link":"https:\/\/roveyayinevi.com.tr\/index.php\/urun\/yeni-konuklar\/","title":{"rendered":"Yeni Konuklar"},"content":{"rendered":"<p>Yeni Konuklar , Almanya\u2019da ya\u015fayan yurtta\u015flar\u0131m\u0131za \u00f6zg\u00fcn bir bak\u0131\u015f getiren bir yap\u0131t. Yeni ku\u015faklar yeti\u015fiyor, ama neleri feda ederek, ne fedakarl\u0131klarla! Y\u00fcre\u011fiyle bakmas\u0131n\u0131 bilen bir yazar, denemeleri, r\u00f6portaj ve ara\u015ft\u0131rmalar\u0131yla, kaynak olarak da kullan\u0131lan de\u011ferli bir yap\u0131ta imzas\u0131n\u0131 att\u0131. Bildik bir konuya bamba\u015fka bir kap\u0131 aralan\u0131yor Yeni Konuklar la. \ufffcTan\u0131t\u0131m Metni<\/p>\n","protected":false},"excerpt":{"rendered":"<p>Yeni Konuklar , Almanya\u2019da ya\u015fayan yurtta\u015flar\u0131m\u0131za \u00f6zg\u00fcn bir bak\u0131\u015f getiren bir yap\u0131t. Yeni ku\u015faklar yeti\u015fiyor, ama neleri feda ederek, ne fedakarl\u0131klarla! Y\u00fcre\u011fiyle bakmas\u0131n\u0131 bilen bir yazar,<span class=\"excerpt-hellip\"> [\u2026]<\/span><\/p>\n","protected":false},"featured_media":0,"template":"","meta":{"_monsterinsights_skip_tracking":false,"_monsterinsights_sitenote_active":false,"_monsterinsights_sitenote_note":"","_monsterinsights_sitenote_category":0},"product_brand":[],"product_cat":[13633,12324],"product_tag":[],"class_list":{"0":"post-694374","1":"product","2":"type-product","3":"status-publish","5":"product_cat-kultur-ve-bilim","6":"product_cat-sosyoloji","7":"pa_cilt-ciltsiz","8":"pa_tur-kitap","9":"pa_yayinevi-yapi-kredi-yayinlari","10":"pa_yazar-furuzan","12":"first","13":"instock","14":"sale","15":"shipping-taxable","16":"purchasable","17":"product-type-simple"},"_links":{"self":[{"href":"https:\/\/roveyayinevi.com.tr\/index.php\/wp-json\/wp\/v2\/product\/694374","targetHints":{"allow":["GET"]}}],"collection":[{"href":"https:\/\/roveyayinevi.com.tr\/index.php\/wp-json\/wp\/v2\/product"}],"about":[{"href":"https:\/\/roveyayinevi.com.tr\/index.php\/wp-json\/wp\/v2\/types\/product"}],"wp:attachment":[{"href":"https:\/\/roveyayinevi.com.tr\/index.php\/wp-json\/wp\/v2\/media?parent=694374"}],"wp:term":[{"taxonomy":"product_brand","embeddable":true,"href":"https:\/\/roveyayinevi.com.tr\/index.php\/wp-json\/wp\/v2\/product_brand?post=694374"},{"taxonomy":"product_cat","embeddable":true,"href":"https:\/\/roveyayinevi.com.tr\/index.php\/wp-json\/wp\/v2\/product_cat?post=694374"},{"taxonomy":"product_tag","embeddable":true,"href":"https:\/\/roveyayinevi.com.tr\/index.php\/wp-json\/wp\/v2\/product_tag?post=694374"}],"curies":[{"name":"wp","href":"https:\/\/api.w.org\/{rel}","templated":true}]}}