{"id":694372,"date":"2025-08-27T14:20:49","date_gmt":"2025-08-27T11:20:49","guid":{"rendered":"https:\/\/roveyayinevi.com.tr\/index.php\/urun\/yazilar-masallar-kehanetler-nukteler-ve-digerleri\/"},"modified":"2026-04-16T02:04:31","modified_gmt":"2026-04-15T23:04:31","slug":"yazilar-masallar-kehanetler-nukteler-ve-digerleri","status":"publish","type":"product","link":"https:\/\/roveyayinevi.com.tr\/index.php\/urun\/yazilar-masallar-kehanetler-nukteler-ve-digerleri\/","title":{"rendered":"Yaz\u0131lar &#8211; Masallar, Kehanetler, N\u00fckteler ve Di\u011ferleri"},"content":{"rendered":"<p>Leonardo da Vinci (1452-1519) Yaz\u0131lar &#8211; Masallar, Kehanetler, N\u00fckteler ve Di\u011ferleri, d\u00fcnya tarihinin b\u00fcy\u00fck dehalar\u0131ndan, \u00e7ok y\u00f6nl\u00fc R\u00f6nesans adam\u0131 Da Vinci&#8217;nin do\u011frudan bilimsel ara\u015ft\u0131rmalar\u0131 ya da g\u00f6rsel sanatlarla ilgili yaz\u0131lar\u0131 d\u0131\u015f\u0131ndaki b\u00fct\u00fcn metinlerini bir araya getiriyor. \u0130lk bask\u0131s\u0131 1952&#8217;de yap\u0131lan Yaz\u0131lar, Da Vinci&#8217;nin bizzat kaleme ald\u0131\u011f\u0131, yakla\u015f\u0131k yedi y\u00fcz sayfal\u0131k iki elyazmas\u0131 1967 y\u0131l\u0131nda Madrid Ulusal K\u00fct\u00fcphanesi&#8217;nde bulununca, geni\u015fletilmi\u015f yeni bask\u0131s\u0131yla okurla bulu\u015fur. Madrid elyazmalar\u0131nda Da Vinci resim ve mekanik ilgisini bir yana b\u0131rak\u0131r ve farkl\u0131 alanlarda d\u00fc\u015f\u00fcncelerini kaleme al\u0131r. Augusto Marinoni (1911-97) Milano Katolik \u00dcniversitesi&#8217;nde \u0130talyan Dili Tarihi \u00fczerine dersler veren Marinoni, Da Vinci&#8217;nin felsefi ve bilimsel d\u00fc\u015f\u00fcncesiyle ilgilenen en yetkin ara\u015ft\u0131rmac\u0131 olarak de\u011ferlendiriliyor. <\/p>\n","protected":false},"excerpt":{"rendered":"<p>Leonardo da Vinci (1452-1519) Yaz\u0131lar &#8211; Masallar, Kehanetler, N\u00fckteler ve Di\u011ferleri, d\u00fcnya tarihinin b\u00fcy\u00fck dehalar\u0131ndan, \u00e7ok y\u00f6nl\u00fc R\u00f6nesans adam\u0131 Da Vinci&#8217;nin do\u011frudan bilimsel ara\u015ft\u0131rmalar\u0131 ya da<span class=\"excerpt-hellip\"> [\u2026]<\/span><\/p>\n","protected":false},"featured_media":0,"template":"","meta":{"_monsterinsights_skip_tracking":false,"_monsterinsights_sitenote_active":false,"_monsterinsights_sitenote_note":"","_monsterinsights_sitenote_category":0},"product_brand":[],"product_cat":[12291,13706],"product_tag":[],"class_list":{"0":"post-694372","1":"product","2":"type-product","3":"status-publish","5":"product_cat-edebiyat","6":"product_cat-efsane-destan-masal","7":"pa_cilt-ciltsiz","8":"pa_tur-kitap","9":"pa_yayinevi-yapi-kredi-yayinlari","10":"pa_yazar-leonardo-da-vinci","12":"first","13":"instock","14":"sale","15":"shipping-taxable","16":"purchasable","17":"product-type-simple"},"_links":{"self":[{"href":"https:\/\/roveyayinevi.com.tr\/index.php\/wp-json\/wp\/v2\/product\/694372","targetHints":{"allow":["GET"]}}],"collection":[{"href":"https:\/\/roveyayinevi.com.tr\/index.php\/wp-json\/wp\/v2\/product"}],"about":[{"href":"https:\/\/roveyayinevi.com.tr\/index.php\/wp-json\/wp\/v2\/types\/product"}],"wp:attachment":[{"href":"https:\/\/roveyayinevi.com.tr\/index.php\/wp-json\/wp\/v2\/media?parent=694372"}],"wp:term":[{"taxonomy":"product_brand","embeddable":true,"href":"https:\/\/roveyayinevi.com.tr\/index.php\/wp-json\/wp\/v2\/product_brand?post=694372"},{"taxonomy":"product_cat","embeddable":true,"href":"https:\/\/roveyayinevi.com.tr\/index.php\/wp-json\/wp\/v2\/product_cat?post=694372"},{"taxonomy":"product_tag","embeddable":true,"href":"https:\/\/roveyayinevi.com.tr\/index.php\/wp-json\/wp\/v2\/product_tag?post=694372"}],"curies":[{"name":"wp","href":"https:\/\/api.w.org\/{rel}","templated":true}]}}