{"id":694368,"date":"2025-08-27T14:20:48","date_gmt":"2025-08-27T11:20:48","guid":{"rendered":"https:\/\/roveyayinevi.com.tr\/index.php\/urun\/yeryuzunden-binbir-efsane-bakir-daglar-kor-kuyular-buyulu-kuslar\/"},"modified":"2026-04-16T02:04:31","modified_gmt":"2026-04-15T23:04:31","slug":"yeryuzunden-binbir-efsane-bakir-daglar-kor-kuyular-buyulu-kuslar","status":"publish","type":"product","link":"https:\/\/roveyayinevi.com.tr\/index.php\/urun\/yeryuzunden-binbir-efsane-bakir-daglar-kor-kuyular-buyulu-kuslar\/","title":{"rendered":"Yery\u00fcz\u00fcnden Binbir Efsane &#8211; Bak\u0131r Da\u011flar, K\u00f6r Kuyular, B\u00fcy\u00fcl\u00fc Ku\u015flar"},"content":{"rendered":"<p>Yery\u00fcz\u00fcnden Binbir Efsane \/ Bak\u0131r Da\u011flar, K\u00f6r Kuyular, B\u00fcy\u00fcl\u00fc Ku\u015flar&#8217;da Filiz \u00d6zdem, her ya\u015ftan gen\u00e7 i\u00e7in bir masal alemi kuruyor. Bu aleme, Aysu Ko\u00e7ak grav\u00fcr tad\u0131ndaki desenleriyle e\u015flik ediyor. Efsaneler resimlere, resimler efsanelere kar\u0131\u015f\u0131yor. \u015e\u0131klar m\u0131 istersiniz, tanr\u0131lar m\u0131, asiler, kahramanlar, h\u00fck\u00fcmdarlar, canavarlar, \u015feytanlar, do\u011fa\u00fcst\u00fc g\u00fc\u00e7ler mi yoksa&#8230; Felaketler, mucizeler, kehanetler, r\u00fcyalar, s\u0131rlar aras\u0131ndan s\u0131yr\u0131larak kulelere mi \u00e7\u0131kmak, kuyulara m\u0131 inmek, ma\u011faralara m\u0131 sokulmak istersiniz? Belki Samanyolu&#8217;nda gezinmek istersiniz ya da Nuh&#8217;un gemisini yapmak i\u00e7in kollar\u0131 s\u0131vamak&#8230; B\u00fct\u00fcn bu efsanelere, insano\u011flu hayal etmenin s\u0131n\u0131r\u0131 olmad\u0131\u011f\u0131n\u0131 kan\u0131tlamak i\u00e7in didinip durmu\u015f onbinlerce y\u0131l. Hayallere devam edelim&#8230; Kitab\u0131n g\u00fczergah\u0131 \u0130stanbul&#8217;da ba\u015flay\u0131p yine \u0130stanbul&#8217;da son buluyor. K\u0131talar ge\u00e7ip okyanuslar ar\u015f\u0131nlayarak, Hint, Yunan, \u00c7ingene, Cermen, T\u00fcrk, K\u00fcrt, Ermeni, K\u0131z\u0131lderili, Eskimo, Aztek, Maya ve daha nice k\u00fclt\u00fcr\u00fcn efsanesiyle kah Anadolu&#8217;yu kar\u0131\u015flayacak kah Asya&#8217;dan Amerika&#8217;ya, Avrupa&#8217;dan Avustralya&#8217;ya, Kutuplar&#8217;dan Afrika&#8217;ya savrulacaks\u0131n\u0131z. Co\u011frafyan\u0131n birbirine kar\u0131\u015ft\u0131\u011f\u0131, zaman\u0131n silindi\u011fi karde\u015f efsaneler diyar\u0131nda doyumsuz bir yolculu\u011fa kim hay\u0131r diyebilir ki?<\/p>\n","protected":false},"excerpt":{"rendered":"<p>Yery\u00fcz\u00fcnden Binbir Efsane \/ Bak\u0131r Da\u011flar, K\u00f6r Kuyular, B\u00fcy\u00fcl\u00fc Ku\u015flar&#8217;da Filiz \u00d6zdem, her ya\u015ftan gen\u00e7 i\u00e7in bir masal alemi kuruyor. Bu aleme, Aysu Ko\u00e7ak grav\u00fcr tad\u0131ndaki<span class=\"excerpt-hellip\"> [\u2026]<\/span><\/p>\n","protected":false},"featured_media":0,"template":"","meta":{"_monsterinsights_skip_tracking":false,"_monsterinsights_sitenote_active":false,"_monsterinsights_sitenote_note":"","_monsterinsights_sitenote_category":0},"product_brand":[],"product_cat":[12291,13706],"product_tag":[],"class_list":{"0":"post-694368","1":"product","2":"type-product","3":"status-publish","5":"product_cat-edebiyat","6":"product_cat-efsane-destan-masal","7":"pa_cilt-ciltsiz","8":"pa_tur-kitap","9":"pa_yayinevi-yapi-kredi-yayinlari","10":"pa_yazar-filiz-ozdem","12":"first","13":"instock","14":"sale","15":"shipping-taxable","16":"purchasable","17":"product-type-simple"},"_links":{"self":[{"href":"https:\/\/roveyayinevi.com.tr\/index.php\/wp-json\/wp\/v2\/product\/694368","targetHints":{"allow":["GET"]}}],"collection":[{"href":"https:\/\/roveyayinevi.com.tr\/index.php\/wp-json\/wp\/v2\/product"}],"about":[{"href":"https:\/\/roveyayinevi.com.tr\/index.php\/wp-json\/wp\/v2\/types\/product"}],"wp:attachment":[{"href":"https:\/\/roveyayinevi.com.tr\/index.php\/wp-json\/wp\/v2\/media?parent=694368"}],"wp:term":[{"taxonomy":"product_brand","embeddable":true,"href":"https:\/\/roveyayinevi.com.tr\/index.php\/wp-json\/wp\/v2\/product_brand?post=694368"},{"taxonomy":"product_cat","embeddable":true,"href":"https:\/\/roveyayinevi.com.tr\/index.php\/wp-json\/wp\/v2\/product_cat?post=694368"},{"taxonomy":"product_tag","embeddable":true,"href":"https:\/\/roveyayinevi.com.tr\/index.php\/wp-json\/wp\/v2\/product_tag?post=694368"}],"curies":[{"name":"wp","href":"https:\/\/api.w.org\/{rel}","templated":true}]}}