{"id":694365,"date":"2025-08-27T14:20:47","date_gmt":"2025-08-27T11:20:47","guid":{"rendered":"https:\/\/roveyayinevi.com.tr\/index.php\/urun\/robinson-crusoe-8\/"},"modified":"2026-04-16T02:04:31","modified_gmt":"2026-04-15T23:04:31","slug":"robinson-crusoe-8","status":"publish","type":"product","link":"https:\/\/roveyayinevi.com.tr\/index.php\/urun\/robinson-crusoe-8\/","title":{"rendered":"Robinson Crusoe"},"content":{"rendered":"<p>Sa\u011f olarak karaya ayak basabilmi\u015ftim; g\u00f6zlerimi yukar\u0131ya kald\u0131rarak daha birka\u00e7 dakika \u00f6nce hi\u00e7bir umut yokken \u015fimdi kurtulmu\u015f olmamdan dolay\u0131 Tanr\u0131&#8217;ya \u015f\u00fckrettim. B\u00f6yle, mezar\u0131n e\u015fi\u011finden d\u00f6nercesine kurtulan bir ruhun ya\u015fayaca\u011f\u0131 co\u015fkunluklarla sevin\u00e7leri ger\u00e7e\u011fe uygun olarak anlatmak ba\u015far\u0131labilecek bir \u015fey de\u011fildir san\u0131r\u0131m; boynuna ip ge\u00e7irilmi\u015f de tam as\u0131lmak \u00fczere olan bir caniye su\u00e7unun ba\u011f\u0131\u015fland\u0131\u011f\u0131 bildirilecek olursa, \u015fa\u015fk\u0131nl\u0131ktan kendini yitirip y\u00fcre\u011fi durmas\u0131n diye, gerekti\u011finde kan alacak bir cerrah\u0131n o anda haz\u0131r bulundurulmas\u0131 yasas\u0131na hi\u00e7 \u015fa\u015fm\u0131yorum art\u0131k: Apans\u0131z gelen sevin\u00e7ler, ac\u0131lar gibi, sarsar ilkin. Iss\u0131z Ada : her \u00e7ocu\u011fun&#8230; ve \u00e7ocuk kalmakta \u0131srarl\u0131 her b\u00fcy\u00fc\u011f\u00fcn vazge\u00e7emedi\u011fi tek d\u00fc\u015f; Iss\u0131z Ada : u\u00e7suz bucaks\u0131z bir ser\u00fcven&#8230; ve t\u00fcm zorluklar\u0131na kar\u015f\u0131n s\u0131n\u0131rs\u0131z \u00f6zg\u00fcrl\u00fck; Iss\u0131z Ada : bir tek ki\u015filik \u00fctopya! \u00d6nce Robinson&#8217;un, sonra Robinson ile Cuma&#8217;n\u0131n, en son, orada yerle\u015fmeyi se\u00e7en bir avu\u00e7 insan\u0131yla Ada&#8217;n\u0131n hikayesi! <\/p>\n","protected":false},"excerpt":{"rendered":"<p>Sa\u011f olarak karaya ayak basabilmi\u015ftim; g\u00f6zlerimi yukar\u0131ya kald\u0131rarak daha birka\u00e7 dakika \u00f6nce hi\u00e7bir umut yokken \u015fimdi kurtulmu\u015f olmamdan dolay\u0131 Tanr\u0131&#8217;ya \u015f\u00fckrettim. B\u00f6yle, mezar\u0131n e\u015fi\u011finden d\u00f6nercesine kurtulan<span class=\"excerpt-hellip\"> [\u2026]<\/span><\/p>\n","protected":false},"featured_media":0,"template":"","meta":{"_monsterinsights_skip_tracking":false,"_monsterinsights_sitenote_active":false,"_monsterinsights_sitenote_note":"","_monsterinsights_sitenote_category":0},"product_brand":[],"product_cat":[12291,12866],"product_tag":[],"class_list":{"0":"post-694365","1":"product","2":"type-product","3":"status-publish","5":"product_cat-edebiyat","6":"product_cat-ingiliz-edebiyati","7":"pa_cilt-ciltsiz","8":"pa_tur-kitap","9":"pa_yayinevi-yapi-kredi-yayinlari","10":"pa_yazar-daniel-defoe","12":"first","13":"instock","14":"sale","15":"shipping-taxable","16":"purchasable","17":"product-type-simple"},"_links":{"self":[{"href":"https:\/\/roveyayinevi.com.tr\/index.php\/wp-json\/wp\/v2\/product\/694365","targetHints":{"allow":["GET"]}}],"collection":[{"href":"https:\/\/roveyayinevi.com.tr\/index.php\/wp-json\/wp\/v2\/product"}],"about":[{"href":"https:\/\/roveyayinevi.com.tr\/index.php\/wp-json\/wp\/v2\/types\/product"}],"wp:attachment":[{"href":"https:\/\/roveyayinevi.com.tr\/index.php\/wp-json\/wp\/v2\/media?parent=694365"}],"wp:term":[{"taxonomy":"product_brand","embeddable":true,"href":"https:\/\/roveyayinevi.com.tr\/index.php\/wp-json\/wp\/v2\/product_brand?post=694365"},{"taxonomy":"product_cat","embeddable":true,"href":"https:\/\/roveyayinevi.com.tr\/index.php\/wp-json\/wp\/v2\/product_cat?post=694365"},{"taxonomy":"product_tag","embeddable":true,"href":"https:\/\/roveyayinevi.com.tr\/index.php\/wp-json\/wp\/v2\/product_tag?post=694365"}],"curies":[{"name":"wp","href":"https:\/\/api.w.org\/{rel}","templated":true}]}}