{"id":694364,"date":"2025-08-27T14:20:47","date_gmt":"2025-08-27T11:20:47","guid":{"rendered":"https:\/\/roveyayinevi.com.tr\/index.php\/urun\/red-kit-toplu-albumleri-4\/"},"modified":"2026-04-16T02:04:31","modified_gmt":"2026-04-15T23:04:31","slug":"red-kit-toplu-albumleri-4","status":"publish","type":"product","link":"https:\/\/roveyayinevi.com.tr\/index.php\/urun\/red-kit-toplu-albumleri-4\/","title":{"rendered":"Red Kit &#8211; Toplu Alb\u00fcmleri 4"},"content":{"rendered":"<p>Lucky Luke Mavi Ayaklara Kar\u015f\u0131! -Kurusa bakma \u015ferif yine on dolar kaybettin -Ay\u0131n 13. G\u00fcn\u00fc poker oynamayacakt\u0131m&#8230; Bana hep u\u011fursuz geliyor. -Dur gitme tam \u015fans\u0131n\u0131n a\u00e7\u0131laca\u011f\u0131 zamand\u0131r belki&#8230; -Bu tav\u015fanaya\u011f\u0131 bana hep u\u011fur getirir! Seni de b\u00fct\u00fcn u\u011fursuzluklardan koruyabilir! -Sahimi? \ufffc<\/p>\n","protected":false},"excerpt":{"rendered":"<p>Lucky Luke Mavi Ayaklara Kar\u015f\u0131! -Kurusa bakma \u015ferif yine on dolar kaybettin -Ay\u0131n 13. G\u00fcn\u00fc poker oynamayacakt\u0131m&#8230; Bana hep u\u011fursuz geliyor. -Dur gitme tam \u015fans\u0131n\u0131n a\u00e7\u0131laca\u011f\u0131<span class=\"excerpt-hellip\"> [\u2026]<\/span><\/p>\n","protected":false},"featured_media":0,"template":"","meta":{"_monsterinsights_skip_tracking":false,"_monsterinsights_sitenote_active":false,"_monsterinsights_sitenote_note":"","_monsterinsights_sitenote_category":0},"product_brand":[],"product_cat":[12689,12274],"product_tag":[],"class_list":{"0":"post-694364","1":"product","2":"type-product","3":"status-publish","5":"product_cat-cizgi-roman-cocuk-ve-genclik-kitaplari","6":"product_cat-cocuk-ve-genclik-kitaplari","7":"pa_cilt-ciltsiz","8":"pa_tur-kitap","9":"pa_yayinevi-yapi-kredi-yayinlari","10":"pa_yazar-goscinny","12":"first","13":"instock","14":"sale","15":"shipping-taxable","16":"purchasable","17":"product-type-simple"},"_links":{"self":[{"href":"https:\/\/roveyayinevi.com.tr\/index.php\/wp-json\/wp\/v2\/product\/694364","targetHints":{"allow":["GET"]}}],"collection":[{"href":"https:\/\/roveyayinevi.com.tr\/index.php\/wp-json\/wp\/v2\/product"}],"about":[{"href":"https:\/\/roveyayinevi.com.tr\/index.php\/wp-json\/wp\/v2\/types\/product"}],"wp:attachment":[{"href":"https:\/\/roveyayinevi.com.tr\/index.php\/wp-json\/wp\/v2\/media?parent=694364"}],"wp:term":[{"taxonomy":"product_brand","embeddable":true,"href":"https:\/\/roveyayinevi.com.tr\/index.php\/wp-json\/wp\/v2\/product_brand?post=694364"},{"taxonomy":"product_cat","embeddable":true,"href":"https:\/\/roveyayinevi.com.tr\/index.php\/wp-json\/wp\/v2\/product_cat?post=694364"},{"taxonomy":"product_tag","embeddable":true,"href":"https:\/\/roveyayinevi.com.tr\/index.php\/wp-json\/wp\/v2\/product_tag?post=694364"}],"curies":[{"name":"wp","href":"https:\/\/api.w.org\/{rel}","templated":true}]}}