{"id":694363,"date":"2025-08-27T14:20:47","date_gmt":"2025-08-27T11:20:47","guid":{"rendered":"https:\/\/roveyayinevi.com.tr\/index.php\/urun\/rituelden-drama-kerbela-muharrem-ta-ziye\/"},"modified":"2026-04-16T02:04:31","modified_gmt":"2026-04-15T23:04:31","slug":"rituelden-drama-kerbela-muharrem-ta-ziye","status":"publish","type":"product","link":"https:\/\/roveyayinevi.com.tr\/index.php\/urun\/rituelden-drama-kerbela-muharrem-ta-ziye\/","title":{"rendered":"Rit\u00fcelden Drama Kerbela &#8211; Muharrem &#8211; Ta\u2019 ziye"},"content":{"rendered":"<p>\u0130slam aleminde, Hz. Muhammed&#8217;in amcas\u0131n\u0131n o\u011flu ve damad\u0131 Hz. Ali ile ba\u015flay\u0131p onun b\u00fcy\u00fck o\u011fullar\u0131 Hz. Hasan ve Hz. H\u00fcseyin ve onlar\u0131n \u00e7ocuk ve torunlar\u0131yla devam eden On \u0130ki \u0130mam&#8217;a b\u00fcy\u00fck sayg\u0131 g\u00f6sterilir, siyasal kavgalar s\u0131ras\u0131nda ba\u015flar\u0131na gelen ac\u0131 olaylar i\u00e7in \u00fcz\u00fcnt\u00fc duyulur. Bu sayg\u0131 ve \u00fcz\u00fcnt\u00fc, \u015eii M\u00fcsl\u00fcmanlarda Muharrem ay\u0131n\u0131n ilk on ya da oniki g\u00fcn\u00fcnde yas orucuna ve buna ba\u011fl\u0131 olarak yas t\u00f6renlerine ve \u00f6z\u00fcnde b\u00f6yle b\u00f6yle bir amac\u0131 olmamakla birlikte, ara\u015ft\u0131rmac\u0131lar\u0131n konular\u0131 ve sunulu\u015f bi\u00e7imleri bak\u0131m\u0131ndan bir t\u00fcrk halk tiyatrosu niteli\u011fi bulduklar\u0131 &#8220;ta&#8217;ziye&#8221; g\u00f6sterilerine d\u00f6n\u00fc\u015f\u00fcr. Metin And&#8217;\u0131n ta&#8217;ziye g\u00f6sterilerini T\u00fcrkiye&#8217;de ilk kez ele alan ve tiyatro tarihine bir katk\u0131 say\u0131labilcecek olan bu kitab\u0131, konusunun ilgin\u00e7li\u011fi, uygulanan y\u00f6ntem, var\u0131lan sonu\u00e7lar bak\u0131m\u0131ndan bir bilgi \u015f\u00f6leni; \u00e7o\u011fu ilk kez g\u00f6r\u00fclecek olan y\u00fcz yirmi be\u015f foto\u011fraf, grav\u00fcr ve minyat\u00fcr i\u00e7eren Alb\u00fcm ile de bir g\u00f6rsel sergen \u00f6zelli\u011fi ta\u015f\u0131yor&#8230;<\/p>\n","protected":false},"excerpt":{"rendered":"<p>\u0130slam aleminde, Hz. Muhammed&#8217;in amcas\u0131n\u0131n o\u011flu ve damad\u0131 Hz. Ali ile ba\u015flay\u0131p onun b\u00fcy\u00fck o\u011fullar\u0131 Hz. Hasan ve Hz. H\u00fcseyin ve onlar\u0131n \u00e7ocuk ve torunlar\u0131yla devam<span class=\"excerpt-hellip\"> [\u2026]<\/span><\/p>\n","protected":false},"featured_media":0,"template":"","meta":{"_monsterinsights_skip_tracking":false,"_monsterinsights_sitenote_active":false,"_monsterinsights_sitenote_note":"","_monsterinsights_sitenote_category":0},"product_brand":[],"product_cat":[12409,12408],"product_tag":[],"class_list":{"0":"post-694363","1":"product","2":"type-product","3":"status-publish","5":"product_cat-fotograf-sinema-tiyatro","6":"product_cat-sanat","7":"pa_cilt-ciltsiz","8":"pa_tur-kitap","9":"pa_yayinevi-yapi-kredi-yayinlari","10":"pa_yazar-metin-and","12":"first","13":"instock","14":"sale","15":"shipping-taxable","16":"purchasable","17":"product-type-simple"},"_links":{"self":[{"href":"https:\/\/roveyayinevi.com.tr\/index.php\/wp-json\/wp\/v2\/product\/694363","targetHints":{"allow":["GET"]}}],"collection":[{"href":"https:\/\/roveyayinevi.com.tr\/index.php\/wp-json\/wp\/v2\/product"}],"about":[{"href":"https:\/\/roveyayinevi.com.tr\/index.php\/wp-json\/wp\/v2\/types\/product"}],"wp:attachment":[{"href":"https:\/\/roveyayinevi.com.tr\/index.php\/wp-json\/wp\/v2\/media?parent=694363"}],"wp:term":[{"taxonomy":"product_brand","embeddable":true,"href":"https:\/\/roveyayinevi.com.tr\/index.php\/wp-json\/wp\/v2\/product_brand?post=694363"},{"taxonomy":"product_cat","embeddable":true,"href":"https:\/\/roveyayinevi.com.tr\/index.php\/wp-json\/wp\/v2\/product_cat?post=694363"},{"taxonomy":"product_tag","embeddable":true,"href":"https:\/\/roveyayinevi.com.tr\/index.php\/wp-json\/wp\/v2\/product_tag?post=694363"}],"curies":[{"name":"wp","href":"https:\/\/api.w.org\/{rel}","templated":true}]}}