{"id":694362,"date":"2025-08-27T14:20:46","date_gmt":"2025-08-27T11:20:46","guid":{"rendered":"https:\/\/roveyayinevi.com.tr\/index.php\/urun\/renkler-ve-malzemeleri\/"},"modified":"2026-04-16T02:04:31","modified_gmt":"2026-04-15T23:04:31","slug":"renkler-ve-malzemeleri","status":"publish","type":"product","link":"https:\/\/roveyayinevi.com.tr\/index.php\/urun\/renkler-ve-malzemeleri\/","title":{"rendered":"Renkler ve Malzemeleri"},"content":{"rendered":"<p>M\u00fcrekkebi kim bulmu\u015ftur? Zincifre ya da sidiktorbas\u0131 ye\u015fili ne demektir? Blue-jean\u2019in k\u00f6keni nedir? \u00c7ividin en niteliklisi hangisidir? Z\u0131rn\u0131k sar\u0131s\u0131 neden tehlikelidir? Fran\u00e7ois Delamare\u2019la Bernard Guineau M\u0131s\u0131r g\u00f6m\u00fctlerini s\u00fcsleyen ressamlardan Jouy kuma\u015flar\u0131n\u0131n renklendirilmesine, kitap bezeklerinin renklerinden araba boyamada kullan\u0131lan sedefli pigmentlere, orta\u00e7a\u011f tariflerinden resim analizi sonu\u00e7lar\u0131na uzan\u0131p renk gere\u00e7lerinin gizli d\u00fcnyas\u0131n\u0131n tarihini anlat\u0131yorlar. Bilimsel, teknik ve ekonomik, m\u00fcthi\u015f bir ser\u00fcven: pigmentlerle renklendiricilerin \u00f6yk\u00fcs\u00fc. <\/p>\n","protected":false},"excerpt":{"rendered":"<p>M\u00fcrekkebi kim bulmu\u015ftur? Zincifre ya da sidiktorbas\u0131 ye\u015fili ne demektir? Blue-jean\u2019in k\u00f6keni nedir? \u00c7ividin en niteliklisi hangisidir? Z\u0131rn\u0131k sar\u0131s\u0131 neden tehlikelidir? Fran\u00e7ois Delamare\u2019la Bernard Guineau M\u0131s\u0131r<span class=\"excerpt-hellip\"> [\u2026]<\/span><\/p>\n","protected":false},"featured_media":0,"template":"","meta":{"_monsterinsights_skip_tracking":false,"_monsterinsights_sitenote_active":false,"_monsterinsights_sitenote_note":"","_monsterinsights_sitenote_category":0},"product_brand":[],"product_cat":[12312,12304],"product_tag":[],"class_list":{"0":"post-694362","1":"product","2":"type-product","3":"status-publish","5":"product_cat-diger","6":"product_cat-tarih","7":"pa_cilt-ciltsiz","8":"pa_tur-kitap","9":"pa_yayinevi-yapi-kredi-yayinlari","10":"pa_yazar-francois-delamare","12":"first","13":"instock","14":"sale","15":"shipping-taxable","16":"purchasable","17":"product-type-simple"},"_links":{"self":[{"href":"https:\/\/roveyayinevi.com.tr\/index.php\/wp-json\/wp\/v2\/product\/694362","targetHints":{"allow":["GET"]}}],"collection":[{"href":"https:\/\/roveyayinevi.com.tr\/index.php\/wp-json\/wp\/v2\/product"}],"about":[{"href":"https:\/\/roveyayinevi.com.tr\/index.php\/wp-json\/wp\/v2\/types\/product"}],"wp:attachment":[{"href":"https:\/\/roveyayinevi.com.tr\/index.php\/wp-json\/wp\/v2\/media?parent=694362"}],"wp:term":[{"taxonomy":"product_brand","embeddable":true,"href":"https:\/\/roveyayinevi.com.tr\/index.php\/wp-json\/wp\/v2\/product_brand?post=694362"},{"taxonomy":"product_cat","embeddable":true,"href":"https:\/\/roveyayinevi.com.tr\/index.php\/wp-json\/wp\/v2\/product_cat?post=694362"},{"taxonomy":"product_tag","embeddable":true,"href":"https:\/\/roveyayinevi.com.tr\/index.php\/wp-json\/wp\/v2\/product_tag?post=694362"}],"curies":[{"name":"wp","href":"https:\/\/api.w.org\/{rel}","templated":true}]}}