{"id":694360,"date":"2025-08-27T14:20:46","date_gmt":"2025-08-27T11:20:46","guid":{"rendered":"https:\/\/roveyayinevi.com.tr\/index.php\/urun\/renkkorleri-adasi\/"},"modified":"2026-04-16T02:04:31","modified_gmt":"2026-04-15T23:04:31","slug":"renkkorleri-adasi","status":"publish","type":"product","link":"https:\/\/roveyayinevi.com.tr\/index.php\/urun\/renkkorleri-adasi\/","title":{"rendered":"Renkk\u00f6rleri Adas\u0131"},"content":{"rendered":"<p>Anlatt\u0131\u011f\u0131 n\u00f6rolojik hikayelerle oldu\u011fu kadar, insana, n\u00f6rolojiye, hastalar\u0131na ve do\u011faya yakla\u015f\u0131m bi\u00e7imiyle de farkl\u0131 bir bilim adam\u0131 ve yazard\u0131r Oliver Sacks. Profes\u00f6r Sacks&#8217;\u0131 daha \u00f6nceki kitaplar\u0131nda (Kar\u0131s\u0131n\u0131 \u015eapka Sanan Adam, YKY, 1996; Mars&#8217;ta Bir Antropolog, \u0130leti\u015fim, 1997) amnezinden otistik zekal\u0131lara, tuhaf tiklerden \u00e7e\u015fitli fel\u00e7lere ve tuhaf bellekli insanlara dek olduk\u00e7a geni\u015f n\u00f6roloji deneyimleri ile tan\u0131m\u0131\u015ft\u0131k. Renkk\u00f6rleri Adas\u0131 ile bu kez bizi d\u00fcnyan\u0131n bir ucuna, Mikronezya b\u00f6lgesine g\u00f6t\u00fcr\u00fcyor Sacks. Ve bu adalardaki s\u0131rad\u0131\u015f\u0131 y\u00f6resel hastal\u0131klar\u0131 -Pingelap ve Pohnpei&#8217;de kal\u0131t\u0131msal renkk\u00f6rl\u00fc\u011f\u00fcn\u00fc; Guam ve Rota&#8217;da ilerleyen, \u00f6l\u00fcmc\u00fcl bir n\u00f6rodejeneratif bozuklu\u011fu- anlat\u0131yor. Sacks&#8217;\u0131n di\u011fer kitaplar\u0131 gibi Renkk\u00f6rleri Adas\u0131 da insana ve insan beynine s\u0131cak bir yolculuk. \ufffcTan\u0131t\u0131m Metni<\/p>\n","protected":false},"excerpt":{"rendered":"<p>Anlatt\u0131\u011f\u0131 n\u00f6rolojik hikayelerle oldu\u011fu kadar, insana, n\u00f6rolojiye, hastalar\u0131na ve do\u011faya yakla\u015f\u0131m bi\u00e7imiyle de farkl\u0131 bir bilim adam\u0131 ve yazard\u0131r Oliver Sacks. Profes\u00f6r Sacks&#8217;\u0131 daha \u00f6nceki kitaplar\u0131nda<span class=\"excerpt-hellip\"> [\u2026]<\/span><\/p>\n","protected":false},"featured_media":0,"template":"","meta":{"_monsterinsights_skip_tracking":false,"_monsterinsights_sitenote_active":false,"_monsterinsights_sitenote_note":"","_monsterinsights_sitenote_category":0},"product_brand":[],"product_cat":[12891,12291],"product_tag":[],"class_list":{"0":"post-694360","1":"product","2":"type-product","3":"status-publish","5":"product_cat-amerikan-edebiyati","6":"product_cat-edebiyat","7":"pa_cilt-ciltsiz","8":"pa_tur-kitap","9":"pa_yayinevi-yapi-kredi-yayinlari","10":"pa_yazar-oliver-sacks","12":"first","13":"instock","14":"sale","15":"shipping-taxable","16":"purchasable","17":"product-type-simple"},"_links":{"self":[{"href":"https:\/\/roveyayinevi.com.tr\/index.php\/wp-json\/wp\/v2\/product\/694360","targetHints":{"allow":["GET"]}}],"collection":[{"href":"https:\/\/roveyayinevi.com.tr\/index.php\/wp-json\/wp\/v2\/product"}],"about":[{"href":"https:\/\/roveyayinevi.com.tr\/index.php\/wp-json\/wp\/v2\/types\/product"}],"wp:attachment":[{"href":"https:\/\/roveyayinevi.com.tr\/index.php\/wp-json\/wp\/v2\/media?parent=694360"}],"wp:term":[{"taxonomy":"product_brand","embeddable":true,"href":"https:\/\/roveyayinevi.com.tr\/index.php\/wp-json\/wp\/v2\/product_brand?post=694360"},{"taxonomy":"product_cat","embeddable":true,"href":"https:\/\/roveyayinevi.com.tr\/index.php\/wp-json\/wp\/v2\/product_cat?post=694360"},{"taxonomy":"product_tag","embeddable":true,"href":"https:\/\/roveyayinevi.com.tr\/index.php\/wp-json\/wp\/v2\/product_tag?post=694360"}],"curies":[{"name":"wp","href":"https:\/\/api.w.org\/{rel}","templated":true}]}}