{"id":694352,"date":"2025-08-27T14:20:44","date_gmt":"2025-08-27T11:20:44","guid":{"rendered":"https:\/\/roveyayinevi.com.tr\/index.php\/urun\/baba-olma-sanati\/"},"modified":"2026-04-16T02:04:30","modified_gmt":"2026-04-15T23:04:30","slug":"baba-olma-sanati","status":"publish","type":"product","link":"https:\/\/roveyayinevi.com.tr\/index.php\/urun\/baba-olma-sanati\/","title":{"rendered":"Baba Olma Sanat\u0131"},"content":{"rendered":"<p>Hi\u00e7 kimse iyi baba olarak do\u011fmaz. \u0130yi baba olmak sab\u0131r, sevgi, ara\u015ft\u0131rma ve bilgi i\u015fidir. Bir erkek i\u00e7in, duygusal y\u00f6nden alaca\u011f\u0131 hi\u00e7bir \u00f6d\u00fcl, \u00e7ocuklar\u0131n\u0131n do\u011fduklar\u0131 andan, ya\u015fam\u0131 kendi ba\u015flar\u0131na y\u00fcklenecekleri \u00e7a\u011fa kadar, onlar\u0131 gere\u011fince yeti\u015ftirebilmek kadar doyurucu olamaz .\u00c7ocu\u011fun ki\u015filik geli\u015fiminde yeri doldurulamaz olan babay\u0131 y\u0131llarca  eve ekmek getiren adam  olarak g\u00f6rd\u00fck. Ama toplum ve aile yap\u0131s\u0131ndaki de\u011fi\u015fimler, \u00f6zellikle kad\u0131nlar\u0131n sosyal hayatta daha fazla yer almas\u0131, kad\u0131n ve erke\u011fin ebeveynlik rollerinde de\u011fi\u015fikliklere neden oldu. Bu bak\u0131mdan g\u00fcn\u00fcm\u00fczde babaya daha fazla i\u015f d\u00fc\u015fmektedir. Ara\u015ft\u0131rmalar babalar\u0131ndan ilgi ve sevgi g\u00f6ren \u00e7ocuklar\u0131n daha sosyal olduklar\u0131n\u0131, arkada\u015flar\u0131yla sa\u011fl\u0131kl\u0131 ili\u015fkiler kurabildiklerini, liderlik \u00f6zellikleri ta\u015f\u0131d\u0131klar\u0131n\u0131, uyumlu ve mutlu olduklar\u0131n\u0131 g\u00f6stermektedir. Bu \u00e7al\u0131\u015fmadaki amac\u0131m\u0131z babalar\u0131 ele\u015ftirmek de\u011fil, ailedeki rollerini hat\u0131rlatmak ve \u00e7ocuk e\u011fitimi konusunda babalara yard\u0131mc\u0131 olmakt\u0131r. Kitab\u0131m\u0131z\u0131 okuyan babalar, \u00e7ocuklar\u0131na zaman ay\u0131r\u0131r, onlara sevgilerini g\u00f6sterir, koruyucu g\u00fc\u00e7leriyle arkalar\u0131nda olduklar\u0131n\u0131 hissettirir, b\u00f6ylece annelerin y\u00fck\u00fcn\u00fc, \u00f6zellikle \u00e7al\u0131\u015fan annelerin y\u00fck\u00fcn\u00fc payla\u015f\u0131rlarsa biz de amac\u0131m\u0131za ula\u015faca\u011f\u0131z ve bundan mutluluk duyaca\u011f\u0131z. <\/p>\n","protected":false},"excerpt":{"rendered":"<p>Hi\u00e7 kimse iyi baba olarak do\u011fmaz. \u0130yi baba olmak sab\u0131r, sevgi, ara\u015ft\u0131rma ve bilgi i\u015fidir. Bir erkek i\u00e7in, duygusal y\u00f6nden alaca\u011f\u0131 hi\u00e7bir \u00f6d\u00fcl, \u00e7ocuklar\u0131n\u0131n do\u011fduklar\u0131 andan,<span class=\"excerpt-hellip\"> [\u2026]<\/span><\/p>\n","protected":false},"featured_media":0,"template":"","meta":{"_monsterinsights_skip_tracking":false,"_monsterinsights_sitenote_active":false,"_monsterinsights_sitenote_note":"","_monsterinsights_sitenote_category":0},"product_brand":[],"product_cat":[17996,12364],"product_tag":[],"class_list":{"0":"post-694352","1":"product","2":"type-product","3":"status-publish","5":"product_cat-ebeveyn-kitaplari","6":"product_cat-genel-konular","7":"pa_tur-kitap","8":"pa_yayinevi-zafer-yayinlari","9":"pa_yazar-sefa-saygili","11":"first","12":"instock","13":"sale","14":"shipping-taxable","15":"purchasable","16":"product-type-simple"},"_links":{"self":[{"href":"https:\/\/roveyayinevi.com.tr\/index.php\/wp-json\/wp\/v2\/product\/694352","targetHints":{"allow":["GET"]}}],"collection":[{"href":"https:\/\/roveyayinevi.com.tr\/index.php\/wp-json\/wp\/v2\/product"}],"about":[{"href":"https:\/\/roveyayinevi.com.tr\/index.php\/wp-json\/wp\/v2\/types\/product"}],"wp:attachment":[{"href":"https:\/\/roveyayinevi.com.tr\/index.php\/wp-json\/wp\/v2\/media?parent=694352"}],"wp:term":[{"taxonomy":"product_brand","embeddable":true,"href":"https:\/\/roveyayinevi.com.tr\/index.php\/wp-json\/wp\/v2\/product_brand?post=694352"},{"taxonomy":"product_cat","embeddable":true,"href":"https:\/\/roveyayinevi.com.tr\/index.php\/wp-json\/wp\/v2\/product_cat?post=694352"},{"taxonomy":"product_tag","embeddable":true,"href":"https:\/\/roveyayinevi.com.tr\/index.php\/wp-json\/wp\/v2\/product_tag?post=694352"}],"curies":[{"name":"wp","href":"https:\/\/api.w.org\/{rel}","templated":true}]}}