{"id":694349,"date":"2025-08-27T14:20:43","date_gmt":"2025-08-27T11:20:43","guid":{"rendered":"https:\/\/roveyayinevi.com.tr\/index.php\/urun\/tanrinin-kuraltanimaz-kullari\/"},"modified":"2026-04-16T02:04:30","modified_gmt":"2026-04-15T23:04:30","slug":"tanrinin-kuraltanimaz-kullari","status":"publish","type":"product","link":"https:\/\/roveyayinevi.com.tr\/index.php\/urun\/tanrinin-kuraltanimaz-kullari\/","title":{"rendered":"Tanr\u0131n\u0131n Kuraltan\u0131maz Kullar\u0131"},"content":{"rendered":"<p>Kalenderler, Haydar\u00eeler, C\u00e2miler, Cel\u00e2l\u00eeler, \u015eems-i Tebriz\u00eeler, Cavlak\u00eeler, Abdallar ve di\u011ferleri. \u0130sl\u00e2m toplumunun k\u0131y\u0131s\u0131nda duran heterodokslar ver heretikler, yani a\u015fk\u0131n ve ta\u015fk\u0131n dervi\u015f topluluklar\u0131. \u0130nan\u00e7lar\u0131yla, g\u00f6r\u00fcn\u00fcmleriyle, ya\u015fay\u0131\u015flar\u0131yla toplumu d\u0131\u015flayan bu topluluklar\u0131n \u00f6yk\u00fcs\u00fc her zaman ilgi \u00e7ekmi\u015f, haklar\u0131nda ola\u011fan\u00fcst\u00fc bir edebiyat olu\u015fmu\u015ftur. Ahmet T. Karamustafa ise konuyu bir tarih\u00e7i yakla\u015f\u0131m\u0131yla ele al\u0131yor, bu topluluklar\u0131n geni\u015f \u0130slam co\u011frafyas\u0131n\u0131n farkl\u0131 b\u00f6lgelerinde ayr\u0131 \u00f6zellikler ta\u015f\u0131yan k\u00f6klerinden ba\u015flay\u0131p geli\u015fimlerini irdeliyor ve sonralar\u0131 nas\u0131l bir de\u011fi\u015fim ge\u00e7irerek ba\u015fka ak\u0131mlara d\u00f6n\u00fc\u015fmesi s\u00fcrecini \u00f6zl\u00fc bi\u00e7imde anlat\u0131yor. Karma\u015f\u0131k gibi g\u00f6r\u00fcnen bir olguyu yal\u0131n bi\u00e7imde kavratan \u00f6rne\u011fi az bir \u00e7al\u0131\u015fma. <\/p>\n","protected":false},"excerpt":{"rendered":"<p>Kalenderler, Haydar\u00eeler, C\u00e2miler, Cel\u00e2l\u00eeler, \u015eems-i Tebriz\u00eeler, Cavlak\u00eeler, Abdallar ve di\u011ferleri. \u0130sl\u00e2m toplumunun k\u0131y\u0131s\u0131nda duran heterodokslar ver heretikler, yani a\u015fk\u0131n ve ta\u015fk\u0131n dervi\u015f topluluklar\u0131. \u0130nan\u00e7lar\u0131yla, g\u00f6r\u00fcn\u00fcmleriyle, ya\u015fay\u0131\u015flar\u0131yla<span class=\"excerpt-hellip\"> [\u2026]<\/span><\/p>\n","protected":false},"featured_media":0,"template":"","meta":{"_monsterinsights_skip_tracking":false,"_monsterinsights_sitenote_active":false,"_monsterinsights_sitenote_note":"","_monsterinsights_sitenote_category":0},"product_brand":[],"product_cat":[12718,12719],"product_tag":[],"class_list":{"0":"post-694349","1":"product","2":"type-product","3":"status-publish","5":"product_cat-din","6":"product_cat-islam","7":"pa_cilt-ciltsiz","8":"pa_tur-kitap","9":"pa_yayinevi-yapi-kredi-yayinlari","10":"pa_yazar-ahmet-t-karamustafa","12":"first","13":"instock","14":"sale","15":"shipping-taxable","16":"purchasable","17":"product-type-simple"},"_links":{"self":[{"href":"https:\/\/roveyayinevi.com.tr\/index.php\/wp-json\/wp\/v2\/product\/694349","targetHints":{"allow":["GET"]}}],"collection":[{"href":"https:\/\/roveyayinevi.com.tr\/index.php\/wp-json\/wp\/v2\/product"}],"about":[{"href":"https:\/\/roveyayinevi.com.tr\/index.php\/wp-json\/wp\/v2\/types\/product"}],"wp:attachment":[{"href":"https:\/\/roveyayinevi.com.tr\/index.php\/wp-json\/wp\/v2\/media?parent=694349"}],"wp:term":[{"taxonomy":"product_brand","embeddable":true,"href":"https:\/\/roveyayinevi.com.tr\/index.php\/wp-json\/wp\/v2\/product_brand?post=694349"},{"taxonomy":"product_cat","embeddable":true,"href":"https:\/\/roveyayinevi.com.tr\/index.php\/wp-json\/wp\/v2\/product_cat?post=694349"},{"taxonomy":"product_tag","embeddable":true,"href":"https:\/\/roveyayinevi.com.tr\/index.php\/wp-json\/wp\/v2\/product_tag?post=694349"}],"curies":[{"name":"wp","href":"https:\/\/api.w.org\/{rel}","templated":true}]}}