{"id":694347,"date":"2025-08-27T14:20:43","date_gmt":"2025-08-27T11:20:43","guid":{"rendered":"https:\/\/roveyayinevi.com.tr\/index.php\/urun\/tartisilan-modernlik-descartes-ve-spinoza\/"},"modified":"2026-04-16T02:04:30","modified_gmt":"2026-04-15T23:04:30","slug":"tartisilan-modernlik-descartes-ve-spinoza","status":"publish","type":"product","link":"https:\/\/roveyayinevi.com.tr\/index.php\/urun\/tartisilan-modernlik-descartes-ve-spinoza\/","title":{"rendered":"Tart\u0131\u015f\u0131lan Modernlik: Descartes ve Spinoza"},"content":{"rendered":"<p>Modernlik: Nedir? Ne zaman ba\u015flad\u0131? Ne zaman sona erdi? Sona erdi mi? &#8230; Benzeri sorularla ayd\u0131nlat\u0131lmaya \u00e7al\u0131\u015f\u0131lan Modernlik, postmodern zamanlar \u0131n g\u00fcndemini olu\u015fturmaya devam ediyor; tart\u0131\u015fmalar, kendisini ak\u0131lc\u0131, evrenselci ve b\u00fct\u00fcnlle\u015ftirici olarak nitelendiren Modernlik \u00fczerinde odaklan\u0131yor. T\u00fclin Bumin, bu \u00e7al\u0131\u015fmas\u0131nda g\u00fcn\u00fcm\u00fczde Ak\u0131l, Do\u011fa, \u00d6zne, Nesne gibi kavramlar\u0131 yap\u0131bozuma u\u011fratan Modernli\u011fi, Cogito&#8217;nun kurucusu olarak tan\u0131nan Descartes&#8217;tan ve tam da onun kartezyen s\u00f6yleminden ayr\u0131lan Spinoza&#8217;dan yola \u00e7\u0131karak irdeliyor, bu iki filozofun \u00f6rne\u011finde Modernli\u011fin kendi b\u00fcnyesinde bar\u0131nd\u0131rd\u0131\u011f\u0131 \u00e7o\u011fulcu dizgeyi tart\u0131\u015f\u0131yor; Modernlik ele\u015ftirisini Descartes \u00fczerinde yo\u011funla\u015ft\u0131ran Heidegger&#8217;i ve ayr\u0131ca Foucault, Derrida gibi \u00e7a\u011fda\u015f d\u00fc\u015f\u00fcn tarihinin \u00f6nemli isimlerini modern sorgulamalar ba\u011flam\u0131nda yeniden de\u011ferlendiriyor. Tart\u0131\u015f\u0131lan Modernlik: Descartes ve Spinoza, uzun soluklu modernli\u011fe yeni bir yakla\u015f\u0131mla bak\u0131yor.<\/p>\n","protected":false},"excerpt":{"rendered":"<p>Modernlik: Nedir? Ne zaman ba\u015flad\u0131? Ne zaman sona erdi? Sona erdi mi? &#8230; Benzeri sorularla ayd\u0131nlat\u0131lmaya \u00e7al\u0131\u015f\u0131lan Modernlik, postmodern zamanlar \u0131n g\u00fcndemini olu\u015fturmaya devam ediyor; tart\u0131\u015fmalar,<span class=\"excerpt-hellip\"> [\u2026]<\/span><\/p>\n","protected":false},"featured_media":0,"template":"","meta":{"_monsterinsights_skip_tracking":false,"_monsterinsights_sitenote_active":false,"_monsterinsights_sitenote_note":"","_monsterinsights_sitenote_category":0},"product_brand":[],"product_cat":[12388,15309],"product_tag":[],"class_list":{"0":"post-694347","1":"product","2":"type-product","3":"status-publish","5":"product_cat-felsefe","6":"product_cat-felsefi-akimlar","7":"pa_cilt-ciltsiz","8":"pa_tur-kitap","9":"pa_yayinevi-yapi-kredi-yayinlari","10":"pa_yazar-tulin-bumin","12":"first","13":"instock","14":"sale","15":"shipping-taxable","16":"purchasable","17":"product-type-simple"},"_links":{"self":[{"href":"https:\/\/roveyayinevi.com.tr\/index.php\/wp-json\/wp\/v2\/product\/694347","targetHints":{"allow":["GET"]}}],"collection":[{"href":"https:\/\/roveyayinevi.com.tr\/index.php\/wp-json\/wp\/v2\/product"}],"about":[{"href":"https:\/\/roveyayinevi.com.tr\/index.php\/wp-json\/wp\/v2\/types\/product"}],"wp:attachment":[{"href":"https:\/\/roveyayinevi.com.tr\/index.php\/wp-json\/wp\/v2\/media?parent=694347"}],"wp:term":[{"taxonomy":"product_brand","embeddable":true,"href":"https:\/\/roveyayinevi.com.tr\/index.php\/wp-json\/wp\/v2\/product_brand?post=694347"},{"taxonomy":"product_cat","embeddable":true,"href":"https:\/\/roveyayinevi.com.tr\/index.php\/wp-json\/wp\/v2\/product_cat?post=694347"},{"taxonomy":"product_tag","embeddable":true,"href":"https:\/\/roveyayinevi.com.tr\/index.php\/wp-json\/wp\/v2\/product_tag?post=694347"}],"curies":[{"name":"wp","href":"https:\/\/api.w.org\/{rel}","templated":true}]}}