{"id":694345,"date":"2025-08-27T14:20:42","date_gmt":"2025-08-27T11:20:42","guid":{"rendered":"https:\/\/roveyayinevi.com.tr\/index.php\/urun\/profesyonel-yasamda-kisisel-imaj-ve-sosyal-yasam-etiketi\/"},"modified":"2026-04-16T02:04:30","modified_gmt":"2026-04-15T23:04:30","slug":"profesyonel-yasamda-kisisel-imaj-ve-sosyal-yasam-etiketi","status":"publish","type":"product","link":"https:\/\/roveyayinevi.com.tr\/index.php\/urun\/profesyonel-yasamda-kisisel-imaj-ve-sosyal-yasam-etiketi\/","title":{"rendered":"Profesyonel Ya\u015famda Ki\u015fisel \u0130maj ve Sosyal Ya\u015fam Etiketi"},"content":{"rendered":"<p>T\u00fcrkiye&#8217;de ki\u015fisel imaj ve i\u015f etiketi denince akla gelen ilk isim olan \u00d6zlem \u00c7ak\u0131r&#8217;\u0131n haz\u0131rlad\u0131\u011f\u0131 Profesyonel Ya\u015famda Ki\u015fisel \u0130maj ve Sosyal Ya\u015fam Etiketi , ki\u015filerin i\u015f hayat\u0131nda ba\u015far\u0131l\u0131 olabilmeleri ve y\u00fckselmeleri i\u00e7in, ki\u015fisel imajlar\u0131n\u0131 etkili bir \u015fekilde kullanmalar\u0131n\u0131 \u00f6\u011f\u00fctl\u00fcyor. Kaliteli ve ba\u015far\u0131l\u0131 bir hayat ya\u015famak, kendini en etkili \u015fekilde ta\u015f\u0131mak ve sunmak isteyenler i\u00e7in bir k\u0131lavuz&#8230; Neyi, nerede, nas\u0131l giymeli? ve neyi, neyle giymeli? gibi sorular\u0131n cevab\u0131n\u0131 arayanlar i\u00e7in bir ba\u015fvuru kayna\u011f\u0131&#8230;<\/p>\n","protected":false},"excerpt":{"rendered":"<p>T\u00fcrkiye&#8217;de ki\u015fisel imaj ve i\u015f etiketi denince akla gelen ilk isim olan \u00d6zlem \u00c7ak\u0131r&#8217;\u0131n haz\u0131rlad\u0131\u011f\u0131 Profesyonel Ya\u015famda Ki\u015fisel \u0130maj ve Sosyal Ya\u015fam Etiketi , ki\u015filerin i\u015f<span class=\"excerpt-hellip\"> [\u2026]<\/span><\/p>\n","protected":false},"featured_media":0,"template":"","meta":{"_monsterinsights_skip_tracking":false,"_monsterinsights_sitenote_active":false,"_monsterinsights_sitenote_note":"","_monsterinsights_sitenote_category":0},"product_brand":[],"product_cat":[12312,12304],"product_tag":[],"class_list":{"0":"post-694345","1":"product","2":"type-product","3":"status-publish","5":"product_cat-diger","6":"product_cat-tarih","7":"pa_cilt-ciltsiz","8":"pa_tur-kitap","9":"pa_yayinevi-yapi-kredi-yayinlari","10":"pa_yazar-ozlem-cakir","12":"first","13":"instock","14":"sale","15":"shipping-taxable","16":"purchasable","17":"product-type-simple"},"_links":{"self":[{"href":"https:\/\/roveyayinevi.com.tr\/index.php\/wp-json\/wp\/v2\/product\/694345","targetHints":{"allow":["GET"]}}],"collection":[{"href":"https:\/\/roveyayinevi.com.tr\/index.php\/wp-json\/wp\/v2\/product"}],"about":[{"href":"https:\/\/roveyayinevi.com.tr\/index.php\/wp-json\/wp\/v2\/types\/product"}],"wp:attachment":[{"href":"https:\/\/roveyayinevi.com.tr\/index.php\/wp-json\/wp\/v2\/media?parent=694345"}],"wp:term":[{"taxonomy":"product_brand","embeddable":true,"href":"https:\/\/roveyayinevi.com.tr\/index.php\/wp-json\/wp\/v2\/product_brand?post=694345"},{"taxonomy":"product_cat","embeddable":true,"href":"https:\/\/roveyayinevi.com.tr\/index.php\/wp-json\/wp\/v2\/product_cat?post=694345"},{"taxonomy":"product_tag","embeddable":true,"href":"https:\/\/roveyayinevi.com.tr\/index.php\/wp-json\/wp\/v2\/product_tag?post=694345"}],"curies":[{"name":"wp","href":"https:\/\/api.w.org\/{rel}","templated":true}]}}