{"id":694344,"date":"2025-08-27T14:20:42","date_gmt":"2025-08-27T11:20:42","guid":{"rendered":"https:\/\/roveyayinevi.com.tr\/index.php\/urun\/oykuler\/"},"modified":"2026-04-16T02:04:30","modified_gmt":"2026-04-15T23:04:30","slug":"oykuler","status":"publish","type":"product","link":"https:\/\/roveyayinevi.com.tr\/index.php\/urun\/oykuler\/","title":{"rendered":"\u00d6yk\u00fcler"},"content":{"rendered":"<p>\u0130talyan edebiyat\u0131n\u0131n b\u00fcy\u00fck ustas\u0131 Italo Calvino\u2019nun kristal bir piramit gibi i\u015fledi\u011fi dilinden bir \u00f6yk\u00fc se\u00e7kisi.Calvino\u2019nun daha \u00f6nce T\u00fcrk\u00e7ede yay\u0131mlanm\u0131\u015f d\u00f6rt kitab\u0131ndan: \u201cKarga Sona Kald\u0131\u201d, \u201cMarcovaldo ya da Kentte Mevsimler\u201d, \u201cSava\u015fa Giri\u015f\u201d ve \u201cZor Sevdalar\u201ddan tematik bir b\u00fct\u00fcnl\u00fck g\u00f6zetilerek se\u00e7ilen \u00f6yk\u00fclerin yan\u0131 s\u0131ra bu kitapta yer alan \u00fc\u00e7\u00fc uzun, toplam on \u00fc\u00e7 \u00f6yk\u00fc de ilk kez T\u00fcrk okuruyla bulu\u015fuyor.\u201cEn tepede, bu y\u00fckseltilerin aras\u0131ndaki bir girintiye g\u00f6m\u00fcl\u00fc bir k\u00f6y uzan\u0131yordu, birbiri \u00fcst\u00fcne binmi\u015f evleri, ta\u015f d\u00f6\u015feli, kat\u0131r f\u0131\u015fk\u0131lar\u0131n\u0131n akabilmesi i\u00e7in ortas\u0131 \u00e7ukur yollarla merdivenler ay\u0131r\u0131yordu, b\u00fct\u00fcn bu evlerin e\u015fi\u011finde, ya\u015fl\u0131 ya da ya\u015flanm\u0131\u015f bir s\u00fcr\u00fc kad\u0131n vard\u0131, al\u00e7ak duvarlar\u0131n \u00fcst\u00fcnde de hepsi beyaz g\u00f6mlekler giymi\u015f, ya\u015fl\u0131, gen\u00e7 erkekler yan yana oturuyorlard\u0131, basamakl\u0131 sokaklar\u0131n orta yerinde ise \u00e7ocuklar oynuyorlard\u0131, daha b\u00fcy\u00fck birka\u00e7 \u00e7ocuk ise soka\u011fa uzanm\u0131\u015f, yanaklar\u0131n\u0131 basama\u011fa dayay\u0131p uyuyakalm\u0131\u015ft\u0131, \u00e7\u00fcnk\u00fc buras\u0131 hem evin i\u00e7inden daha serindi, hem koku daha azd\u0131, her taraf\u0131 konmu\u015f ya da u\u00e7makta olan sinek bulutlar\u0131 kaplam\u0131\u015ft\u0131, her duvarda, ocak bacalar\u0131n\u0131n \u00e7evresindeki her gazete k\u00e2\u011f\u0131d\u0131 par\u00e7as\u0131nda say\u0131lamayacak kadar sinek pisli\u011fi bene\u011fi vard\u0131 ve Usnelli\u2019nin akl\u0131na s\u00f6zc\u00fckler, s\u00f6zc\u00fckler geliyordu pe\u015f pe\u015fe, i\u00e7 i\u00e7e ge\u00e7iyordu, sat\u0131rlar\u0131n aras\u0131nda a\u00e7\u0131kl\u0131k kalm\u0131yordu, sonunda birbirlerinden ay\u0131rt edilemez oluyor, minicik beyaz aral\u0131klar\u0131n bile gitgide yok oldu\u011fu bir k\u00f6rd\u00fc\u011f\u00fcme d\u00f6n\u00fc\u015f\u00fcyordu ve yaln\u0131z karanl\u0131k kal\u0131yordu, en koyu karanl\u0131k, i\u00e7ine girilemeyen, bir \u00e7\u0131\u011fl\u0131k gibi umutsuz.\u201d<\/p>\n","protected":false},"excerpt":{"rendered":"<p>\u0130talyan edebiyat\u0131n\u0131n b\u00fcy\u00fck ustas\u0131 Italo Calvino\u2019nun kristal bir piramit gibi i\u015fledi\u011fi dilinden bir \u00f6yk\u00fc se\u00e7kisi.Calvino\u2019nun daha \u00f6nce T\u00fcrk\u00e7ede yay\u0131mlanm\u0131\u015f d\u00f6rt kitab\u0131ndan: \u201cKarga Sona Kald\u0131\u201d, \u201cMarcovaldo ya<span class=\"excerpt-hellip\"> [\u2026]<\/span><\/p>\n","protected":false},"featured_media":0,"template":"","meta":{"_monsterinsights_skip_tracking":false,"_monsterinsights_sitenote_active":false,"_monsterinsights_sitenote_note":"","_monsterinsights_sitenote_category":0},"product_brand":[],"product_cat":[12291,14218],"product_tag":[],"class_list":{"0":"post-694344","1":"product","2":"type-product","3":"status-publish","5":"product_cat-edebiyat","6":"product_cat-italyan-edebiyati","7":"pa_cilt-ciltsiz","8":"pa_tur-kitap","9":"pa_yayinevi-yapi-kredi-yayinlari","10":"pa_yazar-italo-calvino","12":"first","13":"instock","14":"sale","15":"shipping-taxable","16":"purchasable","17":"product-type-simple"},"_links":{"self":[{"href":"https:\/\/roveyayinevi.com.tr\/index.php\/wp-json\/wp\/v2\/product\/694344","targetHints":{"allow":["GET"]}}],"collection":[{"href":"https:\/\/roveyayinevi.com.tr\/index.php\/wp-json\/wp\/v2\/product"}],"about":[{"href":"https:\/\/roveyayinevi.com.tr\/index.php\/wp-json\/wp\/v2\/types\/product"}],"wp:attachment":[{"href":"https:\/\/roveyayinevi.com.tr\/index.php\/wp-json\/wp\/v2\/media?parent=694344"}],"wp:term":[{"taxonomy":"product_brand","embeddable":true,"href":"https:\/\/roveyayinevi.com.tr\/index.php\/wp-json\/wp\/v2\/product_brand?post=694344"},{"taxonomy":"product_cat","embeddable":true,"href":"https:\/\/roveyayinevi.com.tr\/index.php\/wp-json\/wp\/v2\/product_cat?post=694344"},{"taxonomy":"product_tag","embeddable":true,"href":"https:\/\/roveyayinevi.com.tr\/index.php\/wp-json\/wp\/v2\/product_tag?post=694344"}],"curies":[{"name":"wp","href":"https:\/\/api.w.org\/{rel}","templated":true}]}}