{"id":694343,"date":"2025-08-27T14:20:42","date_gmt":"2025-08-27T11:20:42","guid":{"rendered":"https:\/\/roveyayinevi.com.tr\/index.php\/urun\/oteki-renkler\/"},"modified":"2026-04-16T02:04:30","modified_gmt":"2026-04-15T23:04:30","slug":"oteki-renkler","status":"publish","type":"product","link":"https:\/\/roveyayinevi.com.tr\/index.php\/urun\/oteki-renkler\/","title":{"rendered":"\u00d6teki Renkler"},"content":{"rendered":"<p>\u00d6teki Renkler Orhan Pamuk&#8217;un \u00e7ocukluk an\u0131lar\u0131ndan mutluluk saatlerine, romanlar\u0131n\u0131 nas\u0131l yazd\u0131\u011f\u0131ndan gezi notlar\u0131na, sevdi\u011fi yazarlar ve kitaplar hakk\u0131ndaki ele\u015ftirilerinden ki\u015fisel itiraflar\u0131na, \u015fikayetlerine,siyasi \u00f6fkelerine,k\u00fclt\u00fcr ve g\u00fcndelik hayat konusundaki heyecanlar\u0131na uzan\u0131yor ve yazar\u0131n yaln\u0131z romanda de\u011fil, d\u00fczyaz\u0131da da ne kadar usta oldu\u011funu kan\u0131tl\u0131yor. \ufffcTan\u0131t\u0131m Metni<\/p>\n","protected":false},"excerpt":{"rendered":"<p>\u00d6teki Renkler Orhan Pamuk&#8217;un \u00e7ocukluk an\u0131lar\u0131ndan mutluluk saatlerine, romanlar\u0131n\u0131 nas\u0131l yazd\u0131\u011f\u0131ndan gezi notlar\u0131na, sevdi\u011fi yazarlar ve kitaplar hakk\u0131ndaki ele\u015ftirilerinden ki\u015fisel itiraflar\u0131na, \u015fikayetlerine,siyasi \u00f6fkelerine,k\u00fclt\u00fcr ve g\u00fcndelik hayat<span class=\"excerpt-hellip\"> [\u2026]<\/span><\/p>\n","protected":false},"featured_media":0,"template":"","meta":{"_monsterinsights_skip_tracking":false,"_monsterinsights_sitenote_active":false,"_monsterinsights_sitenote_note":"","_monsterinsights_sitenote_category":0},"product_brand":[],"product_cat":[12777,12291],"product_tag":[],"class_list":{"0":"post-694343","1":"product","2":"type-product","3":"status-publish","5":"product_cat-deneme","6":"product_cat-edebiyat","7":"pa_cilt-ciltsiz","8":"pa_tur-kitap","9":"pa_yayinevi-yapi-kredi-yayinlari","10":"pa_yazar-orhan-pamuk","12":"first","13":"instock","14":"sale","15":"shipping-taxable","16":"purchasable","17":"product-type-simple"},"_links":{"self":[{"href":"https:\/\/roveyayinevi.com.tr\/index.php\/wp-json\/wp\/v2\/product\/694343","targetHints":{"allow":["GET"]}}],"collection":[{"href":"https:\/\/roveyayinevi.com.tr\/index.php\/wp-json\/wp\/v2\/product"}],"about":[{"href":"https:\/\/roveyayinevi.com.tr\/index.php\/wp-json\/wp\/v2\/types\/product"}],"wp:attachment":[{"href":"https:\/\/roveyayinevi.com.tr\/index.php\/wp-json\/wp\/v2\/media?parent=694343"}],"wp:term":[{"taxonomy":"product_brand","embeddable":true,"href":"https:\/\/roveyayinevi.com.tr\/index.php\/wp-json\/wp\/v2\/product_brand?post=694343"},{"taxonomy":"product_cat","embeddable":true,"href":"https:\/\/roveyayinevi.com.tr\/index.php\/wp-json\/wp\/v2\/product_cat?post=694343"},{"taxonomy":"product_tag","embeddable":true,"href":"https:\/\/roveyayinevi.com.tr\/index.php\/wp-json\/wp\/v2\/product_tag?post=694343"}],"curies":[{"name":"wp","href":"https:\/\/api.w.org\/{rel}","templated":true}]}}