{"id":694342,"date":"2025-08-27T14:20:42","date_gmt":"2025-08-27T11:20:42","guid":{"rendered":"https:\/\/roveyayinevi.com.tr\/index.php\/urun\/mustafa-kemalin-ucaklari\/"},"modified":"2026-04-16T02:04:30","modified_gmt":"2026-04-15T23:04:30","slug":"mustafa-kemalin-ucaklari","status":"publish","type":"product","link":"https:\/\/roveyayinevi.com.tr\/index.php\/urun\/mustafa-kemalin-ucaklari\/","title":{"rendered":"Mustafa Kemal&#8217;in U\u00e7aklar\u0131"},"content":{"rendered":"<p>T\u00fcrkiye\u2019de havac\u0131l\u0131k e\u011fitimi g\u00f6renler, ilk u\u00e7a\u011f\u0131n 1903\u2019te ABD\u2019de Wright karde\u015fler taraf\u0131ndan u\u00e7uruldu\u011funu; Wright ve Lockheed karde\u015flerin, Boeing\u2019in, Douglas\u2019\u0131n, Bleriot\u2019nun, Bristol\u2019\u00fcn \u00f6nc\u00fc havac\u0131lar aras\u0131nda yer ald\u0131\u011f\u0131n\u0131 \u00f6\u011frenir.Vecihi H\u00fcrku\u015f\u2019un 28 Ocak 1925\u2019te motoru d\u0131\u015f\u0131nda her \u015feyiyle kendi \u00fcretti\u011fi u\u00e7a\u011f\u0131ylaGaziemir\u2019de ilk deneme u\u00e7u\u015funu yapt\u0131\u011f\u0131n\u0131, H\u00fcrku\u015f\u2019un yan\u0131 s\u0131ra Nuri Demira\u011f\u2019\u0131n, Selahattin Alan\u2019\u0131n, Ali Y\u0131ld\u0131z\u2019\u0131n ve THK \u00e7al\u0131\u015fanlar\u0131n\u0131n \u00fcrettikleri u\u00e7aklarla k\u0131rd\u0131klar\u0131 rekorlar\u0131 az say\u0131daki merakl\u0131n\u0131n d\u0131\u015f\u0131nda bilense neredeyse yoktur\u2026Mustafa Kemal\u2019in U\u00e7aklar\u0131, Cumhuriyet\u2019in ilk y\u0131llar\u0131ndan ba\u015flayarak kurulan pek \u00e7ok fabrikan\u0131n 1923-1950 d\u00f6neminde 400\u2019e yak\u0131n farkl\u0131 tip ve modelde u\u00e7ak \u00fcretir hale geli\u015finin \u00f6yk\u00fcs\u00fcn\u00fc, d\u00fcnya havac\u0131l\u0131k tarihindeki yerine oturma gayretiyle kaleme al\u0131nm\u0131\u015f bir \u00e7al\u0131\u015fma.\u0130smail Yavuz bu fabrikalar\u0131n niye kapat\u0131ld\u0131\u011f\u0131 sorusuna cevap bulmaya \u00e7al\u0131\u015f\u0131rken, bu unutulmu\u015f gelene\u011fin \u00fczerine in\u015fa edilen TUSA\u015e\u2019\u0131 da bu tarihe eklemliyor. <\/p>\n","protected":false},"excerpt":{"rendered":"<p>T\u00fcrkiye\u2019de havac\u0131l\u0131k e\u011fitimi g\u00f6renler, ilk u\u00e7a\u011f\u0131n 1903\u2019te ABD\u2019de Wright karde\u015fler taraf\u0131ndan u\u00e7uruldu\u011funu; Wright ve Lockheed karde\u015flerin, Boeing\u2019in, Douglas\u2019\u0131n, Bleriot\u2019nun, Bristol\u2019\u00fcn \u00f6nc\u00fc havac\u0131lar aras\u0131nda yer ald\u0131\u011f\u0131n\u0131 \u00f6\u011frenir.Vecihi<span class=\"excerpt-hellip\"> [\u2026]<\/span><\/p>\n","protected":false},"featured_media":0,"template":"","meta":{"_monsterinsights_skip_tracking":false,"_monsterinsights_sitenote_active":false,"_monsterinsights_sitenote_note":"","_monsterinsights_sitenote_category":0},"product_brand":[],"product_cat":[13590,12337],"product_tag":[],"class_list":{"0":"post-694342","1":"product","2":"type-product","3":"status-publish","5":"product_cat-arastirma-inceleme-politika-siyaset","6":"product_cat-politika-siyaset","7":"pa_cilt-ciltsiz","8":"pa_tur-kitap","9":"pa_yayinevi-is-bankasi-kultur-yayinlari","10":"pa_yazar-ismail-yavuz","12":"first","13":"instock","14":"sale","15":"shipping-taxable","16":"purchasable","17":"product-type-simple"},"_links":{"self":[{"href":"https:\/\/roveyayinevi.com.tr\/index.php\/wp-json\/wp\/v2\/product\/694342","targetHints":{"allow":["GET"]}}],"collection":[{"href":"https:\/\/roveyayinevi.com.tr\/index.php\/wp-json\/wp\/v2\/product"}],"about":[{"href":"https:\/\/roveyayinevi.com.tr\/index.php\/wp-json\/wp\/v2\/types\/product"}],"wp:attachment":[{"href":"https:\/\/roveyayinevi.com.tr\/index.php\/wp-json\/wp\/v2\/media?parent=694342"}],"wp:term":[{"taxonomy":"product_brand","embeddable":true,"href":"https:\/\/roveyayinevi.com.tr\/index.php\/wp-json\/wp\/v2\/product_brand?post=694342"},{"taxonomy":"product_cat","embeddable":true,"href":"https:\/\/roveyayinevi.com.tr\/index.php\/wp-json\/wp\/v2\/product_cat?post=694342"},{"taxonomy":"product_tag","embeddable":true,"href":"https:\/\/roveyayinevi.com.tr\/index.php\/wp-json\/wp\/v2\/product_tag?post=694342"}],"curies":[{"name":"wp","href":"https:\/\/api.w.org\/{rel}","templated":true}]}}