{"id":694338,"date":"2025-08-27T14:20:40","date_gmt":"2025-08-27T11:20:40","guid":{"rendered":"https:\/\/roveyayinevi.com.tr\/index.php\/urun\/red-kit-daragaci\/"},"modified":"2026-04-16T02:04:30","modified_gmt":"2026-04-15T23:04:30","slug":"red-kit-daragaci","status":"publish","type":"product","link":"https:\/\/roveyayinevi.com.tr\/index.php\/urun\/red-kit-daragaci\/","title":{"rendered":"Red Kit &#8211; Dara\u011fac\u0131"},"content":{"rendered":"<p>Dara\u011fac\u0131, yedi Red Kit maceras\u0131ndan olu\u015fan bir alb\u00fcm. Alb\u00fcmde Dara\u011fac\u0131\u2019n\u0131n yan\u0131 s\u0131ra Daltonlar Trende, Adaletsever, Deve Madeni, Hesapla\u015fma, Y\u00fcce S\u00f6z ve Li-\u015ei\u2019nin Hik\u00e2yesi adl\u0131 maceralar da yer al\u0131yor.Be\u015f farkl\u0131 yazar\u0131n birbirinden tamamen farkl\u0131 yedi metninin Goscinny\u2019nin \u00e7izgileriyle bulu\u015ftu\u011fu bu 36. alb\u00fcmde Red Kit\u2019in \u201cReyd Efendi\u201dye d\u00f6n\u00fc\u015ft\u00fc\u011f\u00fc Deve Madeni ile \u201ckonuk oyuncu\u201d olarak rol ald\u0131\u011f\u0131 Li-\u015ei\u2019nin Hik\u00e2yesi \u00f6zel ilgiyi hak ediyor.<\/p>\n","protected":false},"excerpt":{"rendered":"<p>Dara\u011fac\u0131, yedi Red Kit maceras\u0131ndan olu\u015fan bir alb\u00fcm. Alb\u00fcmde Dara\u011fac\u0131\u2019n\u0131n yan\u0131 s\u0131ra Daltonlar Trende, Adaletsever, Deve Madeni, Hesapla\u015fma, Y\u00fcce S\u00f6z ve Li-\u015ei\u2019nin Hik\u00e2yesi adl\u0131 maceralar da<span class=\"excerpt-hellip\"> [\u2026]<\/span><\/p>\n","protected":false},"featured_media":0,"template":"","meta":{"_monsterinsights_skip_tracking":false,"_monsterinsights_sitenote_active":false,"_monsterinsights_sitenote_note":"","_monsterinsights_sitenote_category":0},"product_brand":[],"product_cat":[12416,12291],"product_tag":[],"class_list":{"0":"post-694338","1":"product","2":"type-product","3":"status-publish","5":"product_cat-cizgi-roman","6":"product_cat-edebiyat","7":"pa_cilt-ciltsiz","8":"pa_tur-kitap","9":"pa_yayinevi-yapi-kredi-yayinlari","10":"pa_yazar-goscinny","12":"first","13":"instock","14":"sale","15":"shipping-taxable","16":"purchasable","17":"product-type-simple"},"_links":{"self":[{"href":"https:\/\/roveyayinevi.com.tr\/index.php\/wp-json\/wp\/v2\/product\/694338","targetHints":{"allow":["GET"]}}],"collection":[{"href":"https:\/\/roveyayinevi.com.tr\/index.php\/wp-json\/wp\/v2\/product"}],"about":[{"href":"https:\/\/roveyayinevi.com.tr\/index.php\/wp-json\/wp\/v2\/types\/product"}],"wp:attachment":[{"href":"https:\/\/roveyayinevi.com.tr\/index.php\/wp-json\/wp\/v2\/media?parent=694338"}],"wp:term":[{"taxonomy":"product_brand","embeddable":true,"href":"https:\/\/roveyayinevi.com.tr\/index.php\/wp-json\/wp\/v2\/product_brand?post=694338"},{"taxonomy":"product_cat","embeddable":true,"href":"https:\/\/roveyayinevi.com.tr\/index.php\/wp-json\/wp\/v2\/product_cat?post=694338"},{"taxonomy":"product_tag","embeddable":true,"href":"https:\/\/roveyayinevi.com.tr\/index.php\/wp-json\/wp\/v2\/product_tag?post=694338"}],"curies":[{"name":"wp","href":"https:\/\/api.w.org\/{rel}","templated":true}]}}