{"id":694337,"date":"2025-08-27T14:20:40","date_gmt":"2025-08-27T11:20:40","guid":{"rendered":"https:\/\/roveyayinevi.com.tr\/index.php\/urun\/cocuklarimiz-mutsuz-ve-basarisiz-olmasin\/"},"modified":"2026-04-16T02:04:30","modified_gmt":"2026-04-15T23:04:30","slug":"cocuklarimiz-mutsuz-ve-basarisiz-olmasin","status":"publish","type":"product","link":"https:\/\/roveyayinevi.com.tr\/index.php\/urun\/cocuklarimiz-mutsuz-ve-basarisiz-olmasin\/","title":{"rendered":"\u00c7ocuklar\u0131m\u0131z Mutsuz ve Ba\u015far\u0131s\u0131z Olmas\u0131n"},"content":{"rendered":"<p>Hi\u00e7bir i\u015fimiz annelik ve babal\u0131k sorumlulu\u011fundan daha \u00f6nemli olamaz. \u0130\u015fler bekleyebilir, \u00e7ocuk e\u011fitimi beklemez. Eksik kalan bir i\u015fimizi sonradan tamamlayabiliriz, ancak eksik kalan \u00e7ocuk e\u011fitimini sonradan tamamlamak m\u00fcmk\u00fcn de\u011fildir. \u00c7ocu\u011fa yap\u0131lan yat\u0131r\u0131mdan daha karl\u0131 bir yat\u0131r\u0131m yoktur. Bu zevkli yat\u0131r\u0131mda size yard\u0131mc\u0131 olmak i\u00e7in Zafer Dergisi\u2019nde \u00e7ocuk e\u011fitimi ve psikolojisi alan\u0131nda yay\u0131mlanan makaleleri bir kitapta toplamaya karar verdik. Bu kararda okuyucular\u0131m\u0131z\u0131n \u0131srarl\u0131 talepleri etkili olmu\u015ftur. Sizlerden gelen e-mailler bize g\u00fc\u00e7 veriyor. \u0130htiya\u00e7 duydu\u011fumuz konular\u0131 ve bu kitapta cevab\u0131n\u0131 bulamad\u0131\u011f\u0131n\u0131z sorular\u0131n\u0131z\u0131 bekliyoruz.  \u0130nsanlar\u0131n en hay\u0131rl\u0131s\u0131 insanlara faydal\u0131 oland\u0131r.  E\u011fer bunu ba\u015farabilirsek ne mutlu. <\/p>\n","protected":false},"excerpt":{"rendered":"<p>Hi\u00e7bir i\u015fimiz annelik ve babal\u0131k sorumlulu\u011fundan daha \u00f6nemli olamaz. \u0130\u015fler bekleyebilir, \u00e7ocuk e\u011fitimi beklemez. Eksik kalan bir i\u015fimizi sonradan tamamlayabiliriz, ancak eksik kalan \u00e7ocuk e\u011fitimini sonradan<span class=\"excerpt-hellip\"> [\u2026]<\/span><\/p>\n","protected":false},"featured_media":0,"template":"","meta":{"_monsterinsights_skip_tracking":false,"_monsterinsights_sitenote_active":false,"_monsterinsights_sitenote_note":"","_monsterinsights_sitenote_category":0},"product_brand":[],"product_cat":[13036,12718,12719],"product_tag":[],"class_list":{"0":"post-694337","1":"product","2":"type-product","3":"status-publish","5":"product_cat-arastirma-inceleme-islam","6":"product_cat-din","7":"product_cat-islam","8":"pa_tur-kitap","9":"pa_yayinevi-zafer-yayinlari","10":"pa_yazar-ali-cankirili","12":"first","13":"instock","14":"sale","15":"shipping-taxable","16":"purchasable","17":"product-type-simple"},"_links":{"self":[{"href":"https:\/\/roveyayinevi.com.tr\/index.php\/wp-json\/wp\/v2\/product\/694337","targetHints":{"allow":["GET"]}}],"collection":[{"href":"https:\/\/roveyayinevi.com.tr\/index.php\/wp-json\/wp\/v2\/product"}],"about":[{"href":"https:\/\/roveyayinevi.com.tr\/index.php\/wp-json\/wp\/v2\/types\/product"}],"wp:attachment":[{"href":"https:\/\/roveyayinevi.com.tr\/index.php\/wp-json\/wp\/v2\/media?parent=694337"}],"wp:term":[{"taxonomy":"product_brand","embeddable":true,"href":"https:\/\/roveyayinevi.com.tr\/index.php\/wp-json\/wp\/v2\/product_brand?post=694337"},{"taxonomy":"product_cat","embeddable":true,"href":"https:\/\/roveyayinevi.com.tr\/index.php\/wp-json\/wp\/v2\/product_cat?post=694337"},{"taxonomy":"product_tag","embeddable":true,"href":"https:\/\/roveyayinevi.com.tr\/index.php\/wp-json\/wp\/v2\/product_tag?post=694337"}],"curies":[{"name":"wp","href":"https:\/\/api.w.org\/{rel}","templated":true}]}}