{"id":694335,"date":"2025-08-27T14:20:40","date_gmt":"2025-08-27T11:20:40","guid":{"rendered":"https:\/\/roveyayinevi.com.tr\/index.php\/urun\/psikanalizin-icinden\/"},"modified":"2026-04-16T02:04:30","modified_gmt":"2026-04-15T23:04:30","slug":"psikanalizin-icinden","status":"publish","type":"product","link":"https:\/\/roveyayinevi.com.tr\/index.php\/urun\/psikanalizin-icinden\/","title":{"rendered":"Psikanalizin \u0130\u00e7inden"},"content":{"rendered":"<p>Psikanalizin \u0130\u00e7inden, psikanalist ve klinik psikolog Bella Habip&#8217;in 1996-2006 y\u0131llar\u0131 aras\u0131nda psikanalizi tan\u0131tmak amac\u0131yla ruh sa\u011fl\u0131\u011f\u0131 profesyonellerine y\u00f6nelik ger\u00e7ekle\u015ftirdi\u011fi seminer ve konferans notlar\u0131ndan, \u00e7e\u015fitli dergilerde yay\u0131mlanan makalelerinden ve psikanalize ilgi duyanlara y\u00f6nelik halk s\u00f6yle\u015filerinden olu\u015fan bir \u00e7al\u0131\u015fma. Habip&#8217;in hem ki\u015fisel psikanaliz deneyiminden hem de bir psikanalist olarak psikanalizle kurdu\u011fu ba\u011fdan yola \u00e7\u0131karak sundu\u011fu bu metinler, psikanaliz gelene\u011fine, psikanalizde birey ve kad\u0131n olmaya, psikanalizin ebeveyn ve \u00e7ocuk ili\u015fkisindeki \u00f6nemine, psikanalizin tarihle ve sosyolojiyle al\u0131\u015fveri\u015fine dair psikanalizin i\u00e7inden yorumlar niteli\u011finde. \ufffcTan\u0131t\u0131m Metni<\/p>\n","protected":false},"excerpt":{"rendered":"<p>Psikanalizin \u0130\u00e7inden, psikanalist ve klinik psikolog Bella Habip&#8217;in 1996-2006 y\u0131llar\u0131 aras\u0131nda psikanalizi tan\u0131tmak amac\u0131yla ruh sa\u011fl\u0131\u011f\u0131 profesyonellerine y\u00f6nelik ger\u00e7ekle\u015ftirdi\u011fi seminer ve konferans notlar\u0131ndan, \u00e7e\u015fitli dergilerde yay\u0131mlanan<span class=\"excerpt-hellip\"> [\u2026]<\/span><\/p>\n","protected":false},"featured_media":0,"template":"","meta":{"_monsterinsights_skip_tracking":false,"_monsterinsights_sitenote_active":false,"_monsterinsights_sitenote_note":"","_monsterinsights_sitenote_category":0},"product_brand":[],"product_cat":[12312,12304],"product_tag":[],"class_list":{"0":"post-694335","1":"product","2":"type-product","3":"status-publish","5":"product_cat-diger","6":"product_cat-tarih","7":"pa_cilt-ciltsiz","8":"pa_tur-kitap","9":"pa_yayinevi-yapi-kredi-yayinlari","10":"pa_yazar-bella-habip","12":"first","13":"instock","14":"sale","15":"shipping-taxable","16":"purchasable","17":"product-type-simple"},"_links":{"self":[{"href":"https:\/\/roveyayinevi.com.tr\/index.php\/wp-json\/wp\/v2\/product\/694335","targetHints":{"allow":["GET"]}}],"collection":[{"href":"https:\/\/roveyayinevi.com.tr\/index.php\/wp-json\/wp\/v2\/product"}],"about":[{"href":"https:\/\/roveyayinevi.com.tr\/index.php\/wp-json\/wp\/v2\/types\/product"}],"wp:attachment":[{"href":"https:\/\/roveyayinevi.com.tr\/index.php\/wp-json\/wp\/v2\/media?parent=694335"}],"wp:term":[{"taxonomy":"product_brand","embeddable":true,"href":"https:\/\/roveyayinevi.com.tr\/index.php\/wp-json\/wp\/v2\/product_brand?post=694335"},{"taxonomy":"product_cat","embeddable":true,"href":"https:\/\/roveyayinevi.com.tr\/index.php\/wp-json\/wp\/v2\/product_cat?post=694335"},{"taxonomy":"product_tag","embeddable":true,"href":"https:\/\/roveyayinevi.com.tr\/index.php\/wp-json\/wp\/v2\/product_tag?post=694335"}],"curies":[{"name":"wp","href":"https:\/\/api.w.org\/{rel}","templated":true}]}}