{"id":694330,"date":"2025-08-27T14:20:38","date_gmt":"2025-08-27T11:20:38","guid":{"rendered":"https:\/\/roveyayinevi.com.tr\/index.php\/urun\/yazi-insanligin-bellegi\/"},"modified":"2025-09-17T20:49:01","modified_gmt":"2025-09-17T17:49:01","slug":"yazi-insanligin-bellegi","status":"publish","type":"product","link":"https:\/\/roveyayinevi.com.tr\/index.php\/urun\/yazi-insanligin-bellegi\/","title":{"rendered":"Yaz\u0131 \u0130nsanl\u0131\u011f\u0131n Belle\u011fi"},"content":{"rendered":"<p>Yaz\u0131n\u0131n tarihi S\u00fcmer\u2019de ba\u015fl\u0131yor, tam 5000 y\u0131l \u00f6nce. S\u00fcmer \u00fclkesi ve Mezopotamya\u2019da yaln\u0131zca insan belle\u011fine yard\u0131mc\u0131 olmas\u0131 i\u00e7in kullan\u0131lan yaz\u0131, \u00e7iviyaz\u0131lar\u0131ndan M\u0131s\u0131r hiyerofliglerine, M\u00fcsl\u00fcman d\u00fcnyas\u0131n\u0131n hat sanat\u0131ndan Orta\u00e7a\u011f yazmanlar\u0131n\u0131n kaligrafi \u00e7al\u0131\u015fmalar\u0131na ve \u00c7in\u2019in d\u00fc\u015f\u00fcnceyaz\u0131lar\u0131na dek zaman i\u00e7inde \u00e7ok farkl\u0131 bi\u00e7imler al\u0131yor. XV. y\u00fczy\u0131lda matbaan\u0131n icad\u0131yla birlikte yaz\u0131n\u0131n tarihi bas\u0131mc\u0131l\u0131\u011f\u0131n tarihiyle birle\u015fiyor. Yaz\u0131 genelle\u015fiyor, yayg\u0131nl\u0131k kazan\u0131yor. Dinsel imgelerden m\u00fczi\u011fe, dil oyunlar\u0131ndan edebiyata ve bilimsel form\u00fcllere kadar \u00e7ok farkl\u0131 alanlar\u0131n ortak ifade arac\u0131na d\u00f6n\u00fc\u015f\u00fcyor. Ve modern d\u00fcnyada yaz\u0131, harf, kendili\u011finden bir varl\u0131k oluyor, d\u00fcnyan\u0131n vazge\u00e7ilmez bir par\u00e7as\u0131na d\u00f6n\u00fc\u015f\u00fcyor. \u015eair Georges Jean, yaz\u0131n\u0131n tarih i\u00e7indeki s\u00fcrevenini anlatt\u0131\u011f\u0131 bu kitapta farkl\u0131 k\u00fclt\u00fcrlere, farkl\u0131 ifade bi\u00e7imlerine do\u011fru bir yolculu\u011fa \u00e7\u0131kar\u0131yor bizi. \ufffcTan\u0131t\u0131m Metni<\/p>\n","protected":false},"excerpt":{"rendered":"<p>Yaz\u0131n\u0131n tarihi S\u00fcmer\u2019de ba\u015fl\u0131yor, tam 5000 y\u0131l \u00f6nce. S\u00fcmer \u00fclkesi ve Mezopotamya\u2019da yaln\u0131zca insan belle\u011fine yard\u0131mc\u0131 olmas\u0131 i\u00e7in kullan\u0131lan yaz\u0131, \u00e7iviyaz\u0131lar\u0131ndan M\u0131s\u0131r hiyerofliglerine, M\u00fcsl\u00fcman d\u00fcnyas\u0131n\u0131n hat<span class=\"excerpt-hellip\"> [\u2026]<\/span><\/p>\n","protected":false},"featured_media":0,"template":"","meta":{"_monsterinsights_skip_tracking":false,"_monsterinsights_sitenote_active":false,"_monsterinsights_sitenote_note":"","_monsterinsights_sitenote_category":0},"product_brand":[],"product_cat":[12312,12304],"product_tag":[],"class_list":{"0":"post-694330","1":"product","2":"type-product","3":"status-publish","5":"product_cat-diger","6":"product_cat-tarih","7":"pa_cilt-ciltsiz","8":"pa_tur-kitap","9":"pa_yayinevi-yapi-kredi-yayinlari","10":"pa_yazar-georges-jean","12":"first","13":"instock","14":"sale","15":"shipping-taxable","16":"purchasable","17":"product-type-simple"},"_links":{"self":[{"href":"https:\/\/roveyayinevi.com.tr\/index.php\/wp-json\/wp\/v2\/product\/694330","targetHints":{"allow":["GET"]}}],"collection":[{"href":"https:\/\/roveyayinevi.com.tr\/index.php\/wp-json\/wp\/v2\/product"}],"about":[{"href":"https:\/\/roveyayinevi.com.tr\/index.php\/wp-json\/wp\/v2\/types\/product"}],"wp:attachment":[{"href":"https:\/\/roveyayinevi.com.tr\/index.php\/wp-json\/wp\/v2\/media?parent=694330"}],"wp:term":[{"taxonomy":"product_brand","embeddable":true,"href":"https:\/\/roveyayinevi.com.tr\/index.php\/wp-json\/wp\/v2\/product_brand?post=694330"},{"taxonomy":"product_cat","embeddable":true,"href":"https:\/\/roveyayinevi.com.tr\/index.php\/wp-json\/wp\/v2\/product_cat?post=694330"},{"taxonomy":"product_tag","embeddable":true,"href":"https:\/\/roveyayinevi.com.tr\/index.php\/wp-json\/wp\/v2\/product_tag?post=694330"}],"curies":[{"name":"wp","href":"https:\/\/api.w.org\/{rel}","templated":true}]}}