{"id":694328,"date":"2025-08-27T14:20:38","date_gmt":"2025-08-27T11:20:38","guid":{"rendered":"https:\/\/roveyayinevi.com.tr\/index.php\/urun\/yassiada-kayseri-ve-toptasi-cezaevi-gunlukleri\/"},"modified":"2026-04-16T02:04:30","modified_gmt":"2026-04-15T23:04:30","slug":"yassiada-kayseri-ve-toptasi-cezaevi-gunlukleri","status":"publish","type":"product","link":"https:\/\/roveyayinevi.com.tr\/index.php\/urun\/yassiada-kayseri-ve-toptasi-cezaevi-gunlukleri\/","title":{"rendered":"Yass\u0131ada, Kayseri ve Topta\u015f\u0131 Cezaevi G\u00fcnl\u00fckleri"},"content":{"rendered":"<p>Herhangi bir g\u00fcnl\u00fck de\u011fil bu. Edebiyat d\u00fcnyas\u0131ndan gelen bir siyaset adam\u0131n\u0131n hapishane anlat\u0131s\u0131. K\u0131st\u0131r\u0131lm\u0131\u015f insanlar \u00fcst\u00fcne denemeler de denebilir. Umutlar\u0131yla, d\u00fc\u015f k\u0131r\u0131kl\u0131klar\u0131yla , bencillikleriyle, duygusal \u00e7\u00f6k\u00fcnt\u00fcleriyle, diren\u00e7leriyle \u00f6nce bir adada, sonra da cezaevlerinde toplanm\u0131\u015f insanlar\u0131n ruh halleri. Samet A\u011fao\u011flu \u00f6ylesine parlak bir projekt\u00f6r tutuyor ki en ba\u015fta kendisi de i\u00e7ini g\u00f6r\u00fcyor ve oldu\u011fu gibi yaz\u0131ya ge\u00e7iriyor. Siyasi tarih i\u00e7in \u00f6nemli bir belge oldu\u011fu kadar adabi bak\u0131mdan da ola\u011fan d\u0131\u015f\u0131 nitelikler ta\u015f\u0131yan bir metin bu. <\/p>\n","protected":false},"excerpt":{"rendered":"<p>Herhangi bir g\u00fcnl\u00fck de\u011fil bu. Edebiyat d\u00fcnyas\u0131ndan gelen bir siyaset adam\u0131n\u0131n hapishane anlat\u0131s\u0131. K\u0131st\u0131r\u0131lm\u0131\u015f insanlar \u00fcst\u00fcne denemeler de denebilir. Umutlar\u0131yla, d\u00fc\u015f k\u0131r\u0131kl\u0131klar\u0131yla , bencillikleriyle, duygusal \u00e7\u00f6k\u00fcnt\u00fcleriyle,<span class=\"excerpt-hellip\"> [\u2026]<\/span><\/p>\n","protected":false},"featured_media":0,"template":"","meta":{"_monsterinsights_skip_tracking":false,"_monsterinsights_sitenote_active":false,"_monsterinsights_sitenote_note":"","_monsterinsights_sitenote_category":0},"product_brand":[],"product_cat":[12312,12304],"product_tag":[],"class_list":{"0":"post-694328","1":"product","2":"type-product","3":"status-publish","5":"product_cat-diger","6":"product_cat-tarih","7":"pa_cilt-ciltsiz","8":"pa_tur-kitap","9":"pa_yayinevi-yapi-kredi-yayinlari","10":"pa_yazar-samet-agaoglu","12":"first","13":"instock","14":"sale","15":"shipping-taxable","16":"purchasable","17":"product-type-simple"},"_links":{"self":[{"href":"https:\/\/roveyayinevi.com.tr\/index.php\/wp-json\/wp\/v2\/product\/694328","targetHints":{"allow":["GET"]}}],"collection":[{"href":"https:\/\/roveyayinevi.com.tr\/index.php\/wp-json\/wp\/v2\/product"}],"about":[{"href":"https:\/\/roveyayinevi.com.tr\/index.php\/wp-json\/wp\/v2\/types\/product"}],"wp:attachment":[{"href":"https:\/\/roveyayinevi.com.tr\/index.php\/wp-json\/wp\/v2\/media?parent=694328"}],"wp:term":[{"taxonomy":"product_brand","embeddable":true,"href":"https:\/\/roveyayinevi.com.tr\/index.php\/wp-json\/wp\/v2\/product_brand?post=694328"},{"taxonomy":"product_cat","embeddable":true,"href":"https:\/\/roveyayinevi.com.tr\/index.php\/wp-json\/wp\/v2\/product_cat?post=694328"},{"taxonomy":"product_tag","embeddable":true,"href":"https:\/\/roveyayinevi.com.tr\/index.php\/wp-json\/wp\/v2\/product_tag?post=694328"}],"curies":[{"name":"wp","href":"https:\/\/api.w.org\/{rel}","templated":true}]}}