{"id":694316,"date":"2025-08-27T14:20:35","date_gmt":"2025-08-27T11:20:35","guid":{"rendered":"https:\/\/roveyayinevi.com.tr\/index.php\/urun\/dilin-en-guzel-tarihi\/"},"modified":"2026-04-16T02:04:30","modified_gmt":"2026-04-15T23:04:30","slug":"dilin-en-guzel-tarihi","status":"publish","type":"product","link":"https:\/\/roveyayinevi.com.tr\/index.php\/urun\/dilin-en-guzel-tarihi\/","title":{"rendered":"Dilin En G\u00fczel Tarihi"},"content":{"rendered":"<p>D\u00fcs\u00fcncelerimizi d\u00fczenlemek, fikirlerimizi paylasmak, iletisim kurmak, sevmek, belki de d\u00fcs kurmak i\u00e7in vazge\u00e7ilmez bir ara\u00e7 olan dil kesinlikle insan\u0131n ay\u0131r\u0131c\u0131 niteligidir, \u00f6ylesine dogal bir yetenektir ki biz onun ne kadar olagan\u00fcst\u00fc oldugunu unuturuz. Her insan konusmaya yatk\u0131n olarak dogar, ama bunu yapmay\u0131 \u00f6grenmesi gerekir. \u00c7ok eski zamanlarda bir g\u00fcn, evrimin hangi k\u00fc\u00e7\u00fck onar\u0131m\u0131 dilin ortaya \u00e7\u0131kmas\u0131na yol a\u00e7m\u0131st\u0131r? Atalar\u0131m\u0131z kendilerini nas\u0131l ifade ediyorlard\u0131? Eskiden bir tek, evrensel dil var m\u0131yd\u0131? Diller daha sonra neden farkl\u0131last\u0131lar? B\u00fct\u00fcn zamanlar\u0131n mucizesi olan insan yavrusu her bebek konusmay\u0131 nas\u0131l yeniden \u00f6grenir, s\u00f6zc\u00fckleri nas\u0131l tan\u0131r, beyninde neler olup biter? Antropologlar\u0131n, dilbilimcilerin ve n\u00f6robiyoloji uzmanlar\u0131n\u0131n ger\u00e7eklestirdigi sas\u0131rt\u0131c\u0131 buluslar, g\u00fcn\u00fcm\u00fczde ilk fosillerden bu yana dilin ge\u00e7tigi yolun izlenmesine olanak verir. \u00dc\u00e7 \u00f6nemli arast\u0131rmac\u0131 burada herkesin anlayabilecegi bir diyalogla en g\u00fczel \u00f6yk\u00fclerimizden birini, hi\u00e7 kuskusuz en benzersiz olan\u0131n\u0131 anlatmak i\u00e7in birbirlerine el veriyorlar. <\/p>\n","protected":false},"excerpt":{"rendered":"<p>D\u00fcs\u00fcncelerimizi d\u00fczenlemek, fikirlerimizi paylasmak, iletisim kurmak, sevmek, belki de d\u00fcs kurmak i\u00e7in vazge\u00e7ilmez bir ara\u00e7 olan dil kesinlikle insan\u0131n ay\u0131r\u0131c\u0131 niteligidir, \u00f6ylesine dogal bir yetenektir ki<span class=\"excerpt-hellip\"> [\u2026]<\/span><\/p>\n","protected":false},"featured_media":0,"template":"","meta":{"_monsterinsights_skip_tracking":false,"_monsterinsights_sitenote_active":false,"_monsterinsights_sitenote_note":"","_monsterinsights_sitenote_category":0},"product_brand":[],"product_cat":[12364],"product_tag":[],"class_list":{"0":"post-694316","1":"product","2":"type-product","3":"status-publish","5":"product_cat-genel-konular","6":"pa_cilt-ciltsiz","7":"pa_tur-kitap","8":"pa_yayinevi-is-bankasi-kultur-yayinlari","9":"pa_yazar-cecile-lestienne","11":"first","12":"instock","13":"sale","14":"shipping-taxable","15":"purchasable","16":"product-type-simple"},"_links":{"self":[{"href":"https:\/\/roveyayinevi.com.tr\/index.php\/wp-json\/wp\/v2\/product\/694316","targetHints":{"allow":["GET"]}}],"collection":[{"href":"https:\/\/roveyayinevi.com.tr\/index.php\/wp-json\/wp\/v2\/product"}],"about":[{"href":"https:\/\/roveyayinevi.com.tr\/index.php\/wp-json\/wp\/v2\/types\/product"}],"wp:attachment":[{"href":"https:\/\/roveyayinevi.com.tr\/index.php\/wp-json\/wp\/v2\/media?parent=694316"}],"wp:term":[{"taxonomy":"product_brand","embeddable":true,"href":"https:\/\/roveyayinevi.com.tr\/index.php\/wp-json\/wp\/v2\/product_brand?post=694316"},{"taxonomy":"product_cat","embeddable":true,"href":"https:\/\/roveyayinevi.com.tr\/index.php\/wp-json\/wp\/v2\/product_cat?post=694316"},{"taxonomy":"product_tag","embeddable":true,"href":"https:\/\/roveyayinevi.com.tr\/index.php\/wp-json\/wp\/v2\/product_tag?post=694316"}],"curies":[{"name":"wp","href":"https:\/\/api.w.org\/{rel}","templated":true}]}}