{"id":694314,"date":"2025-08-27T14:20:35","date_gmt":"2025-08-27T11:20:35","guid":{"rendered":"https:\/\/roveyayinevi.com.tr\/index.php\/urun\/sirpca-turkce-konusma-kilavuzu\/"},"modified":"2026-02-03T02:06:38","modified_gmt":"2026-02-02T23:06:38","slug":"sirpca-turkce-konusma-kilavuzu","status":"publish","type":"product","link":"https:\/\/roveyayinevi.com.tr\/index.php\/urun\/sirpca-turkce-konusma-kilavuzu\/","title":{"rendered":"S\u0131rp\u00e7a T\u00fcrk\u00e7e Konu\u015fma K\u0131lavuzu"},"content":{"rendered":"<p>Bu pratik konu\u015fmalar k\u0131lavuzu, Yugoslavya turistlerin T\u00fcrkiye&#8217;ye geldikleri zaman ve burada oturduklar\u0131 s\u00fcrece \u00e7e\u015fitli konulardaki konu\u015fmalar\u0131nda meydana gelen \u00e7e\u015fitli g\u00fc\u00e7lerin konulardaki konu\u015fmalar\u0131nda meydana gelen \u00e7e\u015fitli g\u00fc\u00e7lerin giderilmesi amac\u0131yla haz\u0131rlanm\u0131\u015ft\u0131r. Bundan ba\u015fka bu k\u0131lavuz, bir T\u00fcrk vatanda\u015f\u0131n da, ister T\u00fcrkiye&#8217;de olsun, isterse de misafir olarak Yugoslavya&#8217;da bulunsun, kendi isteklerini anlatabilmesi ve s\u00f6ylenilenleri kolayca anlayabilmesine de yard\u0131m edecektir. <\/p>\n","protected":false},"excerpt":{"rendered":"<p>Bu pratik konu\u015fmalar k\u0131lavuzu, Yugoslavya turistlerin T\u00fcrkiye&#8217;ye geldikleri zaman ve burada oturduklar\u0131 s\u00fcrece \u00e7e\u015fitli konulardaki konu\u015fmalar\u0131nda meydana gelen \u00e7e\u015fitli g\u00fc\u00e7lerin konulardaki konu\u015fmalar\u0131nda meydana gelen \u00e7e\u015fitli g\u00fc\u00e7lerin<span class=\"excerpt-hellip\"> [\u2026]<\/span><\/p>\n","protected":false},"featured_media":0,"template":"","meta":{"_monsterinsights_skip_tracking":false,"_monsterinsights_sitenote_active":false,"_monsterinsights_sitenote_note":"","_monsterinsights_sitenote_category":0},"product_brand":[],"product_cat":[12364],"product_tag":[],"class_list":{"0":"post-694314","1":"product","2":"type-product","3":"status-publish","5":"product_cat-genel-konular","6":"pa_tur-kitap","7":"pa_yayinevi-tekin-yayinevi","8":"pa_yazar-mucahit-korca","10":"first","11":"instock","12":"sale","13":"shipping-taxable","14":"purchasable","15":"product-type-simple"},"_links":{"self":[{"href":"https:\/\/roveyayinevi.com.tr\/index.php\/wp-json\/wp\/v2\/product\/694314","targetHints":{"allow":["GET"]}}],"collection":[{"href":"https:\/\/roveyayinevi.com.tr\/index.php\/wp-json\/wp\/v2\/product"}],"about":[{"href":"https:\/\/roveyayinevi.com.tr\/index.php\/wp-json\/wp\/v2\/types\/product"}],"wp:attachment":[{"href":"https:\/\/roveyayinevi.com.tr\/index.php\/wp-json\/wp\/v2\/media?parent=694314"}],"wp:term":[{"taxonomy":"product_brand","embeddable":true,"href":"https:\/\/roveyayinevi.com.tr\/index.php\/wp-json\/wp\/v2\/product_brand?post=694314"},{"taxonomy":"product_cat","embeddable":true,"href":"https:\/\/roveyayinevi.com.tr\/index.php\/wp-json\/wp\/v2\/product_cat?post=694314"},{"taxonomy":"product_tag","embeddable":true,"href":"https:\/\/roveyayinevi.com.tr\/index.php\/wp-json\/wp\/v2\/product_tag?post=694314"}],"curies":[{"name":"wp","href":"https:\/\/api.w.org\/{rel}","templated":true}]}}