{"id":694313,"date":"2025-08-27T14:20:34","date_gmt":"2025-08-27T11:20:34","guid":{"rendered":"https:\/\/roveyayinevi.com.tr\/index.php\/urun\/beyaz-zambaklar-ulkesinde-3\/"},"modified":"2025-11-22T02:34:32","modified_gmt":"2025-11-21T23:34:32","slug":"beyaz-zambaklar-ulkesinde-3","status":"publish","type":"product","link":"https:\/\/roveyayinevi.com.tr\/index.php\/urun\/beyaz-zambaklar-ulkesinde-3\/","title":{"rendered":"Beyaz Zambaklar \u00dclkesinde"},"content":{"rendered":"<p>Bu kitap, karlar alt\u0131nda \u00f6l\u00fcm uykusuna yatm\u0131\u015f bir \u00fclkenin, uyan\u0131\u015f destan\u0131d\u0131r. Bir avu\u00e7 idealist, \u00e7al\u0131\u015fkan ve m\u00fctavazi Fin ayd\u0131n\u0131n\u0131n s\u0131rtlad\u0131\u011f\u0131 bu destan, sadece ya\u015fand\u0131\u011f\u0131 \u00fclkenin s\u0131n\u0131rlar\u0131 i\u00e7inde,ya\u015fand\u0131\u011f\u0131 zamanda ve tek bir milletin haf\u0131zas\u0131nda kalmayacak kadar ufuk a\u00e7\u0131c\u0131 ve ilham verici bir m\u00fccadelenin \u00f6yk\u00fcs\u00fcd\u00fcr. \ufffcTan\u0131t\u0131m Metni<\/p>\n","protected":false},"excerpt":{"rendered":"<p>Bu kitap, karlar alt\u0131nda \u00f6l\u00fcm uykusuna yatm\u0131\u015f bir \u00fclkenin, uyan\u0131\u015f destan\u0131d\u0131r. Bir avu\u00e7 idealist, \u00e7al\u0131\u015fkan ve m\u00fctavazi Fin ayd\u0131n\u0131n\u0131n s\u0131rtlad\u0131\u011f\u0131 bu destan, sadece ya\u015fand\u0131\u011f\u0131 \u00fclkenin s\u0131n\u0131rlar\u0131<span class=\"excerpt-hellip\"> [\u2026]<\/span><\/p>\n","protected":false},"featured_media":0,"template":"","meta":{"_monsterinsights_skip_tracking":false,"_monsterinsights_sitenote_active":false,"_monsterinsights_sitenote_note":"","_monsterinsights_sitenote_category":0},"product_brand":[],"product_cat":[12291,13570],"product_tag":[],"class_list":{"0":"post-694313","1":"product","2":"type-product","3":"status-publish","5":"product_cat-edebiyat","6":"product_cat-rus-edebiyati","7":"pa_tur-kitap","8":"pa_yayinevi-zafer-yayinlari","9":"pa_yazar-grigoriy-petrov","11":"first","12":"instock","13":"sale","14":"shipping-taxable","15":"purchasable","16":"product-type-simple"},"_links":{"self":[{"href":"https:\/\/roveyayinevi.com.tr\/index.php\/wp-json\/wp\/v2\/product\/694313","targetHints":{"allow":["GET"]}}],"collection":[{"href":"https:\/\/roveyayinevi.com.tr\/index.php\/wp-json\/wp\/v2\/product"}],"about":[{"href":"https:\/\/roveyayinevi.com.tr\/index.php\/wp-json\/wp\/v2\/types\/product"}],"wp:attachment":[{"href":"https:\/\/roveyayinevi.com.tr\/index.php\/wp-json\/wp\/v2\/media?parent=694313"}],"wp:term":[{"taxonomy":"product_brand","embeddable":true,"href":"https:\/\/roveyayinevi.com.tr\/index.php\/wp-json\/wp\/v2\/product_brand?post=694313"},{"taxonomy":"product_cat","embeddable":true,"href":"https:\/\/roveyayinevi.com.tr\/index.php\/wp-json\/wp\/v2\/product_cat?post=694313"},{"taxonomy":"product_tag","embeddable":true,"href":"https:\/\/roveyayinevi.com.tr\/index.php\/wp-json\/wp\/v2\/product_tag?post=694313"}],"curies":[{"name":"wp","href":"https:\/\/api.w.org\/{rel}","templated":true}]}}