{"id":694312,"date":"2025-08-27T14:20:34","date_gmt":"2025-08-27T11:20:34","guid":{"rendered":"https:\/\/roveyayinevi.com.tr\/index.php\/urun\/ask-biter-insan-yorulur\/"},"modified":"2026-04-16T02:04:30","modified_gmt":"2026-04-15T23:04:30","slug":"ask-biter-insan-yorulur","status":"publish","type":"product","link":"https:\/\/roveyayinevi.com.tr\/index.php\/urun\/ask-biter-insan-yorulur\/","title":{"rendered":"A\u015fk Biter \u0130nsan Yorulur!"},"content":{"rendered":"<p>Bir \u00e7ocu\u011fun hemen yan\u0131 ba\u015f\u0131nda oturup, kan ter i\u00e7inde oyununu nas\u0131l a\u015fkla oynad\u0131\u011f\u0131na bakmal\u0131.. <\/p>\n","protected":false},"excerpt":{"rendered":"<p>Bir \u00e7ocu\u011fun hemen yan\u0131 ba\u015f\u0131nda oturup, kan ter i\u00e7inde oyununu nas\u0131l a\u015fkla oynad\u0131\u011f\u0131na bakmal\u0131..<\/p>\n","protected":false},"featured_media":0,"template":"","meta":{"_monsterinsights_skip_tracking":false,"_monsterinsights_sitenote_active":false,"_monsterinsights_sitenote_note":"","_monsterinsights_sitenote_category":0},"product_brand":[],"product_cat":[14787,13488],"product_tag":[],"class_list":{"0":"post-694312","1":"product","2":"type-product","3":"status-publish","5":"product_cat-diger-toplum-ve-insan","6":"product_cat-toplum-ve-insan","7":"pa_tur-kitap","8":"pa_yayinevi-zafer-yayinlari","9":"pa_yazar-banu-yasar","11":"first","12":"instock","13":"sale","14":"shipping-taxable","15":"purchasable","16":"product-type-simple"},"_links":{"self":[{"href":"https:\/\/roveyayinevi.com.tr\/index.php\/wp-json\/wp\/v2\/product\/694312","targetHints":{"allow":["GET"]}}],"collection":[{"href":"https:\/\/roveyayinevi.com.tr\/index.php\/wp-json\/wp\/v2\/product"}],"about":[{"href":"https:\/\/roveyayinevi.com.tr\/index.php\/wp-json\/wp\/v2\/types\/product"}],"wp:attachment":[{"href":"https:\/\/roveyayinevi.com.tr\/index.php\/wp-json\/wp\/v2\/media?parent=694312"}],"wp:term":[{"taxonomy":"product_brand","embeddable":true,"href":"https:\/\/roveyayinevi.com.tr\/index.php\/wp-json\/wp\/v2\/product_brand?post=694312"},{"taxonomy":"product_cat","embeddable":true,"href":"https:\/\/roveyayinevi.com.tr\/index.php\/wp-json\/wp\/v2\/product_cat?post=694312"},{"taxonomy":"product_tag","embeddable":true,"href":"https:\/\/roveyayinevi.com.tr\/index.php\/wp-json\/wp\/v2\/product_tag?post=694312"}],"curies":[{"name":"wp","href":"https:\/\/api.w.org\/{rel}","templated":true}]}}