{"id":694310,"date":"2025-08-27T14:20:34","date_gmt":"2025-08-27T11:20:34","guid":{"rendered":"https:\/\/roveyayinevi.com.tr\/index.php\/urun\/benim-saglikli-bebegim\/"},"modified":"2026-04-16T02:04:29","modified_gmt":"2026-04-15T23:04:29","slug":"benim-saglikli-bebegim","status":"publish","type":"product","link":"https:\/\/roveyayinevi.com.tr\/index.php\/urun\/benim-saglikli-bebegim\/","title":{"rendered":"Benim Sa\u011fl\u0131kl\u0131 Bebe\u011fim"},"content":{"rendered":"<p>Bebe\u011fin bak\u0131m\u0131 ve beslenmesi \u00c7ocuk hastal\u0131klar\u0131 Do\u011fumdan ergenli\u011fe \u00e7ocuk geli\u015fimi \u00c7ocuk psikolojisi ve e\u011fitimi  Bu kitab\u0131n amac\u0131, anne babalara ve evlenme haz\u0131rl\u0131\u011f\u0131 yapan gen\u00e7lere, sa\u011fl\u0131kl\u0131 \u00e7ocuklar yeti\u015ftirmelerinde yard\u0131mc\u0131 olmakt\u0131r. Ana rahminden ergenli\u011fe kadar b\u00fct\u00fcn geli\u015fim evrelerini ele ald\u0131k; bebe\u011fin bak\u0131m\u0131 ve beslenmesi, \u00e7ocuk hastal\u0131klar\u0131, fiziksel ve zihinsel geli\u015fim, \u00e7ocuk psikolojisi ve e\u011fitimi konular\u0131nda ihtiya\u00e7 duyaca\u011f\u0131n\u0131z her bilgiye yer vermeye \u00e7al\u0131\u015ft\u0131k. Bu a\u00e7\u0131dan bak\u0131ld\u0131\u011f\u0131nda \u00e7al\u0131\u015fmam\u0131z bir  ba\u015fvuru kitab\u0131  olarak de\u011ferlendirilebilir. Ba\u015fvuru kitaplar\u0131n\u0131n ba\u015ftan sona okunmas\u0131 gerekmez. \u00d6rne\u011fin,  \u00c7ocuk Hastal\u0131klar\u0131  b\u00f6l\u00fcm\u00fcnde s\u0131ralad\u0131\u011f\u0131m\u0131z onca hastal\u0131\u011f\u0131n belki sadece birka\u00e7\u0131 ile kar\u015f\u0131la\u015facaks\u0131n\u0131z. Umar\u0131z \u00e7ocu\u011funuz sa\u011fl\u0131kl\u0131 b\u00fcy\u00fcr ve bu bilgilere ihtiyac\u0131n\u0131z olmaz. Bu b\u00f6l\u00fcm\u00fc haz\u0131rlarken amac\u0131m\u0131z doktora gitmeden \u00f6nce bilgi sahibi olman\u0131z\u0131 sa\u011flamakt\u0131r. Daha a\u00e7\u0131k s\u00f6ylemek gerekirse bu bilgiler, kar\u015f\u0131la\u015faca\u011f\u0131n\u0131z bir hastal\u0131\u011f\u0131 te\u015fhis edip kendi imkanlar\u0131n\u0131zla tedavi etmeniz i\u00e7in verilmemi\u015ftir. \u00c7ocuk psikolojisi ve ruh sa\u011fl\u0131\u011f\u0131 konular\u0131nda verilen bilgileri de, bu a\u00e7\u0131dan de\u011ferlendirmenizi, kekemelik veya alt\u0131n\u0131 \u0131slatma gibi ciddi bir davran\u0131\u015f bozuklu\u011fu ile kar\u015f\u0131la\u015ft\u0131\u011f\u0131n\u0131zda, \u00e7ocukla \u00e7at\u0131\u015fma ya\u015famadan \u00e7\u00f6zebilmek i\u00e7in, bir \u00e7ocuk psikolo\u011fundan profesyonel yard\u0131m alman\u0131z gerekti\u011fini hat\u0131rlatmak isteriz. <\/p>\n","protected":false},"excerpt":{"rendered":"<p>Bebe\u011fin bak\u0131m\u0131 ve beslenmesi \u00c7ocuk hastal\u0131klar\u0131 Do\u011fumdan ergenli\u011fe \u00e7ocuk geli\u015fimi \u00c7ocuk psikolojisi ve e\u011fitimi Bu kitab\u0131n amac\u0131, anne babalara ve evlenme haz\u0131rl\u0131\u011f\u0131 yapan gen\u00e7lere, sa\u011fl\u0131kl\u0131 \u00e7ocuklar<span class=\"excerpt-hellip\"> [\u2026]<\/span><\/p>\n","protected":false},"featured_media":0,"template":"","meta":{"_monsterinsights_skip_tracking":false,"_monsterinsights_sitenote_active":false,"_monsterinsights_sitenote_note":"","_monsterinsights_sitenote_category":0},"product_brand":[],"product_cat":[14902,13365],"product_tag":[],"class_list":{"0":"post-694310","1":"product","2":"type-product","3":"status-publish","5":"product_cat-annelik-ve-cocuk-bakimi","6":"product_cat-saglik","7":"pa_tur-kitap","8":"pa_yayinevi-zafer-yayinlari","9":"pa_yazar-ali-cankirili","11":"first","12":"instock","13":"sale","14":"shipping-taxable","15":"purchasable","16":"product-type-simple"},"_links":{"self":[{"href":"https:\/\/roveyayinevi.com.tr\/index.php\/wp-json\/wp\/v2\/product\/694310","targetHints":{"allow":["GET"]}}],"collection":[{"href":"https:\/\/roveyayinevi.com.tr\/index.php\/wp-json\/wp\/v2\/product"}],"about":[{"href":"https:\/\/roveyayinevi.com.tr\/index.php\/wp-json\/wp\/v2\/types\/product"}],"wp:attachment":[{"href":"https:\/\/roveyayinevi.com.tr\/index.php\/wp-json\/wp\/v2\/media?parent=694310"}],"wp:term":[{"taxonomy":"product_brand","embeddable":true,"href":"https:\/\/roveyayinevi.com.tr\/index.php\/wp-json\/wp\/v2\/product_brand?post=694310"},{"taxonomy":"product_cat","embeddable":true,"href":"https:\/\/roveyayinevi.com.tr\/index.php\/wp-json\/wp\/v2\/product_cat?post=694310"},{"taxonomy":"product_tag","embeddable":true,"href":"https:\/\/roveyayinevi.com.tr\/index.php\/wp-json\/wp\/v2\/product_tag?post=694310"}],"curies":[{"name":"wp","href":"https:\/\/api.w.org\/{rel}","templated":true}]}}