{"id":694302,"date":"2025-08-27T14:20:32","date_gmt":"2025-08-27T11:20:32","guid":{"rendered":"https:\/\/roveyayinevi.com.tr\/index.php\/urun\/montaigne-denemeler-butun-denemeler-2\/"},"modified":"2026-04-16T02:04:29","modified_gmt":"2026-04-15T23:04:29","slug":"montaigne-denemeler-butun-denemeler-2","status":"publish","type":"product","link":"https:\/\/roveyayinevi.com.tr\/index.php\/urun\/montaigne-denemeler-butun-denemeler-2\/","title":{"rendered":"Montaigne Denemeler \/ B\u00fct\u00fcn Denemeler &#8211; 2"},"content":{"rendered":"<p>Montaigne az say\u0131da insan i\u00e7in yazd\u0131\u011f\u0131n\u0131 iddia etse de, Denemeler bug\u00fcn h\u00e2l\u00e2 d\u00fcnyan\u0131n her yerinde ayn\u0131 etki ve g\u00fcncellikle yazar\u0131n\u0131n ad\u0131n\u0131 parlatmaya devam ediyor. Kendi kendini b\u00fcy\u00fck bir dikkatle, \u00e7ekincesiz ele\u015ftirel bir titizlikle ve dur durak bilmeyen bir n\u00fcktedanl\u0131kla g\u00f6zleyen bu parlak zek\u00e2n\u0131n \u201cya\u015fam\u0131n\u0131n \u00e7o\u011fu g\u00fcn\u00fcn\u00fc ve g\u00fcn\u00fcn\u00fcn \u00e7o\u011fu zaman\u0131n\u0131\u201d ge\u00e7irdi\u011fi k\u00fct\u00fcphanesine \u00e7ekilerek evrensel insan\u0131n portresini dost\u00e7a bir hava i\u00e7inde \u00e7izdi\u011fi sayfalar, zamana meydan okuyarak bug\u00fcn de bizi d\u00fc\u015f\u00fcnmeye, \u00f6zellikle de kendi kendimizi d\u00fc\u015f\u00fcnmeye, sadece kendi \u00f6zg\u00fcr d\u00fc\u015f\u00fcncemize ve yarg\u0131m\u0131za g\u00fcvenmeye davet ediyor.Bir yandan bu b\u00fcy\u00fck d\u00fc\u015f\u00fcn\u00fcr\u00fcn ya\u015fam\u0131n\u0131n tan\u0131klar\u0131 olurken kendi ya\u015fam\u0131m\u0131z\u0131 da s\u00fczge\u00e7ten ge\u00e7irmek, ho\u015f ve tebess\u00fcm yaratan sat\u0131rlar\u0131nda insanl\u0131k hallerini bulmak, onun tasar\u0131s\u0131n\u0131 ger\u00e7ekle\u015ftirebildi\u011finin birer kan\u0131t\u0131d\u0131r. Her denemede ke\u015ffetti\u011fimiz, bir ya\u015fam, g\u00fcnl\u00fck ya\u015fam\u0131 i\u00e7inde bir adam ve b\u00f6ylece kendimiz, kendi ya\u015fam\u0131m\u0131z olacak. Zira \u201conun i\u015fi ve sanat\u0131, ya\u015famakt\u0131r.\u201dHi\u00e7bir kitaba benzemeyen ve hi\u00e7 kimseye model olma iddias\u0131 ta\u015f\u0131mayan bu kitap, pedagojik bir kendini be\u011fenmi\u015flikten uzak, \u00f6zg\u00fcr d\u00fc\u015f\u00fcncenin kalemin ucunda t\u00fcy hafifli\u011finde gezinirken ge\u00e7mi\u015fin b\u00fcy\u00fckleriyle yapt\u0131\u011f\u0131 ho\u015f bir sohbet ve gelece\u011fin insanlar\u0131na -bize- s\u0131cak bir selamd\u0131r.Ya\u015famaktan, \u00f6zg\u00fcr d\u00fc\u015f\u00fcnceden ve insan\u0131n derinliklerine dalmaktan korkmayanlar i\u00e7in bir ba\u015fucu kitab\u0131. <\/p>\n","protected":false},"excerpt":{"rendered":"<p>Montaigne az say\u0131da insan i\u00e7in yazd\u0131\u011f\u0131n\u0131 iddia etse de, Denemeler bug\u00fcn h\u00e2l\u00e2 d\u00fcnyan\u0131n her yerinde ayn\u0131 etki ve g\u00fcncellikle yazar\u0131n\u0131n ad\u0131n\u0131 parlatmaya devam ediyor. Kendi kendini<span class=\"excerpt-hellip\"> [\u2026]<\/span><\/p>\n","protected":false},"featured_media":0,"template":"","meta":{"_monsterinsights_skip_tracking":false,"_monsterinsights_sitenote_active":false,"_monsterinsights_sitenote_note":"","_monsterinsights_sitenote_category":0},"product_brand":[],"product_cat":[12777,12291],"product_tag":[],"class_list":{"0":"post-694302","1":"product","2":"type-product","3":"status-publish","5":"product_cat-deneme","6":"product_cat-edebiyat","7":"pa_cilt-ciltsiz","8":"pa_tur-kitap","9":"pa_yayinevi-say-yayinlari","10":"pa_yazar-michel-de-montaigne","12":"first","13":"instock","14":"sale","15":"shipping-taxable","16":"purchasable","17":"product-type-simple"},"_links":{"self":[{"href":"https:\/\/roveyayinevi.com.tr\/index.php\/wp-json\/wp\/v2\/product\/694302","targetHints":{"allow":["GET"]}}],"collection":[{"href":"https:\/\/roveyayinevi.com.tr\/index.php\/wp-json\/wp\/v2\/product"}],"about":[{"href":"https:\/\/roveyayinevi.com.tr\/index.php\/wp-json\/wp\/v2\/types\/product"}],"wp:attachment":[{"href":"https:\/\/roveyayinevi.com.tr\/index.php\/wp-json\/wp\/v2\/media?parent=694302"}],"wp:term":[{"taxonomy":"product_brand","embeddable":true,"href":"https:\/\/roveyayinevi.com.tr\/index.php\/wp-json\/wp\/v2\/product_brand?post=694302"},{"taxonomy":"product_cat","embeddable":true,"href":"https:\/\/roveyayinevi.com.tr\/index.php\/wp-json\/wp\/v2\/product_cat?post=694302"},{"taxonomy":"product_tag","embeddable":true,"href":"https:\/\/roveyayinevi.com.tr\/index.php\/wp-json\/wp\/v2\/product_tag?post=694302"}],"curies":[{"name":"wp","href":"https:\/\/api.w.org\/{rel}","templated":true}]}}