{"id":694300,"date":"2025-08-27T14:20:31","date_gmt":"2025-08-27T11:20:31","guid":{"rendered":"https:\/\/roveyayinevi.com.tr\/index.php\/urun\/kahramanlar-ve-mezarlari\/"},"modified":"2026-04-16T02:04:29","modified_gmt":"2026-04-15T23:04:29","slug":"kahramanlar-ve-mezarlari","status":"publish","type":"product","link":"https:\/\/roveyayinevi.com.tr\/index.php\/urun\/kahramanlar-ve-mezarlari\/","title":{"rendered":"Kahramanlar ve Mezarlar\u0131"},"content":{"rendered":"<p>S\u00e1bato insanl\u0131k kadar eski, insanlar ya\u015fad\u0131k\u00e7a var olacak ruh hallerini T\u00fcnel kitab\u0131n\u0131n ard\u0131ndan irdelemeye devam ediyor. Kahramanlar ve Mezarlar\u2019da, hem kendi karakterinin hem de \u00fclkesinin ge\u00e7mi\u015findeki hayaletlerin pe\u015fine d\u00fc\u015f\u00fcyor. Bu roman\u0131n konusu hakk\u0131nda k\u0131saca bir \u015feyler s\u00f6ylemeye \u00e7al\u0131\u015fmak kitaba haks\u0131zl\u0131k etmek olur. G\u00fc\u00e7 ve kederin, a\u015fk ve ku\u015fkunun, ensest ve cinayetin karanl\u0131k labirentlerinde gezinen roman, daima kap\u0131n\u0131n e\u015fi\u011finde bekleyen tehlikenin varl\u0131\u011f\u0131yla ge\u00e7mi\u015fi an\u0131msat\u0131yor; geri d\u00f6n\u00fc\u015flerle kehanetleri birbirine harmanlayarak bizi Ernesto S\u00e1bato\u2019nun felsefi ve edebi evrenindeki ikinci yolculu\u011fumuza \u00e7\u0131kar\u0131yor: S\u0131n\u0131rlar yok oluyor, okur bulanan, eriyen ve yeniden bi\u00e7imlenen zaman\u0131n i\u00e7inde Arjantin\u2019in ve t\u00fcm insanl\u0131\u011f\u0131n varolu\u015f nedenlerinin temel sorunlar\u0131nda dola\u015f\u0131yor; \u201cvatan nedir, aile nedir, a\u015fk nedir, yuva neresidir\u201d sorular\u0131na yan\u0131t ar\u0131yor. Kitab\u0131n \u201cK\u00f6rler \u00dczerine Soru\u015fturma\u201d ba\u015fl\u0131kl\u0131 b\u00f6l\u00fcm\u00fc ise \u201croman i\u00e7inde roman\u201d bi\u00e7iminde bir kurguya sahip. Kaderiyle ba\u015f ba\u015fa kalm\u0131\u015f, bireysel \u00f6zg\u00fcrl\u00fckten yoksun, politik bask\u0131 alt\u0131nda zor nefes alan bireyi kurtarmak i\u00e7in umutsuz bir panzehir aray\u0131\u015f\u0131n\u0131n \u00fcrk\u00fct\u00fcc\u00fc hik\u00e2yesi \u00e7\u0131k\u0131yor kar\u015f\u0131m\u0131za. Karma\u015f\u0131k kurgusu, varolu\u015f\u00e7u sorgulamalar\u0131, kara mizahla \u00f6r\u00fclm\u00fc\u015f dokusu, derin psikolojik ve mitolojik imgeleriyle, \u201cK\u00f6rler \u00dczerine Soru\u015fturma\u201d, elinizdeki kitab\u0131 g\u00f6rkemli bir ba\u015fyap\u0131ta d\u00f6n\u00fc\u015ft\u00fcr\u00fcyor. Latin Amerika edebiyat\u0131n\u0131n en etkileyici yap\u0131tlar\u0131ndan biri olarak kabul edilen Kahramanlar ve Mezarlar\u2019la S\u00e1bato edebiyat severlere; Hesse, Dostoyevski, Borges okurlar\u0131na \u201chodri meydan\u201d diyor&#8230; Geceleri rahat uyuyamayanlar; kurumlara, kimliklere, y\u00fcce \u00fclk\u00fclere, ilkelere inanmayanlar; sahte hayatlar ya\u015famak istemeyenler; isyank\u00e2rlar ve kendi \u00f6zbenli\u011fini sorgulayanlar i\u00e7in&#8230; <\/p>\n","protected":false},"excerpt":{"rendered":"<p>S\u00e1bato insanl\u0131k kadar eski, insanlar ya\u015fad\u0131k\u00e7a var olacak ruh hallerini T\u00fcnel kitab\u0131n\u0131n ard\u0131ndan irdelemeye devam ediyor. Kahramanlar ve Mezarlar\u2019da, hem kendi karakterinin hem de \u00fclkesinin ge\u00e7mi\u015findeki<span class=\"excerpt-hellip\"> [\u2026]<\/span><\/p>\n","protected":false},"featured_media":0,"template":"","meta":{"_monsterinsights_skip_tracking":false,"_monsterinsights_sitenote_active":false,"_monsterinsights_sitenote_note":"","_monsterinsights_sitenote_category":0},"product_brand":[],"product_cat":[12291,12711],"product_tag":[],"class_list":{"0":"post-694300","1":"product","2":"type-product","3":"status-publish","5":"product_cat-edebiyat","6":"product_cat-roman-oyku","7":"pa_cilt-ciltsiz","8":"pa_tur-kitap","9":"pa_yayinevi-ayrinti-yayinlari","10":"pa_yazar-ernesto-sabato","12":"first","13":"instock","14":"sale","15":"shipping-taxable","16":"purchasable","17":"product-type-simple"},"_links":{"self":[{"href":"https:\/\/roveyayinevi.com.tr\/index.php\/wp-json\/wp\/v2\/product\/694300","targetHints":{"allow":["GET"]}}],"collection":[{"href":"https:\/\/roveyayinevi.com.tr\/index.php\/wp-json\/wp\/v2\/product"}],"about":[{"href":"https:\/\/roveyayinevi.com.tr\/index.php\/wp-json\/wp\/v2\/types\/product"}],"wp:attachment":[{"href":"https:\/\/roveyayinevi.com.tr\/index.php\/wp-json\/wp\/v2\/media?parent=694300"}],"wp:term":[{"taxonomy":"product_brand","embeddable":true,"href":"https:\/\/roveyayinevi.com.tr\/index.php\/wp-json\/wp\/v2\/product_brand?post=694300"},{"taxonomy":"product_cat","embeddable":true,"href":"https:\/\/roveyayinevi.com.tr\/index.php\/wp-json\/wp\/v2\/product_cat?post=694300"},{"taxonomy":"product_tag","embeddable":true,"href":"https:\/\/roveyayinevi.com.tr\/index.php\/wp-json\/wp\/v2\/product_tag?post=694300"}],"curies":[{"name":"wp","href":"https:\/\/api.w.org\/{rel}","templated":true}]}}