{"id":694299,"date":"2025-08-27T14:20:31","date_gmt":"2025-08-27T11:20:31","guid":{"rendered":"https:\/\/roveyayinevi.com.tr\/index.php\/urun\/kuranda-fetih-mujdeleri\/"},"modified":"2026-03-31T11:38:53","modified_gmt":"2026-03-31T08:38:53","slug":"kuranda-fetih-mujdeleri","status":"publish","type":"product","link":"https:\/\/roveyayinevi.com.tr\/index.php\/urun\/kuranda-fetih-mujdeleri\/","title":{"rendered":"Kur\u2019an\u2019da Fetih M\u00fcjdeleri"},"content":{"rendered":"<p>Kur\u2019an\u2019\u0131n semav\u00ee kimli\u011fini g\u00f6zler \u00f6n\u00fcne seren hususlardan biri de, verdi\u011fi gayb\u00ee haberlerdir. <\/p>\n","protected":false},"excerpt":{"rendered":"<p>Kur\u2019an\u2019\u0131n semav\u00ee kimli\u011fini g\u00f6zler \u00f6n\u00fcne seren hususlardan biri de, verdi\u011fi gayb\u00ee haberlerdir.<\/p>\n","protected":false},"featured_media":0,"template":"","meta":{"_monsterinsights_skip_tracking":false,"_monsterinsights_sitenote_active":false,"_monsterinsights_sitenote_note":"","_monsterinsights_sitenote_category":0},"product_brand":[],"product_cat":[13036,12718,12719],"product_tag":[],"class_list":{"0":"post-694299","1":"product","2":"type-product","3":"status-publish","5":"product_cat-arastirma-inceleme-islam","6":"product_cat-din","7":"product_cat-islam","8":"pa_tur-kitap","9":"pa_yayinevi-zafer-yayinlari","10":"pa_yazar-niyazi-beki","12":"first","13":"instock","14":"sale","15":"shipping-taxable","16":"purchasable","17":"product-type-simple"},"_links":{"self":[{"href":"https:\/\/roveyayinevi.com.tr\/index.php\/wp-json\/wp\/v2\/product\/694299","targetHints":{"allow":["GET"]}}],"collection":[{"href":"https:\/\/roveyayinevi.com.tr\/index.php\/wp-json\/wp\/v2\/product"}],"about":[{"href":"https:\/\/roveyayinevi.com.tr\/index.php\/wp-json\/wp\/v2\/types\/product"}],"wp:attachment":[{"href":"https:\/\/roveyayinevi.com.tr\/index.php\/wp-json\/wp\/v2\/media?parent=694299"}],"wp:term":[{"taxonomy":"product_brand","embeddable":true,"href":"https:\/\/roveyayinevi.com.tr\/index.php\/wp-json\/wp\/v2\/product_brand?post=694299"},{"taxonomy":"product_cat","embeddable":true,"href":"https:\/\/roveyayinevi.com.tr\/index.php\/wp-json\/wp\/v2\/product_cat?post=694299"},{"taxonomy":"product_tag","embeddable":true,"href":"https:\/\/roveyayinevi.com.tr\/index.php\/wp-json\/wp\/v2\/product_tag?post=694299"}],"curies":[{"name":"wp","href":"https:\/\/api.w.org\/{rel}","templated":true}]}}