{"id":694295,"date":"2025-08-27T14:20:30","date_gmt":"2025-08-27T11:20:30","guid":{"rendered":"https:\/\/roveyayinevi.com.tr\/index.php\/urun\/torun-sevme-rehberi\/"},"modified":"2026-04-16T02:04:29","modified_gmt":"2026-04-15T23:04:29","slug":"torun-sevme-rehberi","status":"publish","type":"product","link":"https:\/\/roveyayinevi.com.tr\/index.php\/urun\/torun-sevme-rehberi\/","title":{"rendered":"Torun Sevme Rehberi"},"content":{"rendered":"<p>Bu kitab\u0131n amac\u0131, \u00e7ocuklar\u0131n b\u00fcy\u00fck anne ve dede sevgisinden mahrum, b\u00fcy\u00fcd\u00fc\u011f\u00fc \u00e7a\u011f\u0131m\u0131zda, zay\u0131flayan aile ba\u011flar\u0131n\u0131 g\u00fc\u00e7lendirmek ve geni\u015f aile k\u00fclt\u00fcr\u00fcne katk\u0131da bulunmakt\u0131r. <\/p>\n","protected":false},"excerpt":{"rendered":"<p>Bu kitab\u0131n amac\u0131, \u00e7ocuklar\u0131n b\u00fcy\u00fck anne ve dede sevgisinden mahrum, b\u00fcy\u00fcd\u00fc\u011f\u00fc \u00e7a\u011f\u0131m\u0131zda, zay\u0131flayan aile ba\u011flar\u0131n\u0131 g\u00fc\u00e7lendirmek ve geni\u015f aile k\u00fclt\u00fcr\u00fcne katk\u0131da bulunmakt\u0131r.<\/p>\n","protected":false},"featured_media":0,"template":"","meta":{"_monsterinsights_skip_tracking":false,"_monsterinsights_sitenote_active":false,"_monsterinsights_sitenote_note":"","_monsterinsights_sitenote_category":0},"product_brand":[],"product_cat":[17996,12364],"product_tag":[],"class_list":{"0":"post-694295","1":"product","2":"type-product","3":"status-publish","5":"product_cat-ebeveyn-kitaplari","6":"product_cat-genel-konular","7":"pa_tur-kitap","8":"pa_yayinevi-zafer-yayinlari","9":"pa_yazar-ali-cankirili","11":"first","12":"instock","13":"sale","14":"shipping-taxable","15":"purchasable","16":"product-type-simple"},"_links":{"self":[{"href":"https:\/\/roveyayinevi.com.tr\/index.php\/wp-json\/wp\/v2\/product\/694295","targetHints":{"allow":["GET"]}}],"collection":[{"href":"https:\/\/roveyayinevi.com.tr\/index.php\/wp-json\/wp\/v2\/product"}],"about":[{"href":"https:\/\/roveyayinevi.com.tr\/index.php\/wp-json\/wp\/v2\/types\/product"}],"wp:attachment":[{"href":"https:\/\/roveyayinevi.com.tr\/index.php\/wp-json\/wp\/v2\/media?parent=694295"}],"wp:term":[{"taxonomy":"product_brand","embeddable":true,"href":"https:\/\/roveyayinevi.com.tr\/index.php\/wp-json\/wp\/v2\/product_brand?post=694295"},{"taxonomy":"product_cat","embeddable":true,"href":"https:\/\/roveyayinevi.com.tr\/index.php\/wp-json\/wp\/v2\/product_cat?post=694295"},{"taxonomy":"product_tag","embeddable":true,"href":"https:\/\/roveyayinevi.com.tr\/index.php\/wp-json\/wp\/v2\/product_tag?post=694295"}],"curies":[{"name":"wp","href":"https:\/\/api.w.org\/{rel}","templated":true}]}}