{"id":694291,"date":"2025-08-27T14:20:29","date_gmt":"2025-08-27T11:20:29","guid":{"rendered":"https:\/\/roveyayinevi.com.tr\/index.php\/urun\/okul-ailede-baslar\/"},"modified":"2026-04-16T02:04:29","modified_gmt":"2026-04-15T23:04:29","slug":"okul-ailede-baslar","status":"publish","type":"product","link":"https:\/\/roveyayinevi.com.tr\/index.php\/urun\/okul-ailede-baslar\/","title":{"rendered":"Okul Ailede Ba\u015flar"},"content":{"rendered":"<p>\u00c7ocu\u011fun temel e\u011fitim kurumu ailedir. Yeni anlay\u0131\u015fa g\u00f6re \u00e7ocu\u011fun e\u011fitimi ana rahminde ba\u015flar, do\u011fumdan sonra devam eder. Ki\u015fili\u011fi, alt\u0131 ya\u015f\u0131na kadar, aileden ald\u0131\u011f\u0131 e\u011fitimin kalitesine ve \u015fekline uygun olarak y\u00fczde seksene yak\u0131n tamamlanm\u0131\u015f olur. Bir \u00e7ocuk okula ba\u015flad\u0131\u011f\u0131nda ya g\u00fcvenli veya g\u00fcvensiz, ya ba\u011f\u0131ml\u0131 veya ba\u011f\u0131ms\u0131z, ya sorumlu veya sorumsuz bir ki\u015filik kazanm\u0131\u015f olacakt\u0131r. Ailede eksik kalan ve yanl\u0131\u015f verilen e\u011fitimin okulda d\u00fczeltilmesi \u00e7ok zordur. Onun i\u00e7in diyoruz ki: Okul ailede ba\u015flar. Bir \u00e7ocuk 6 ya\u015f\u0131na gelip okula ba\u015flad\u0131\u011f\u0131nda, okula uyum sa\u011flayabilmesi, okulun kurallar\u0131na uyabilmesi, ders dinleme ve \u00f6dev yapma sorumlulu\u011funu yerine getirebilmesi i\u00e7in baz\u0131 temel davran\u0131\u015flar\u0131, becerileri ve ki\u015filik \u00f6zelliklerini kazanm\u0131\u015f olmas\u0131 gerekir. Bu da ancak anne baba olma sorumlulu\u011fu ve bilinci ta\u015f\u0131yan ideal bir aile ortam\u0131nda ger\u00e7ekle\u015febilir. Bu kitab\u0131n amac\u0131 anne babalara \u00e7ocuklar\u0131n\u0131 hayata ve okula haz\u0131rlamada yard\u0131mc\u0131 olmakt\u0131r. \u00c7ocuk e\u011fitiminde s\u0131kl\u0131kla ihtiya\u00e7 duyulan temel konular\u0131 i\u015flemeye \u00e7al\u0131\u015ft\u0131k. A\u015fa\u011f\u0131da s\u0131ralad\u0131\u011f\u0131m\u0131z baz\u0131 ba\u015fl\u0131klar kitap hakk\u0131nda bir bilgi verir san\u0131r\u0131z. \u00c7ocuk E\u011fitiminde Kre\u015f ve Ana Okulu \u00c7al\u0131\u015fan Annenin Sorunlar\u0131 Bo\u015fanan E\u015flerde \u00c7ocuk Sorunu \u00c7ocuk Neden Kendi Yata\u011f\u0131nda Uyumak \u0130stemez? \u00c7ocuk E\u011fitiminde Disiplin \u00c7ocuk Neden Ders \u00c7al\u0131\u015fmak \u0130stemez? \u00c7ocuk ve Oyun \u00c7ocuk ve Televizyon \u00c7ocuk ve Kahraman Okul Korkusu <\/p>\n","protected":false},"excerpt":{"rendered":"<p>\u00c7ocu\u011fun temel e\u011fitim kurumu ailedir. Yeni anlay\u0131\u015fa g\u00f6re \u00e7ocu\u011fun e\u011fitimi ana rahminde ba\u015flar, do\u011fumdan sonra devam eder. Ki\u015fili\u011fi, alt\u0131 ya\u015f\u0131na kadar, aileden ald\u0131\u011f\u0131 e\u011fitimin kalitesine ve<span class=\"excerpt-hellip\"> [\u2026]<\/span><\/p>\n","protected":false},"featured_media":0,"template":"","meta":{"_monsterinsights_skip_tracking":false,"_monsterinsights_sitenote_active":false,"_monsterinsights_sitenote_note":"","_monsterinsights_sitenote_category":0},"product_brand":[],"product_cat":[12679,12357],"product_tag":[],"class_list":{"0":"post-694291","1":"product","2":"type-product","3":"status-publish","5":"product_cat-cocuk-psikolojisi","6":"product_cat-psikoloji","7":"pa_tur-kitap","8":"pa_yayinevi-zafer-yayinlari","9":"pa_yazar-ali-cankirili","11":"first","12":"instock","13":"sale","14":"shipping-taxable","15":"purchasable","16":"product-type-simple"},"_links":{"self":[{"href":"https:\/\/roveyayinevi.com.tr\/index.php\/wp-json\/wp\/v2\/product\/694291","targetHints":{"allow":["GET"]}}],"collection":[{"href":"https:\/\/roveyayinevi.com.tr\/index.php\/wp-json\/wp\/v2\/product"}],"about":[{"href":"https:\/\/roveyayinevi.com.tr\/index.php\/wp-json\/wp\/v2\/types\/product"}],"wp:attachment":[{"href":"https:\/\/roveyayinevi.com.tr\/index.php\/wp-json\/wp\/v2\/media?parent=694291"}],"wp:term":[{"taxonomy":"product_brand","embeddable":true,"href":"https:\/\/roveyayinevi.com.tr\/index.php\/wp-json\/wp\/v2\/product_brand?post=694291"},{"taxonomy":"product_cat","embeddable":true,"href":"https:\/\/roveyayinevi.com.tr\/index.php\/wp-json\/wp\/v2\/product_cat?post=694291"},{"taxonomy":"product_tag","embeddable":true,"href":"https:\/\/roveyayinevi.com.tr\/index.php\/wp-json\/wp\/v2\/product_tag?post=694291"}],"curies":[{"name":"wp","href":"https:\/\/api.w.org\/{rel}","templated":true}]}}