{"id":694282,"date":"2025-08-27T14:20:27","date_gmt":"2025-08-27T11:20:27","guid":{"rendered":"https:\/\/roveyayinevi.com.tr\/index.php\/urun\/mevzumuz-derin\/"},"modified":"2026-04-16T02:04:29","modified_gmt":"2026-04-15T23:04:29","slug":"mevzumuz-derin","status":"publish","type":"product","link":"https:\/\/roveyayinevi.com.tr\/index.php\/urun\/mevzumuz-derin\/","title":{"rendered":"Mevzumuz Derin"},"content":{"rendered":"<p>Bir gencin gelece\u011fi ve \u00fclkesinin ge\u00e7mi\u015fi nerede kesi\u015fir?S\u0131radan, hatta yok san\u0131lan hayatlar\u0131n \u00f6yk\u00fcc\u00fclerinden Ahmet B\u00fcke, ON8\u2019deki ilk gen\u00e7lik roman\u0131nda \u0130zmir\u2019den, Varyant\u2019\u0131n tepelerinden bir gencin sesini ta\u015f\u0131yor. B\u00fcke\u2019nin yak\u0131n d\u00f6nemde ON8 Blog\u2019daki tefrikas\u0131yla hayat verdi\u011fi Bedo, art\u0131k bir roman\u0131n ba\u015fkahraman\u0131. Bir yanda susturulmaya, zay\u0131f d\u00fc\u015f\u00fcr\u00fclmeye, yok edilmeye \u00e7al\u0131\u015f\u0131lm\u0131\u015f nesiller; di\u011fer yanda bu nesillerin kapanmam\u0131\u015f yaralar\u0131n\u0131n izinde ve kendi var olu\u015f m\u00fccadeleleri i\u00e7inde yar\u0131nlar\u0131na bir y\u00f6n \u00e7izmeye \u00e7al\u0131\u015fan Bedo gibi gen\u00e7ler\u2026 \u00c7ocuk ve Gen\u00e7lik Yay\u0131nc\u0131lar\u0131 Derne\u011fi (\u00c7GYD) 2013 Y\u0131l\u0131n Gen\u00e7lik Roman\u0131 \u00d6d\u00fcl\u00fc\u2019ne de\u011fer g\u00f6r\u00fclen kitap, hem gen\u00e7ler hem de yeti\u015fkin okurlar taraf\u0131ndan be\u011feniyle okunuyor. \u0130nsan Kendine De \u0130yi Gelir adl\u0131 \u00f6yk\u00fc kitab\u0131 da \u00e7ok sevilen yazar\u0131n yeni \u00f6yk\u00fcleri her pazartesi ON8 Blog\u2019da yay\u0131nlanmaya devam ediyor.Bedo, dedesi ve annesiyle \u0130zmir\u2019de ya\u015fayan, \u00fcniversite s\u0131navlar\u0131na haz\u0131rlanmak i\u00e7in dershaneye giden bir gen\u00e7tir. Bedo\u2019nun cep telefonuna gizemli SMS\u2019ler gelmeye ba\u015flar ve dershanenin \u00e7e\u015fitli noktalar\u0131na birisi onun i\u00e7in kitaplar b\u0131rak\u0131r. Bedo ve yak\u0131n arkada\u015f\u0131 \u201c\u00e7ingene\u201d Barbo bu gizemi \u00e7\u00f6zmeye \u00e7al\u0131\u015f\u0131r. Bedo, k\u00fc\u00e7\u00fckken kaybetti\u011fi babas\u0131n\u0131n yoklu\u011funu yo\u011fun bir \u015fekilde hisseder. Bazen sinir krizleri ge\u00e7iren, yak\u0131n bir ili\u015fki kurmay\u0131 ba\u015faramad\u0131\u011f\u0131 annesi ve a\u011fz\u0131ndan laf al\u0131nmas\u0131 zor dedesinin, babas\u0131yla ilgili s\u00f6ylediklerini kafas\u0131nda evirip \u00e7evirir. Gen\u00e7li\u011fin zor yollar\u0131nda y\u00fcr\u00fcyen Bedo, hem \u00fclkesinin hem kendi aile ge\u00e7mi\u015finin karanl\u0131k s\u0131rlar\u0131yla burun buruna gelir.<\/p>\n","protected":false},"excerpt":{"rendered":"<p>Bir gencin gelece\u011fi ve \u00fclkesinin ge\u00e7mi\u015fi nerede kesi\u015fir?S\u0131radan, hatta yok san\u0131lan hayatlar\u0131n \u00f6yk\u00fcc\u00fclerinden Ahmet B\u00fcke, ON8\u2019deki ilk gen\u00e7lik roman\u0131nda \u0130zmir\u2019den, Varyant\u2019\u0131n tepelerinden bir gencin sesini ta\u015f\u0131yor.<span class=\"excerpt-hellip\"> [\u2026]<\/span><\/p>\n","protected":false},"featured_media":0,"template":"","meta":{"_monsterinsights_skip_tracking":false,"_monsterinsights_sitenote_active":false,"_monsterinsights_sitenote_note":"","_monsterinsights_sitenote_category":0},"product_brand":[],"product_cat":[12291,12711],"product_tag":[],"class_list":{"0":"post-694282","1":"product","2":"type-product","3":"status-publish","5":"product_cat-edebiyat","6":"product_cat-roman-oyku","7":"pa_cilt-ciltsiz","8":"pa_tur-kitap","9":"pa_yayinevi-on8-kitap","10":"pa_yazar-ahmet-buke","12":"first","13":"instock","14":"sale","15":"shipping-taxable","16":"purchasable","17":"product-type-simple"},"_links":{"self":[{"href":"https:\/\/roveyayinevi.com.tr\/index.php\/wp-json\/wp\/v2\/product\/694282","targetHints":{"allow":["GET"]}}],"collection":[{"href":"https:\/\/roveyayinevi.com.tr\/index.php\/wp-json\/wp\/v2\/product"}],"about":[{"href":"https:\/\/roveyayinevi.com.tr\/index.php\/wp-json\/wp\/v2\/types\/product"}],"wp:attachment":[{"href":"https:\/\/roveyayinevi.com.tr\/index.php\/wp-json\/wp\/v2\/media?parent=694282"}],"wp:term":[{"taxonomy":"product_brand","embeddable":true,"href":"https:\/\/roveyayinevi.com.tr\/index.php\/wp-json\/wp\/v2\/product_brand?post=694282"},{"taxonomy":"product_cat","embeddable":true,"href":"https:\/\/roveyayinevi.com.tr\/index.php\/wp-json\/wp\/v2\/product_cat?post=694282"},{"taxonomy":"product_tag","embeddable":true,"href":"https:\/\/roveyayinevi.com.tr\/index.php\/wp-json\/wp\/v2\/product_tag?post=694282"}],"curies":[{"name":"wp","href":"https:\/\/api.w.org\/{rel}","templated":true}]}}