{"id":694279,"date":"2025-08-27T14:20:27","date_gmt":"2025-08-27T11:20:27","guid":{"rendered":"https:\/\/roveyayinevi.com.tr\/index.php\/urun\/cogito-sayi-36-adorno-kitle-melankoli-felsefe\/"},"modified":"2026-04-16T02:04:29","modified_gmt":"2026-04-15T23:04:29","slug":"cogito-sayi-36-adorno-kitle-melankoli-felsefe","status":"publish","type":"product","link":"https:\/\/roveyayinevi.com.tr\/index.php\/urun\/cogito-sayi-36-adorno-kitle-melankoli-felsefe\/","title":{"rendered":"Cogito Say\u0131: 36 Adorno: Kitle, Melankoli, Felsefe"},"content":{"rendered":"<p>Adorno: Kitle, Melankoli, FelsefeBesim F. Dellalo\u011flu: Bir Giri\u015f &#8211; Adorno Y\u00fcz Ya\u015f\u0131nda\u00d6mer Naci Soykan-Ferda Keskin-Besim F. Dellalo\u011flu: Adorno ve Yap\u0131t\u0131Leo L\u00f6wenthal: Theodor Adorno&#8217;yla An\u0131lar\u0131mTheodor W. Adorno: K\u00fclt\u00fcr End\u00fcstrisini Yeniden D\u00fc\u015f\u00fcn\u00fcrkenJ\u00fcrgen Habermas: Mitle Ayd\u0131nlanman\u0131n K\u00f6rd\u00fc\u011f\u00fcm\u00fc: Max Horkheimer ve Theodor AdornoJean-Fran\u00e7ois Lyotard: \u015eeytan AdornoTeo Gr\u00fcnberg-David Gr\u00fcnberg: Toplum Bilimleri Y\u00f6nteminde Pozitivizm &#8211; Adorno Popper Tart\u0131\u015fmas\u0131Samuel Weber: \u201cAllemal ist nicht Immergleich\u201d &#8211; Ele\u015ftirel Kuram ve OkumaDavid Kaufmann: Adorno ve Tanr\u0131&#8217;n\u0131n Ad\u0131Theodor W. Adorno: Neden H\u00e2l\u00e2 FelsefeJ.M. Bernstein: G\u00f6r\u00fcn\u00fc\u015f\u00fc Kurtarmak Niye? Metafizik Deneyim ve Eti\u011fin Olabilirli\u011fiTheodor W. Adorno: Auschwitz Sonras\u0131nda E\u011fitimEmre Zeytino\u011flu: Theodor Adorno&#8217;nun Sanat Tan\u0131m\u0131 ve ProtestoTom Huhn: Kant, Adorno ve Esteti\u011fin Toplumsal Ge\u00e7i\u015fsizli\u011fiTheodor W. Adorno: Proust \u00dczerineRaymond Geuss: Adorno ve BergEdward W. Said: Gecikmi\u015fli\u011fin Kendisi Olarak AdornoTheodor W. Adorno: M\u00fczik ve Dil <\/p>\n","protected":false},"excerpt":{"rendered":"<p>Adorno: Kitle, Melankoli, FelsefeBesim F. Dellalo\u011flu: Bir Giri\u015f &#8211; Adorno Y\u00fcz Ya\u015f\u0131nda\u00d6mer Naci Soykan-Ferda Keskin-Besim F. Dellalo\u011flu: Adorno ve Yap\u0131t\u0131Leo L\u00f6wenthal: Theodor Adorno&#8217;yla An\u0131lar\u0131mTheodor W. Adorno:<span class=\"excerpt-hellip\"> [\u2026]<\/span><\/p>\n","protected":false},"featured_media":0,"template":"","meta":{"_monsterinsights_skip_tracking":false,"_monsterinsights_sitenote_active":false,"_monsterinsights_sitenote_note":"","_monsterinsights_sitenote_category":0},"product_brand":[],"product_cat":[12365,12364],"product_tag":[],"class_list":{"0":"post-694279","1":"product","2":"type-product","3":"status-publish","5":"product_cat-diger-genel-konular","6":"product_cat-genel-konular","7":"pa_cilt-ciltsiz","8":"pa_tur-dergi","9":"pa_yayinevi-yapi-kredi-yayinlari-dergi","10":"pa_yazar-kolektif","12":"first","13":"instock","14":"sale","15":"shipping-taxable","16":"purchasable","17":"product-type-simple"},"_links":{"self":[{"href":"https:\/\/roveyayinevi.com.tr\/index.php\/wp-json\/wp\/v2\/product\/694279","targetHints":{"allow":["GET"]}}],"collection":[{"href":"https:\/\/roveyayinevi.com.tr\/index.php\/wp-json\/wp\/v2\/product"}],"about":[{"href":"https:\/\/roveyayinevi.com.tr\/index.php\/wp-json\/wp\/v2\/types\/product"}],"wp:attachment":[{"href":"https:\/\/roveyayinevi.com.tr\/index.php\/wp-json\/wp\/v2\/media?parent=694279"}],"wp:term":[{"taxonomy":"product_brand","embeddable":true,"href":"https:\/\/roveyayinevi.com.tr\/index.php\/wp-json\/wp\/v2\/product_brand?post=694279"},{"taxonomy":"product_cat","embeddable":true,"href":"https:\/\/roveyayinevi.com.tr\/index.php\/wp-json\/wp\/v2\/product_cat?post=694279"},{"taxonomy":"product_tag","embeddable":true,"href":"https:\/\/roveyayinevi.com.tr\/index.php\/wp-json\/wp\/v2\/product_tag?post=694279"}],"curies":[{"name":"wp","href":"https:\/\/api.w.org\/{rel}","templated":true}]}}