{"id":694278,"date":"2025-08-27T14:20:26","date_gmt":"2025-08-27T11:20:26","guid":{"rendered":"https:\/\/roveyayinevi.com.tr\/index.php\/urun\/turkce-ogrenelim-1-turkce-almanca-glossar-turkisch-deutsch\/"},"modified":"2026-04-16T02:04:29","modified_gmt":"2026-04-15T23:04:29","slug":"turkce-ogrenelim-1-turkce-almanca-glossar-turkisch-deutsch","status":"publish","type":"product","link":"https:\/\/roveyayinevi.com.tr\/index.php\/urun\/turkce-ogrenelim-1-turkce-almanca-glossar-turkisch-deutsch\/","title":{"rendered":"T\u00fcrk\u00e7e \u00d6\u011frenelim 1 T\u00fcrk\u00e7e &#8211; Almanca \/ Glossar T\u00fcrkisch &#8211; Deutsch"},"content":{"rendered":"<p>T\u00fcrk\u00e7e \u00d6\u011frenelim dizisinde her kitaba ait \u00e7e\u015fitli dillerde anahtar kitaplar haz\u0131rlanm\u0131\u015ft\u0131r. Bu anahtar kitaplarda, s\u00f6zc\u00fcklerin, c\u00fcmlelerin, deyimlerin, atas\u00f6zlerinin ve dilbilgisi kurallar\u0131n\u0131n a\u00e7\u0131klamalar\u0131 yap\u0131lm\u0131\u015ft\u0131r. B\u00f6ylece anahtar kitaplar sayesinde T\u00fcrk\u00e7eyi kendi kendine \u00f6\u011frenmek isteyen kimselere b\u00fcy\u00fck bir imkan sa\u011flanm\u0131\u015ft\u0131r. T\u00fcrk\u00e7e \u00d6\u011frenelim dizisinde anahtar kitaplar \u015fu dillerde haz\u0131rlanm\u0131\u015ft\u0131r: \u0130ngilizce, Almanca, Frans\u0131zca, Azerice \u0130spanyolca, Kazak\u00e7a, Macarca, \u0130talyanca, \u00d6zbek\u00e7e, T\u00fcrkmence ve Rus\u00e7a. \ufffcTan\u0131t\u0131m Metni<\/p>\n","protected":false},"excerpt":{"rendered":"<p>T\u00fcrk\u00e7e \u00d6\u011frenelim dizisinde her kitaba ait \u00e7e\u015fitli dillerde anahtar kitaplar haz\u0131rlanm\u0131\u015ft\u0131r. Bu anahtar kitaplarda, s\u00f6zc\u00fcklerin, c\u00fcmlelerin, deyimlerin, atas\u00f6zlerinin ve dilbilgisi kurallar\u0131n\u0131n a\u00e7\u0131klamalar\u0131 yap\u0131lm\u0131\u015ft\u0131r. B\u00f6ylece anahtar kitaplar<span class=\"excerpt-hellip\"> [\u2026]<\/span><\/p>\n","protected":false},"featured_media":0,"template":"","meta":{"_monsterinsights_skip_tracking":false,"_monsterinsights_sitenote_active":false,"_monsterinsights_sitenote_note":"","_monsterinsights_sitenote_category":0},"product_brand":[],"product_cat":[12472],"product_tag":[],"class_list":{"0":"post-694278","1":"product","2":"type-product","3":"status-publish","5":"product_cat-yabanci-dilde-kitaplar","6":"pa_cilt-ciltsiz","7":"pa_tur-kitap","8":"pa_yayinevi-engin-yayinevi","9":"pa_yazar-mehmet-hengirmen","11":"first","12":"instock","13":"sale","14":"shipping-taxable","15":"purchasable","16":"product-type-simple"},"_links":{"self":[{"href":"https:\/\/roveyayinevi.com.tr\/index.php\/wp-json\/wp\/v2\/product\/694278","targetHints":{"allow":["GET"]}}],"collection":[{"href":"https:\/\/roveyayinevi.com.tr\/index.php\/wp-json\/wp\/v2\/product"}],"about":[{"href":"https:\/\/roveyayinevi.com.tr\/index.php\/wp-json\/wp\/v2\/types\/product"}],"wp:attachment":[{"href":"https:\/\/roveyayinevi.com.tr\/index.php\/wp-json\/wp\/v2\/media?parent=694278"}],"wp:term":[{"taxonomy":"product_brand","embeddable":true,"href":"https:\/\/roveyayinevi.com.tr\/index.php\/wp-json\/wp\/v2\/product_brand?post=694278"},{"taxonomy":"product_cat","embeddable":true,"href":"https:\/\/roveyayinevi.com.tr\/index.php\/wp-json\/wp\/v2\/product_cat?post=694278"},{"taxonomy":"product_tag","embeddable":true,"href":"https:\/\/roveyayinevi.com.tr\/index.php\/wp-json\/wp\/v2\/product_tag?post=694278"}],"curies":[{"name":"wp","href":"https:\/\/api.w.org\/{rel}","templated":true}]}}