{"id":694245,"date":"2025-08-27T14:20:19","date_gmt":"2025-08-27T11:20:19","guid":{"rendered":"https:\/\/roveyayinevi.com.tr\/index.php\/urun\/modernden-postmoderne-sanat\/"},"modified":"2026-01-29T02:07:38","modified_gmt":"2026-01-28T23:07:38","slug":"modernden-postmoderne-sanat","status":"publish","type":"product","link":"https:\/\/roveyayinevi.com.tr\/index.php\/urun\/modernden-postmoderne-sanat\/","title":{"rendered":"Modernden Postmoderne Sanat"},"content":{"rendered":"<p>\u201cS\u0131n\u0131rlar yok oldu, sanat\u00e7\u0131yla sepet\u00e7i birbirine kar\u0131\u015ft\u0131,\u201d \u201cbaz\u0131 k\u00fcrat\u00f6rler \u00f6znesiz \u015feyleri sanat yap\u0131t\u0131 diye sergiliyorlar\u201d, \u201csanat\u00e7\u0131 say\u0131lmak i\u00e7in art\u0131k sanat yapmak gerekmiyor\u201d, \u201cdijital imgeler ve kolayc\u0131l\u0131k ortal\u0131\u011f\u0131 sard\u0131, yetenek \u00f6nemsizle\u015fti\u201d, \u201cinsan\u00ee, sanatsal ve estetik de\u011ferler \u00e7\u00f6kt\u00fc, sanat\u0131n i\u00e7i bo\u015fald\u0131\u201d vs\u2026Bu ifadelere belki kat\u0131l\u0131yor, belki tersini d\u00fc\u015f\u00fcn\u00fcyor, belki de serinkanl\u0131l\u0131\u011f\u0131n\u0131z\u0131 koruyarak durumu anlamaya \u00e7al\u0131\u015f\u0131yorsunuz. \u0130yi sanat ile k\u00f6t\u00fc sanat aras\u0131ndaki s\u0131n\u0131rlar d\u00fcn daha m\u0131 netti? Modern sanat\u00e7\u0131lar da \u2018yarat\u0131c\u0131l\u0131k ve beceriden yoksun\u2019 damgas\u0131n\u0131 yememi\u015fler miydi? D\u00fcn \u2018sanat d\u0131\u015f\u0131\u2019 ilan edilen \u015feyler de k\u0131sa bir s\u00fcre sonra \u2018sanat cenneti\u2019ne d\u00e2hil edilmediler mi?Modern paradigma, postmodern paradigmaya nas\u0131l d\u00f6n\u00fc\u015ft\u00fc? Alg\u0131lar yava\u015f yava\u015f m\u0131, yoksa birdenbire mi de\u011fi\u015fti? Bu s\u00fcre\u00e7te \u00f6nc\u00fc sanat\u00e7\u0131lar kimlerdir? Modern ve postmodern (\u00e7a\u011fda\u015f, g\u00fcncel) kapsama giren ak\u0131m ve e\u011filimlerde \u00f6ne \u00e7\u0131kan \u00f6zellik, y\u00f6ntem, ilke ve ara\u00e7lar nelerdir? Modern ve postmodern sanatlar\u0131n d\u00fc\u015f\u00fcnsel, ekonomik ve siyasal sistemlerle ili\u015fkileri nas\u0131ld\u0131r?Bir sanat\u00e7\u0131 ve \u00f6\u011fretim \u00fcyesi olarak Mehmet Y\u0131lmaz, 19. y\u00fczy\u0131l sonlar\u0131ndan bug\u00fcne sanat\u0131n maceras\u0131n\u0131 kolay anla\u015f\u0131l\u0131r bir dille, tart\u0131\u015farak anlat\u0131yor; okuru bu tart\u0131\u015fman\u0131n i\u00e7ine \u00e7ekmeye \u00f6zen g\u00f6steriyor.Modernden Postmoderne Sanat, ba\u015fta sanat \u00f6\u011frencileri olmak \u00fczere, \u00e7a\u011fda\u015f k\u00fclt\u00fcr konular\u0131na merakl\u0131 herkes i\u00e7in \u00f6nemli bir ba\u015fvuru kitab\u0131 olma \u00f6zelli\u011fini s\u00fcrd\u00fcrmektedir. <\/p>\n","protected":false},"excerpt":{"rendered":"<p>\u201cS\u0131n\u0131rlar yok oldu, sanat\u00e7\u0131yla sepet\u00e7i birbirine kar\u0131\u015ft\u0131,\u201d \u201cbaz\u0131 k\u00fcrat\u00f6rler \u00f6znesiz \u015feyleri sanat yap\u0131t\u0131 diye sergiliyorlar\u201d, \u201csanat\u00e7\u0131 say\u0131lmak i\u00e7in art\u0131k sanat yapmak gerekmiyor\u201d, \u201cdijital imgeler ve kolayc\u0131l\u0131k<span class=\"excerpt-hellip\"> [\u2026]<\/span><\/p>\n","protected":false},"featured_media":0,"template":"","meta":{"_monsterinsights_skip_tracking":false,"_monsterinsights_sitenote_active":false,"_monsterinsights_sitenote_note":"","_monsterinsights_sitenote_category":0},"product_brand":[],"product_cat":[22066,13527],"product_tag":[],"class_list":{"0":"post-694245","1":"product","2":"type-product","3":"status-publish","5":"product_cat-sanat-sureli-yayinlar","6":"product_cat-sureli-yayinlar","7":"pa_cilt-ciltsiz","8":"pa_tur-kitap","9":"pa_yayinevi-utopya-yayinevi","10":"pa_yazar-mehmet-yilmaz","12":"first","13":"instock","14":"sale","15":"shipping-taxable","16":"purchasable","17":"product-type-simple"},"_links":{"self":[{"href":"https:\/\/roveyayinevi.com.tr\/index.php\/wp-json\/wp\/v2\/product\/694245","targetHints":{"allow":["GET"]}}],"collection":[{"href":"https:\/\/roveyayinevi.com.tr\/index.php\/wp-json\/wp\/v2\/product"}],"about":[{"href":"https:\/\/roveyayinevi.com.tr\/index.php\/wp-json\/wp\/v2\/types\/product"}],"wp:attachment":[{"href":"https:\/\/roveyayinevi.com.tr\/index.php\/wp-json\/wp\/v2\/media?parent=694245"}],"wp:term":[{"taxonomy":"product_brand","embeddable":true,"href":"https:\/\/roveyayinevi.com.tr\/index.php\/wp-json\/wp\/v2\/product_brand?post=694245"},{"taxonomy":"product_cat","embeddable":true,"href":"https:\/\/roveyayinevi.com.tr\/index.php\/wp-json\/wp\/v2\/product_cat?post=694245"},{"taxonomy":"product_tag","embeddable":true,"href":"https:\/\/roveyayinevi.com.tr\/index.php\/wp-json\/wp\/v2\/product_tag?post=694245"}],"curies":[{"name":"wp","href":"https:\/\/api.w.org\/{rel}","templated":true}]}}